{"id":996,"date":"2017-01-05T16:37:15","date_gmt":"2017-01-05T15:37:15","guid":{"rendered":"https:\/\/braley-france.com\/?page_id=996"},"modified":"2017-01-05T16:51:17","modified_gmt":"2017-01-05T15:51:17","slug":"centre-de-transit-de-dechets-dangereux","status":"publish","type":"page","link":"https:\/\/braley-france.com\/index.php\/traitement-des-dechets\/centre-de-transit-de-dechets-dangereux\/","title":{"rendered":"Centre de transit de d\u00e9chets dangereux"},"content":{"rendered":"<div id=\"pl-996\"  class=\"panel-layout\" ><div id=\"pg-996-0\"  class=\"panel-grid panel-no-style\" ><div id=\"pgc-996-0-0\"  class=\"panel-grid-cell\" ><div id=\"panel-996-0-0-0\" class=\"so-panel widget widget_black-studio-tinymce widget_black_studio_tinymce panel-first-child panel-last-child\" data-index=\"0\" ><div class=\"textwidget\"><h2><strong>L\u2019entreprise Braley est habilit\u00e9e \u00e0 prendre en charge les d\u00e9chets class\u00e9s dangereux<\/strong>.<\/h2>\n<p>Si vous avez d\u2019importantes quantit\u00e9s ou des d\u00e9chets particuliers comme de l\u2019amiante, nous les acceptons sur notre site de Bozouls. Ils sont regroup\u00e9s et stock\u00e9s sur 140 m\u00b2, puis transport\u00e9s pour \u00eatre trait\u00e9s en fili\u00e8re agr\u00e9e.<\/p>\n<p>Voici une liste exhaustive des d\u00e9chets dangereux accept\u00e9s sur notre site\u00a0:<\/p>\n<ul>\n<li>Pots de peintures<\/li>\n<li>A\u00e9rosols<\/li>\n<li>Produits phytosanitaires<\/li>\n<li>Produits de laboratoire (acides\/bases\u2026)<\/li>\n<li>Emballages souill\u00e9s<\/li>\n<li>Batteries<\/li>\n<li>Filtres \u00e0 huile et gasoil<\/li>\n<li>N\u00e9ons, ampoule<\/li>\n<li>DEEE<\/li>\n<li>Amiante<\/li>\n<li>\u2026<\/li>\n<\/ul>\n<p>Nous pouvons \u00e9galement mettre \u00e0 votre disposition des contenants afin de vous aider \u00e0 les conditionner et \u00e0 les transporter.<\/p>\n<p><figure id=\"attachment_1008\" aria-describedby=\"caption-attachment-1008\" style=\"width: 300px\" class=\"wp-caption alignleft\"><img loading=\"lazy\" decoding=\"async\" class=\"wp-image-1008 size-full\" src=\"https:\/\/braley-france.com\/wp-content\/uploads\/2017\/01\/caissecrocro-1.jpg\" width=\"300\" height=\"220\" \/><figcaption id=\"caption-attachment-1008\" class=\"wp-caption-text\">Caisse croco de 60L<\/figcaption><\/figure><figure id=\"attachment_1009\" aria-describedby=\"caption-attachment-1009\" style=\"width: 300px\" class=\"wp-caption alignleft\"><img loading=\"lazy\" decoding=\"async\" class=\"wp-image-1009 size-full\" src=\"https:\/\/braley-france.com\/wp-content\/uploads\/2017\/01\/caissepalette-1.jpg\" width=\"300\" height=\"220\" \/><figcaption id=\"caption-attachment-1009\" class=\"wp-caption-text\">Caisse palette de 660L<\/figcaption><\/figure><\/p>\n<div style=\"clear: both;\">\u00a0<\/div>\n<p><strong>Pour toutes modalit\u00e9s d\u2019acceptation et conditions tarifaires, veuillez contacter le site de Bozouls au 05.65.48.68.01<\/strong><\/p>\n<\/div><\/div><\/div><div id=\"pgc-996-0-1\"  class=\"panel-grid-cell\" ><div id=\"panel-996-0-1-0\" class=\"so-panel widget widget_sow-image panel-first-child panel-last-child\" data-index=\"1\" ><div\n\t\t\t\n\t\t\tclass=\"so-widget-sow-image so-widget-sow-image-default-dbf295114b96-996\"\n\t\t\t\n\t\t>\n<div class=\"sow-image-container\">\n\t\t<img \n\tsrc=\"https:\/\/braley-france.com\/wp-content\/uploads\/2017\/01\/dechetdangereux-1.jpg\" width=\"610\" height=\"1387\" srcset=\"https:\/\/braley-france.com\/wp-content\/uploads\/2017\/01\/dechetdangereux-1.jpg 610w, https:\/\/braley-france.com\/wp-content\/uploads\/2017\/01\/dechetdangereux-1-600x1364.jpg 600w, https:\/\/braley-france.com\/wp-content\/uploads\/2017\/01\/dechetdangereux-1-132x300.jpg 132w, https:\/\/braley-france.com\/wp-content\/uploads\/2017\/01\/dechetdangereux-1-450x1024.jpg 450w\" sizes=\"(max-width: 610px) 100vw, 610px\" title=\"dechetdangereux\" alt=\"\" \t\tclass=\"so-widget-image\"\/>\n\t<\/div>\n\n<\/div><\/div><\/div><\/div><\/div>","protected":false},"excerpt":{"rendered":"<p>L\u2019entreprise Braley est habilit\u00e9e \u00e0 prendre en charge les d\u00e9chets class\u00e9s dangereux.Si vous avez d\u2019importantes quantit\u00e9s ou des d\u00e9chets particuliers comme de l\u2019amiante, nous les acceptons sur notre site de Bozouls. Ils sont regroup\u00e9s et stock\u00e9s sur 140 m\u00b2, puis transport\u00e9s pour \u00eatre trait\u00e9s en fili\u00e8re agr\u00e9e.Voici une liste exhaustive des d\u00e9chets dangereux accept\u00e9s sur &hellip;<\/p>\n","protected":false},"author":1,"featured_media":0,"parent":76,"menu_order":0,"comment_status":"closed","ping_status":"closed","template":"","meta":{"_acf_changed":false,"footnotes":""},"class_list":["post-996","page","type-page","status-publish","hentry"],"acf":[],"yoast_head":"<!-- This site is optimized with the Yoast SEO plugin v27.5 - https:\/\/yoast.com\/product\/yoast-seo-wordpress\/ -->\n<title>Centre de transit de d\u00e9chets dangereux - Braley France<\/title>\n<meta name=\"robots\" content=\"index, follow, max-snippet:-1, max-image-preview:large, max-video-preview:-1\" \/>\n<link rel=\"canonical\" href=\"https:\/\/braley-france.com\/index.php\/traitement-des-dechets\/centre-de-transit-de-dechets-dangereux\/\" \/>\n<meta property=\"og:locale\" content=\"fr_FR\" \/>\n<meta property=\"og:type\" content=\"article\" \/>\n<meta property=\"og:title\" content=\"Centre de transit de d\u00e9chets dangereux - Braley France\" \/>\n<meta property=\"og:description\" content=\"L\u2019entreprise Braley est habilit\u00e9e \u00e0 prendre en charge les d\u00e9chets class\u00e9s dangereux.Si vous avez d\u2019importantes quantit\u00e9s ou des d\u00e9chets particuliers comme de l\u2019amiante, nous les acceptons sur notre site de Bozouls. Ils sont regroup\u00e9s et stock\u00e9s sur 140 m\u00b2, puis transport\u00e9s pour \u00eatre trait\u00e9s en fili\u00e8re agr\u00e9e.Voici une liste exhaustive des d\u00e9chets dangereux accept\u00e9s sur &hellip;\" \/>\n<meta property=\"og:url\" content=\"https:\/\/braley-france.com\/index.php\/traitement-des-dechets\/centre-de-transit-de-dechets-dangereux\/\" \/>\n<meta property=\"og:site_name\" content=\"Braley France\" \/>\n<meta property=\"article:modified_time\" content=\"2017-01-05T15:51:17+00:00\" \/>\n<meta property=\"og:image\" content=\"https:\/\/braley-france.com\/wp-content\/uploads\/2017\/01\/caissecrocro-1.jpg\" \/>\n<meta name=\"twitter:card\" content=\"summary_large_image\" \/>\n<meta name=\"twitter:label1\" content=\"Dur\u00e9e de lecture estim\u00e9e\" \/>\n\t<meta name=\"twitter:data1\" content=\"1 minute\" \/>\n<script type=\"application\/ld+json\" class=\"yoast-schema-graph\">{\"@context\":\"https:\\\/\\\/schema.org\",\"@graph\":[{\"@type\":\"WebPage\",\"@id\":\"https:\\\/\\\/braley-france.com\\\/index.php\\\/traitement-des-dechets\\\/centre-de-transit-de-dechets-dangereux\\\/\",\"url\":\"https:\\\/\\\/braley-france.com\\\/index.php\\\/traitement-des-dechets\\\/centre-de-transit-de-dechets-dangereux\\\/\",\"name\":\"Centre de transit de d\u00e9chets dangereux - Braley France\",\"isPartOf\":{\"@id\":\"https:\\\/\\\/braley-france.com\\\/#website\"},\"primaryImageOfPage\":{\"@id\":\"https:\\\/\\\/braley-france.com\\\/index.php\\\/traitement-des-dechets\\\/centre-de-transit-de-dechets-dangereux\\\/#primaryimage\"},\"image\":{\"@id\":\"https:\\\/\\\/braley-france.com\\\/index.php\\\/traitement-des-dechets\\\/centre-de-transit-de-dechets-dangereux\\\/#primaryimage\"},\"thumbnailUrl\":\"https:\\\/\\\/braley-france.com\\\/wp-content\\\/uploads\\\/2017\\\/01\\\/caissecrocro-1.jpg\",\"datePublished\":\"2017-01-05T15:37:15+00:00\",\"dateModified\":\"2017-01-05T15:51:17+00:00\",\"breadcrumb\":{\"@id\":\"https:\\\/\\\/braley-france.com\\\/index.php\\\/traitement-des-dechets\\\/centre-de-transit-de-dechets-dangereux\\\/#breadcrumb\"},\"inLanguage\":\"fr-FR\",\"potentialAction\":[{\"@type\":\"ReadAction\",\"target\":[\"https:\\\/\\\/braley-france.com\\\/index.php\\\/traitement-des-dechets\\\/centre-de-transit-de-dechets-dangereux\\\/\"]}]},{\"@type\":\"ImageObject\",\"inLanguage\":\"fr-FR\",\"@id\":\"https:\\\/\\\/braley-france.com\\\/index.php\\\/traitement-des-dechets\\\/centre-de-transit-de-dechets-dangereux\\\/#primaryimage\",\"url\":\"https:\\\/\\\/braley-france.com\\\/wp-content\\\/uploads\\\/2017\\\/01\\\/caissecrocro-1.jpg\",\"contentUrl\":\"https:\\\/\\\/braley-france.com\\\/wp-content\\\/uploads\\\/2017\\\/01\\\/caissecrocro-1.jpg\",\"width\":300,\"height\":220},{\"@type\":\"BreadcrumbList\",\"@id\":\"https:\\\/\\\/braley-france.com\\\/index.php\\\/traitement-des-dechets\\\/centre-de-transit-de-dechets-dangereux\\\/#breadcrumb\",\"itemListElement\":[{\"@type\":\"ListItem\",\"position\":1,\"name\":\"Accueil\",\"item\":\"https:\\\/\\\/braley-france.com\\\/\"},{\"@type\":\"ListItem\",\"position\":2,\"name\":\"Traitement des d\u00e9chets\",\"item\":\"https:\\\/\\\/braley-france.com\\\/index.php\\\/traitement-des-dechets\\\/\"},{\"@type\":\"ListItem\",\"position\":3,\"name\":\"Centre de transit de d\u00e9chets dangereux\"}]},{\"@type\":\"WebSite\",\"@id\":\"https:\\\/\\\/braley-france.com\\\/#website\",\"url\":\"https:\\\/\\\/braley-france.com\\\/\",\"name\":\"Braley France\",\"description\":\"Environnement - Energies\",\"potentialAction\":[{\"@type\":\"SearchAction\",\"target\":{\"@type\":\"EntryPoint\",\"urlTemplate\":\"https:\\\/\\\/braley-france.com\\\/?s={search_term_string}\"},\"query-input\":{\"@type\":\"PropertyValueSpecification\",\"valueRequired\":true,\"valueName\":\"search_term_string\"}}],\"inLanguage\":\"fr-FR\"}]}<\/script>\n<!-- \/ Yoast SEO plugin. -->","yoast_head_json":{"title":"Centre de transit de d\u00e9chets dangereux - Braley France","robots":{"index":"index","follow":"follow","max-snippet":"max-snippet:-1","max-image-preview":"max-image-preview:large","max-video-preview":"max-video-preview:-1"},"canonical":"https:\/\/braley-france.com\/index.php\/traitement-des-dechets\/centre-de-transit-de-dechets-dangereux\/","og_locale":"fr_FR","og_type":"article","og_title":"Centre de transit de d\u00e9chets dangereux - Braley France","og_description":"L\u2019entreprise Braley est habilit\u00e9e \u00e0 prendre en charge les d\u00e9chets class\u00e9s dangereux.Si vous avez d\u2019importantes quantit\u00e9s ou des d\u00e9chets particuliers comme de l\u2019amiante, nous les acceptons sur notre site de Bozouls. Ils sont regroup\u00e9s et stock\u00e9s sur 140 m\u00b2, puis transport\u00e9s pour \u00eatre trait\u00e9s en fili\u00e8re agr\u00e9e.Voici une liste exhaustive des d\u00e9chets dangereux accept\u00e9s sur &hellip;","og_url":"https:\/\/braley-france.com\/index.php\/traitement-des-dechets\/centre-de-transit-de-dechets-dangereux\/","og_site_name":"Braley France","article_modified_time":"2017-01-05T15:51:17+00:00","og_image":[{"url":"https:\/\/braley-france.com\/wp-content\/uploads\/2017\/01\/caissecrocro-1.jpg","type":"","width":"","height":""}],"twitter_card":"summary_large_image","twitter_misc":{"Dur\u00e9e de lecture estim\u00e9e":"1 minute"},"schema":{"@context":"https:\/\/schema.org","@graph":[{"@type":"WebPage","@id":"https:\/\/braley-france.com\/index.php\/traitement-des-dechets\/centre-de-transit-de-dechets-dangereux\/","url":"https:\/\/braley-france.com\/index.php\/traitement-des-dechets\/centre-de-transit-de-dechets-dangereux\/","name":"Centre de transit de d\u00e9chets dangereux - Braley France","isPartOf":{"@id":"https:\/\/braley-france.com\/#website"},"primaryImageOfPage":{"@id":"https:\/\/braley-france.com\/index.php\/traitement-des-dechets\/centre-de-transit-de-dechets-dangereux\/#primaryimage"},"image":{"@id":"https:\/\/braley-france.com\/index.php\/traitement-des-dechets\/centre-de-transit-de-dechets-dangereux\/#primaryimage"},"thumbnailUrl":"https:\/\/braley-france.com\/wp-content\/uploads\/2017\/01\/caissecrocro-1.jpg","datePublished":"2017-01-05T15:37:15+00:00","dateModified":"2017-01-05T15:51:17+00:00","breadcrumb":{"@id":"https:\/\/braley-france.com\/index.php\/traitement-des-dechets\/centre-de-transit-de-dechets-dangereux\/#breadcrumb"},"inLanguage":"fr-FR","potentialAction":[{"@type":"ReadAction","target":["https:\/\/braley-france.com\/index.php\/traitement-des-dechets\/centre-de-transit-de-dechets-dangereux\/"]}]},{"@type":"ImageObject","inLanguage":"fr-FR","@id":"https:\/\/braley-france.com\/index.php\/traitement-des-dechets\/centre-de-transit-de-dechets-dangereux\/#primaryimage","url":"https:\/\/braley-france.com\/wp-content\/uploads\/2017\/01\/caissecrocro-1.jpg","contentUrl":"https:\/\/braley-france.com\/wp-content\/uploads\/2017\/01\/caissecrocro-1.jpg","width":300,"height":220},{"@type":"BreadcrumbList","@id":"https:\/\/braley-france.com\/index.php\/traitement-des-dechets\/centre-de-transit-de-dechets-dangereux\/#breadcrumb","itemListElement":[{"@type":"ListItem","position":1,"name":"Accueil","item":"https:\/\/braley-france.com\/"},{"@type":"ListItem","position":2,"name":"Traitement des d\u00e9chets","item":"https:\/\/braley-france.com\/index.php\/traitement-des-dechets\/"},{"@type":"ListItem","position":3,"name":"Centre de transit de d\u00e9chets dangereux"}]},{"@type":"WebSite","@id":"https:\/\/braley-france.com\/#website","url":"https:\/\/braley-france.com\/","name":"Braley France","description":"Environnement - Energies","potentialAction":[{"@type":"SearchAction","target":{"@type":"EntryPoint","urlTemplate":"https:\/\/braley-france.com\/?s={search_term_string}"},"query-input":{"@type":"PropertyValueSpecification","valueRequired":true,"valueName":"search_term_string"}}],"inLanguage":"fr-FR"}]}},"_links":{"self":[{"href":"https:\/\/braley-france.com\/index.php\/wp-json\/wp\/v2\/pages\/996","targetHints":{"allow":["GET"]}}],"collection":[{"href":"https:\/\/braley-france.com\/index.php\/wp-json\/wp\/v2\/pages"}],"about":[{"href":"https:\/\/braley-france.com\/index.php\/wp-json\/wp\/v2\/types\/page"}],"author":[{"embeddable":true,"href":"https:\/\/braley-france.com\/index.php\/wp-json\/wp\/v2\/users\/1"}],"replies":[{"embeddable":true,"href":"https:\/\/braley-france.com\/index.php\/wp-json\/wp\/v2\/comments?post=996"}],"version-history":[{"count":12,"href":"https:\/\/braley-france.com\/index.php\/wp-json\/wp\/v2\/pages\/996\/revisions"}],"predecessor-version":[{"id":1015,"href":"https:\/\/braley-france.com\/index.php\/wp-json\/wp\/v2\/pages\/996\/revisions\/1015"}],"up":[{"embeddable":true,"href":"https:\/\/braley-france.com\/index.php\/wp-json\/wp\/v2\/pages\/76"}],"wp:attachment":[{"href":"https:\/\/braley-france.com\/index.php\/wp-json\/wp\/v2\/media?parent=996"}],"curies":[{"name":"wp","href":"https:\/\/api.w.org\/{rel}","templated":true}]}}