{"id":97,"date":"2015-04-23T12:33:55","date_gmt":"2015-04-23T12:33:55","guid":{"rendered":"http:\/\/xml-io.proteusthemes.com\/cargopress\/?page_id=97"},"modified":"2016-11-08T16:48:07","modified_gmt":"2016-11-08T15:48:07","slug":"dechets-bois","status":"publish","type":"page","link":"https:\/\/braley-france.com\/index.php\/traitement-des-dechets\/dechets-bois\/","title":{"rendered":"D\u00e9chets bois"},"content":{"rendered":"<div id=\"pl-97\"  class=\"panel-layout\" ><div id=\"pg-97-0\"  class=\"panel-grid panel-no-style\" ><div id=\"pgc-97-0-0\"  class=\"panel-grid-cell\" ><div id=\"panel-97-0-0-0\" class=\"so-panel widget widget_sow-slider panel-first-child panel-last-child\" data-index=\"0\" ><div\n\t\t\t\n\t\t\tclass=\"so-widget-sow-slider so-widget-sow-slider-default-6d39609536fd-97\"\n\t\t\t\n\t\t>\t\t\t\t<div class=\"sow-slider-base\" style=\"display: none\" tabindex=\"0\">\n\t\t\t\t\t<ul\n\t\t\t\t\tclass=\"sow-slider-images\"\n\t\t\t\t\tdata-settings=\"{&quot;pagination&quot;:true,&quot;speed&quot;:800,&quot;timeout&quot;:8000,&quot;paused&quot;:false,&quot;pause_on_hover&quot;:false,&quot;swipe&quot;:true,&quot;nav_always_show_desktop&quot;:&quot;&quot;,&quot;nav_always_show_mobile&quot;:&quot;&quot;,&quot;breakpoint&quot;:&quot;780px&quot;,&quot;unmute&quot;:false,&quot;anchor&quot;:null}\"\n\t\t\t\t\t\t\t\t\t\tdata-anchor-id=\"\"\n\t\t\t\t>\t\t<li class=\"sow-slider-image\" style=\"visibility: visible;\" >\n\t\t\t\t\t\t<img loading=\"lazy\" decoding=\"async\" width=\"1000\" height=\"368\" src=\"https:\/\/braley-france.com\/wp-content\/uploads\/2015\/04\/dechet-3.jpg\" class=\"sow-slider-background-image\" alt=\"\" style=\"\" srcset=\"https:\/\/braley-france.com\/wp-content\/uploads\/2015\/04\/dechet-3.jpg 1000w, https:\/\/braley-france.com\/wp-content\/uploads\/2015\/04\/dechet-3-600x221.jpg 600w, https:\/\/braley-france.com\/wp-content\/uploads\/2015\/04\/dechet-3-300x110.jpg 300w, https:\/\/braley-france.com\/wp-content\/uploads\/2015\/04\/dechet-3-768x283.jpg 768w\" sizes=\"auto, (max-width: 1000px) 100vw, 1000px\" \/>\t\t<\/li>\n\t\t\t\t<li class=\"sow-slider-image\" style=\"visibility: hidden;\" >\n\t\t\t\t\t\t<img loading=\"lazy\" decoding=\"async\" width=\"1000\" height=\"368\" src=\"https:\/\/braley-france.com\/wp-content\/uploads\/2015\/04\/dechet-2.jpg\" class=\"sow-slider-background-image\" alt=\"\" style=\"\" srcset=\"https:\/\/braley-france.com\/wp-content\/uploads\/2015\/04\/dechet-2.jpg 1000w, https:\/\/braley-france.com\/wp-content\/uploads\/2015\/04\/dechet-2-600x221.jpg 600w, https:\/\/braley-france.com\/wp-content\/uploads\/2015\/04\/dechet-2-300x110.jpg 300w, https:\/\/braley-france.com\/wp-content\/uploads\/2015\/04\/dechet-2-768x283.jpg 768w\" sizes=\"auto, (max-width: 1000px) 100vw, 1000px\" \/>\t\t<\/li>\n\t\t\t\t<li class=\"sow-slider-image\" style=\"visibility: hidden;\" >\n\t\t\t\t\t\t<img loading=\"lazy\" decoding=\"async\" width=\"1000\" height=\"368\" src=\"https:\/\/braley-france.com\/wp-content\/uploads\/2015\/04\/dechet-1.jpg\" class=\"sow-slider-background-image\" alt=\"\" style=\"\" srcset=\"https:\/\/braley-france.com\/wp-content\/uploads\/2015\/04\/dechet-1.jpg 1000w, https:\/\/braley-france.com\/wp-content\/uploads\/2015\/04\/dechet-1-600x221.jpg 600w, https:\/\/braley-france.com\/wp-content\/uploads\/2015\/04\/dechet-1-300x110.jpg 300w, https:\/\/braley-france.com\/wp-content\/uploads\/2015\/04\/dechet-1-768x283.jpg 768w\" sizes=\"auto, (max-width: 1000px) 100vw, 1000px\" \/>\t\t<\/li>\n\t\t<\/ul>\t\t\t\t<ol class=\"sow-slider-pagination\">\n\t\t\t\t\t\t\t\t\t\t\t<li><a href=\"#\" data-goto=\"0\" aria-label=\"Display slide 1\"><\/a><\/li>\n\t\t\t\t\t\t\t\t\t\t\t<li><a href=\"#\" data-goto=\"1\" aria-label=\"Display slide 2\"><\/a><\/li>\n\t\t\t\t\t\t\t\t\t\t\t<li><a href=\"#\" data-goto=\"2\" aria-label=\"Display slide 3\"><\/a><\/li>\n\t\t\t\t\t\t\t\t\t<\/ol>\n\n\t\t\t\t<div class=\"sow-slide-nav sow-slide-nav-next\">\n\t\t\t\t\t<a href=\"#\" data-goto=\"next\" aria-label=\"Next slide\" data-action=\"next\">\n\t\t\t\t\t\t<em class=\"sow-sld-icon-thin-right\"><\/em>\n\t\t\t\t\t<\/a>\n\t\t\t\t<\/div>\n\n\t\t\t\t<div class=\"sow-slide-nav sow-slide-nav-prev\">\n\t\t\t\t\t<a href=\"#\" data-goto=\"previous\" aria-label=\"Previous slide\" data-action=\"prev\">\n\t\t\t\t\t\t<em class=\"sow-sld-icon-thin-left\"><\/em>\n\t\t\t\t\t<\/a>\n\t\t\t\t<\/div>\n\t\t\t\t<\/div><\/div><\/div><\/div><\/div><div id=\"pg-97-1\"  class=\"panel-grid panel-no-style\" ><div id=\"pgc-97-1-0\"  class=\"panel-grid-cell\" ><div id=\"panel-97-1-0-0\" class=\"so-panel widget widget_black-studio-tinymce widget_black_studio_tinymce panel-first-child panel-last-child\" data-index=\"1\" ><div class=\"textwidget\"><p>Les d\u00e9chets bois sont broy\u00e9s en fonction de votre demande suivant la granulom\u00e9trie souhait\u00e9e.<\/p>\n<p><strong>L\u2019entreprise Braley dispose de deux broyeurs lents (d\u00e9fibreur) de forte capacit\u00e9 capables d\u2019avaler des troncs entiers ou des palettes, ainsi que 2 broyeurs rapides (affineur). Chaque machine est \u00e9quip\u00e9e d\u2019un \u00e9lectro-aimant, ce qui garantit un produit fini sans m\u00e9taux ferreux,\u00a0<\/strong> ce qui permet de traiter tous les bois provenant des d\u00e9chetteries ainsi que le bois de d\u00e9molition.<\/p>\n<p>Le broyat est ensuite cribl\u00e9 \u00e0 l\u2019aide d\u2019un crible \u00e0 trois fractions afin d\u2019obtenir la granulom\u00e9trie d\u00e9sir\u00e9 et avoir un produit non poussi\u00e9reux.<\/p>\n<\/div><\/div><\/div><div id=\"pgc-97-1-1\"  class=\"panel-grid-cell\" ><div id=\"panel-97-1-1-0\" class=\"so-panel widget widget_black-studio-tinymce widget_black_studio_tinymce panel-first-child panel-last-child\" data-index=\"2\" ><div class=\"textwidget\"><p><strong>Le bois est class\u00e9 par cat\u00e9gorie :<\/strong><\/p>\n<ul>\n<li>Plaquette foresti\u00e8re<\/li>\n<li>Broyat de palettes<\/li>\n<li>Broyat de chute propre<\/li>\n<li>Broyat de d\u00e9chetterie cat\u00e9gorie B<\/li>\n<\/ul>\n<p>Le bois r\u00e9cup\u00e9r\u00e9 est destin\u00e9 aux chaufferies, fabrication de panneaux agglom\u00e9r\u00e9s, papetiers, fabrication de charbon de bois\u2026 Sur demande l\u2019entreprise se d\u00e9place pour des prestations de broyage.<\/p>\n<\/div><\/div><\/div><\/div><\/div>","protected":false},"excerpt":{"rendered":"<p>Les d\u00e9chets bois sont broy\u00e9s en fonction de votre demande suivant la granulom\u00e9trie souhait\u00e9e.<\/p>\n","protected":false},"author":1,"featured_media":714,"parent":76,"menu_order":0,"comment_status":"closed","ping_status":"open","template":"","meta":{"_acf_changed":false,"footnotes":""},"class_list":["post-97","page","type-page","status-publish","has-post-thumbnail","hentry"],"acf":[],"yoast_head":"<!-- This site is optimized with the Yoast SEO plugin v27.5 - https:\/\/yoast.com\/product\/yoast-seo-wordpress\/ -->\n<title>D\u00e9chets bois - Braley France<\/title>\n<meta name=\"robots\" content=\"index, follow, max-snippet:-1, max-image-preview:large, max-video-preview:-1\" \/>\n<link rel=\"canonical\" href=\"https:\/\/braley-france.com\/index.php\/traitement-des-dechets\/dechets-bois\/\" \/>\n<meta property=\"og:locale\" content=\"fr_FR\" \/>\n<meta property=\"og:type\" content=\"article\" \/>\n<meta property=\"og:title\" content=\"D\u00e9chets bois - Braley France\" \/>\n<meta property=\"og:description\" content=\"Les d\u00e9chets bois sont broy\u00e9s en fonction de votre demande suivant la granulom\u00e9trie souhait\u00e9e.\" \/>\n<meta property=\"og:url\" content=\"https:\/\/braley-france.com\/index.php\/traitement-des-dechets\/dechets-bois\/\" \/>\n<meta property=\"og:site_name\" content=\"Braley France\" \/>\n<meta property=\"article:modified_time\" content=\"2016-11-08T15:48:07+00:00\" \/>\n<meta property=\"og:image\" content=\"https:\/\/braley-france.com\/wp-content\/uploads\/2015\/04\/dechet-3.jpg\" \/>\n\t<meta property=\"og:image:width\" content=\"1000\" \/>\n\t<meta property=\"og:image:height\" content=\"368\" \/>\n\t<meta property=\"og:image:type\" content=\"image\/jpeg\" \/>\n<meta name=\"twitter:card\" content=\"summary_large_image\" \/>\n<meta name=\"twitter:label1\" content=\"Dur\u00e9e de lecture estim\u00e9e\" \/>\n\t<meta name=\"twitter:data1\" content=\"1 minute\" \/>\n<script type=\"application\/ld+json\" class=\"yoast-schema-graph\">{\"@context\":\"https:\\\/\\\/schema.org\",\"@graph\":[{\"@type\":\"WebPage\",\"@id\":\"https:\\\/\\\/braley-france.com\\\/index.php\\\/traitement-des-dechets\\\/dechets-bois\\\/\",\"url\":\"https:\\\/\\\/braley-france.com\\\/index.php\\\/traitement-des-dechets\\\/dechets-bois\\\/\",\"name\":\"D\u00e9chets bois - Braley France\",\"isPartOf\":{\"@id\":\"https:\\\/\\\/braley-france.com\\\/#website\"},\"primaryImageOfPage\":{\"@id\":\"https:\\\/\\\/braley-france.com\\\/index.php\\\/traitement-des-dechets\\\/dechets-bois\\\/#primaryimage\"},\"image\":{\"@id\":\"https:\\\/\\\/braley-france.com\\\/index.php\\\/traitement-des-dechets\\\/dechets-bois\\\/#primaryimage\"},\"thumbnailUrl\":\"https:\\\/\\\/braley-france.com\\\/wp-content\\\/uploads\\\/2015\\\/04\\\/dechet-3.jpg\",\"datePublished\":\"2015-04-23T12:33:55+00:00\",\"dateModified\":\"2016-11-08T15:48:07+00:00\",\"breadcrumb\":{\"@id\":\"https:\\\/\\\/braley-france.com\\\/index.php\\\/traitement-des-dechets\\\/dechets-bois\\\/#breadcrumb\"},\"inLanguage\":\"fr-FR\",\"potentialAction\":[{\"@type\":\"ReadAction\",\"target\":[\"https:\\\/\\\/braley-france.com\\\/index.php\\\/traitement-des-dechets\\\/dechets-bois\\\/\"]}]},{\"@type\":\"ImageObject\",\"inLanguage\":\"fr-FR\",\"@id\":\"https:\\\/\\\/braley-france.com\\\/index.php\\\/traitement-des-dechets\\\/dechets-bois\\\/#primaryimage\",\"url\":\"https:\\\/\\\/braley-france.com\\\/wp-content\\\/uploads\\\/2015\\\/04\\\/dechet-3.jpg\",\"contentUrl\":\"https:\\\/\\\/braley-france.com\\\/wp-content\\\/uploads\\\/2015\\\/04\\\/dechet-3.jpg\",\"width\":1000,\"height\":368},{\"@type\":\"BreadcrumbList\",\"@id\":\"https:\\\/\\\/braley-france.com\\\/index.php\\\/traitement-des-dechets\\\/dechets-bois\\\/#breadcrumb\",\"itemListElement\":[{\"@type\":\"ListItem\",\"position\":1,\"name\":\"Accueil\",\"item\":\"https:\\\/\\\/braley-france.com\\\/\"},{\"@type\":\"ListItem\",\"position\":2,\"name\":\"Traitement des d\u00e9chets\",\"item\":\"https:\\\/\\\/braley-france.com\\\/index.php\\\/traitement-des-dechets\\\/\"},{\"@type\":\"ListItem\",\"position\":3,\"name\":\"D\u00e9chets bois\"}]},{\"@type\":\"WebSite\",\"@id\":\"https:\\\/\\\/braley-france.com\\\/#website\",\"url\":\"https:\\\/\\\/braley-france.com\\\/\",\"name\":\"Braley France\",\"description\":\"Environnement - Energies\",\"potentialAction\":[{\"@type\":\"SearchAction\",\"target\":{\"@type\":\"EntryPoint\",\"urlTemplate\":\"https:\\\/\\\/braley-france.com\\\/?s={search_term_string}\"},\"query-input\":{\"@type\":\"PropertyValueSpecification\",\"valueRequired\":true,\"valueName\":\"search_term_string\"}}],\"inLanguage\":\"fr-FR\"}]}<\/script>\n<!-- \/ Yoast SEO plugin. -->","yoast_head_json":{"title":"D\u00e9chets bois - Braley France","robots":{"index":"index","follow":"follow","max-snippet":"max-snippet:-1","max-image-preview":"max-image-preview:large","max-video-preview":"max-video-preview:-1"},"canonical":"https:\/\/braley-france.com\/index.php\/traitement-des-dechets\/dechets-bois\/","og_locale":"fr_FR","og_type":"article","og_title":"D\u00e9chets bois - Braley France","og_description":"Les d\u00e9chets bois sont broy\u00e9s en fonction de votre demande suivant la granulom\u00e9trie souhait\u00e9e.","og_url":"https:\/\/braley-france.com\/index.php\/traitement-des-dechets\/dechets-bois\/","og_site_name":"Braley France","article_modified_time":"2016-11-08T15:48:07+00:00","og_image":[{"width":1000,"height":368,"url":"https:\/\/braley-france.com\/wp-content\/uploads\/2015\/04\/dechet-3.jpg","type":"image\/jpeg"}],"twitter_card":"summary_large_image","twitter_misc":{"Dur\u00e9e de lecture estim\u00e9e":"1 minute"},"schema":{"@context":"https:\/\/schema.org","@graph":[{"@type":"WebPage","@id":"https:\/\/braley-france.com\/index.php\/traitement-des-dechets\/dechets-bois\/","url":"https:\/\/braley-france.com\/index.php\/traitement-des-dechets\/dechets-bois\/","name":"D\u00e9chets bois - Braley France","isPartOf":{"@id":"https:\/\/braley-france.com\/#website"},"primaryImageOfPage":{"@id":"https:\/\/braley-france.com\/index.php\/traitement-des-dechets\/dechets-bois\/#primaryimage"},"image":{"@id":"https:\/\/braley-france.com\/index.php\/traitement-des-dechets\/dechets-bois\/#primaryimage"},"thumbnailUrl":"https:\/\/braley-france.com\/wp-content\/uploads\/2015\/04\/dechet-3.jpg","datePublished":"2015-04-23T12:33:55+00:00","dateModified":"2016-11-08T15:48:07+00:00","breadcrumb":{"@id":"https:\/\/braley-france.com\/index.php\/traitement-des-dechets\/dechets-bois\/#breadcrumb"},"inLanguage":"fr-FR","potentialAction":[{"@type":"ReadAction","target":["https:\/\/braley-france.com\/index.php\/traitement-des-dechets\/dechets-bois\/"]}]},{"@type":"ImageObject","inLanguage":"fr-FR","@id":"https:\/\/braley-france.com\/index.php\/traitement-des-dechets\/dechets-bois\/#primaryimage","url":"https:\/\/braley-france.com\/wp-content\/uploads\/2015\/04\/dechet-3.jpg","contentUrl":"https:\/\/braley-france.com\/wp-content\/uploads\/2015\/04\/dechet-3.jpg","width":1000,"height":368},{"@type":"BreadcrumbList","@id":"https:\/\/braley-france.com\/index.php\/traitement-des-dechets\/dechets-bois\/#breadcrumb","itemListElement":[{"@type":"ListItem","position":1,"name":"Accueil","item":"https:\/\/braley-france.com\/"},{"@type":"ListItem","position":2,"name":"Traitement des d\u00e9chets","item":"https:\/\/braley-france.com\/index.php\/traitement-des-dechets\/"},{"@type":"ListItem","position":3,"name":"D\u00e9chets bois"}]},{"@type":"WebSite","@id":"https:\/\/braley-france.com\/#website","url":"https:\/\/braley-france.com\/","name":"Braley France","description":"Environnement - Energies","potentialAction":[{"@type":"SearchAction","target":{"@type":"EntryPoint","urlTemplate":"https:\/\/braley-france.com\/?s={search_term_string}"},"query-input":{"@type":"PropertyValueSpecification","valueRequired":true,"valueName":"search_term_string"}}],"inLanguage":"fr-FR"}]}},"_links":{"self":[{"href":"https:\/\/braley-france.com\/index.php\/wp-json\/wp\/v2\/pages\/97","targetHints":{"allow":["GET"]}}],"collection":[{"href":"https:\/\/braley-france.com\/index.php\/wp-json\/wp\/v2\/pages"}],"about":[{"href":"https:\/\/braley-france.com\/index.php\/wp-json\/wp\/v2\/types\/page"}],"author":[{"embeddable":true,"href":"https:\/\/braley-france.com\/index.php\/wp-json\/wp\/v2\/users\/1"}],"replies":[{"embeddable":true,"href":"https:\/\/braley-france.com\/index.php\/wp-json\/wp\/v2\/comments?post=97"}],"version-history":[{"count":8,"href":"https:\/\/braley-france.com\/index.php\/wp-json\/wp\/v2\/pages\/97\/revisions"}],"predecessor-version":[{"id":774,"href":"https:\/\/braley-france.com\/index.php\/wp-json\/wp\/v2\/pages\/97\/revisions\/774"}],"up":[{"embeddable":true,"href":"https:\/\/braley-france.com\/index.php\/wp-json\/wp\/v2\/pages\/76"}],"wp:featuredmedia":[{"embeddable":true,"href":"https:\/\/braley-france.com\/index.php\/wp-json\/wp\/v2\/media\/714"}],"wp:attachment":[{"href":"https:\/\/braley-france.com\/index.php\/wp-json\/wp\/v2\/media?parent=97"}],"curies":[{"name":"wp","href":"https:\/\/api.w.org\/{rel}","templated":true}]}}