{"id":95,"date":"2015-04-23T12:32:53","date_gmt":"2015-04-23T12:32:53","guid":{"rendered":"http:\/\/xml-io.proteusthemes.com\/cargopress\/?page_id=95"},"modified":"2016-11-08T20:20:03","modified_gmt":"2016-11-08T19:20:03","slug":"vente-negoce","status":"publish","type":"page","link":"https:\/\/braley-france.com\/index.php\/vente-negoce\/","title":{"rendered":"Vente \/ N\u00e9goce"},"content":{"rendered":"<div id=\"pl-95\"  class=\"panel-layout\" ><div id=\"pg-95-0\"  class=\"panel-grid panel-no-style\" ><div id=\"pgc-95-0-0\"  class=\"panel-grid-cell\" ><div id=\"panel-95-0-0-0\" class=\"so-panel widget widget_pw_featured_page widget-featured-page panel-first-child panel-last-child\" data-index=\"0\" >\n\n\t<div class=\"page-box  page-box--block\">\n\t\t\t<a class=\"page-box__picture\" href=\"https:\/\/braley-france.com\/index.php\/vente-negoce\/agricole\/\"><img loading=\"lazy\" decoding=\"async\" src=\"https:\/\/braley-france.com\/wp-content\/uploads\/2016\/11\/sciure-360x240.jpg\" width=\"360\" height=\"240\" srcset=\"https:\/\/braley-france.com\/wp-content\/uploads\/2016\/11\/sciure-360x240.jpg 360w, https:\/\/braley-france.com\/wp-content\/uploads\/2016\/11\/sciure.jpg 800w\" sizes=\"auto, (min-width: 992px) 360px, calc(100vw - 30px)\" class=\"wp-post-image\" alt=\"Agricole\"><\/a>\n\t\t<div class=\"page-box__content\">\n\t\t\t<h5 class=\"page-box__title  text-uppercase\"><a href=\"https:\/\/braley-france.com\/index.php\/vente-negoce\/agricole\/\">Agricole<\/a><\/h5>\n\t\t\t<p>Paillage et nourriture agricole<\/p>\n\t\t\t\t<p><a href=\"https:\/\/braley-france.com\/index.php\/vente-negoce\/agricole\/\" class=\"read-more  read-more--page-box\">Lire la suite<\/a><\/p>\n\t\t<\/div>\n\t<\/div>\n\n<\/div><\/div><div id=\"pgc-95-0-1\"  class=\"panel-grid-cell\" ><div id=\"panel-95-0-1-0\" class=\"so-panel widget widget_pw_featured_page widget-featured-page panel-first-child panel-last-child\" data-index=\"1\" >\n\n\t<div class=\"page-box  page-box--block\">\n\t\t\t<a class=\"page-box__picture\" href=\"https:\/\/braley-france.com\/index.php\/vente-negoce\/chauffage\/\"><img loading=\"lazy\" decoding=\"async\" src=\"https:\/\/braley-france.com\/wp-content\/uploads\/2015\/04\/vente-negoce-360x240.jpg\" width=\"360\" height=\"240\" srcset=\"https:\/\/braley-france.com\/wp-content\/uploads\/2015\/04\/vente-negoce-360x240.jpg 360w, https:\/\/braley-france.com\/wp-content\/uploads\/2015\/04\/vente-negoce.jpg 800w\" sizes=\"auto, (min-width: 992px) 360px, calc(100vw - 30px)\" class=\"wp-post-image\" alt=\"Chauffage\"><\/a>\n\t\t<div class=\"page-box__content\">\n\t\t\t<h5 class=\"page-box__title  text-uppercase\"><a href=\"https:\/\/braley-france.com\/index.php\/vente-negoce\/chauffage\/\">Chauffage<\/a><\/h5>\n\t\t\t<p>Briques, b\u00fbches, granul\u00e9s, plaquettes, taquets<\/p>\n\t\t\t\t<p><a href=\"https:\/\/braley-france.com\/index.php\/vente-negoce\/chauffage\/\" class=\"read-more  read-more--page-box\">Lire la suite<\/a><\/p>\n\t\t<\/div>\n\t<\/div>\n\n<\/div><\/div><div id=\"pgc-95-0-2\"  class=\"panel-grid-cell\" ><div id=\"panel-95-0-2-0\" class=\"so-panel widget widget_pw_featured_page widget-featured-page panel-first-child panel-last-child\" data-index=\"2\" >\n\n\t<div class=\"page-box  page-box--block\">\n\t\t\t<a class=\"page-box__picture\" href=\"https:\/\/braley-france.com\/index.php\/vente-negoce\/jardin\/\"><img loading=\"lazy\" decoding=\"async\" src=\"https:\/\/braley-france.com\/wp-content\/uploads\/2016\/11\/terre-360x240.jpg\" width=\"360\" height=\"240\" srcset=\"https:\/\/braley-france.com\/wp-content\/uploads\/2016\/11\/terre-360x240.jpg 360w, https:\/\/braley-france.com\/wp-content\/uploads\/2016\/11\/terre.jpg 800w\" sizes=\"auto, (min-width: 992px) 360px, calc(100vw - 30px)\" class=\"wp-post-image\" alt=\"Jardin\"><\/a>\n\t\t<div class=\"page-box__content\">\n\t\t\t<h5 class=\"page-box__title  text-uppercase\"><a href=\"https:\/\/braley-france.com\/index.php\/vente-negoce\/jardin\/\">Jardin<\/a><\/h5>\n\t\t\t<p>Compost et paillage<\/p>\n\t\t\t\t<p><a href=\"https:\/\/braley-france.com\/index.php\/vente-negoce\/jardin\/\" class=\"read-more  read-more--page-box\">Lire la suite<\/a><\/p>\n\t\t<\/div>\n\t<\/div>\n\n<\/div><\/div><\/div><\/div>","protected":false},"excerpt":{"rendered":"<p>Braley, c&rsquo;est aussi la vente de briquette de bois compress\u00e9, de taquets, de granul\u00e9s, de platquettes et du b\u00fbches de bois<\/p>\n","protected":false},"author":1,"featured_media":875,"parent":0,"menu_order":0,"comment_status":"closed","ping_status":"open","template":"","meta":{"_acf_changed":false,"footnotes":""},"class_list":["post-95","page","type-page","status-publish","has-post-thumbnail","hentry"],"acf":[],"yoast_head":"<!-- This site is optimized with the Yoast SEO plugin v27.5 - https:\/\/yoast.com\/product\/yoast-seo-wordpress\/ -->\n<title>Vente \/ N\u00e9goce - Braley France<\/title>\n<meta name=\"robots\" content=\"index, follow, max-snippet:-1, max-image-preview:large, max-video-preview:-1\" \/>\n<link rel=\"canonical\" href=\"https:\/\/braley-france.com\/index.php\/vente-negoce\/\" \/>\n<meta property=\"og:locale\" content=\"fr_FR\" \/>\n<meta property=\"og:type\" content=\"article\" \/>\n<meta property=\"og:title\" content=\"Vente \/ N\u00e9goce - Braley France\" \/>\n<meta property=\"og:description\" content=\"Braley, c&#039;est aussi la vente de briquette de bois compress\u00e9, de taquets, de granul\u00e9s, de platquettes et du b\u00fbches de bois\" \/>\n<meta property=\"og:url\" content=\"https:\/\/braley-france.com\/index.php\/vente-negoce\/\" \/>\n<meta property=\"og:site_name\" content=\"Braley France\" \/>\n<meta property=\"article:modified_time\" content=\"2016-11-08T19:20:03+00:00\" \/>\n<meta property=\"og:image\" content=\"https:\/\/braley-france.com\/wp-content\/uploads\/2015\/04\/vente-negoce.jpg\" \/>\n\t<meta property=\"og:image:width\" content=\"800\" \/>\n\t<meta property=\"og:image:height\" content=\"540\" \/>\n\t<meta property=\"og:image:type\" content=\"image\/jpeg\" \/>\n<meta name=\"twitter:card\" content=\"summary_large_image\" \/>\n<script type=\"application\/ld+json\" class=\"yoast-schema-graph\">{\"@context\":\"https:\\\/\\\/schema.org\",\"@graph\":[{\"@type\":\"WebPage\",\"@id\":\"https:\\\/\\\/braley-france.com\\\/index.php\\\/vente-negoce\\\/\",\"url\":\"https:\\\/\\\/braley-france.com\\\/index.php\\\/vente-negoce\\\/\",\"name\":\"Vente \\\/ N\u00e9goce - Braley France\",\"isPartOf\":{\"@id\":\"https:\\\/\\\/braley-france.com\\\/#website\"},\"primaryImageOfPage\":{\"@id\":\"https:\\\/\\\/braley-france.com\\\/index.php\\\/vente-negoce\\\/#primaryimage\"},\"image\":{\"@id\":\"https:\\\/\\\/braley-france.com\\\/index.php\\\/vente-negoce\\\/#primaryimage\"},\"thumbnailUrl\":\"https:\\\/\\\/braley-france.com\\\/wp-content\\\/uploads\\\/2015\\\/04\\\/vente-negoce.jpg\",\"datePublished\":\"2015-04-23T12:32:53+00:00\",\"dateModified\":\"2016-11-08T19:20:03+00:00\",\"breadcrumb\":{\"@id\":\"https:\\\/\\\/braley-france.com\\\/index.php\\\/vente-negoce\\\/#breadcrumb\"},\"inLanguage\":\"fr-FR\",\"potentialAction\":[{\"@type\":\"ReadAction\",\"target\":[\"https:\\\/\\\/braley-france.com\\\/index.php\\\/vente-negoce\\\/\"]}]},{\"@type\":\"ImageObject\",\"inLanguage\":\"fr-FR\",\"@id\":\"https:\\\/\\\/braley-france.com\\\/index.php\\\/vente-negoce\\\/#primaryimage\",\"url\":\"https:\\\/\\\/braley-france.com\\\/wp-content\\\/uploads\\\/2015\\\/04\\\/vente-negoce.jpg\",\"contentUrl\":\"https:\\\/\\\/braley-france.com\\\/wp-content\\\/uploads\\\/2015\\\/04\\\/vente-negoce.jpg\",\"width\":800,\"height\":540},{\"@type\":\"BreadcrumbList\",\"@id\":\"https:\\\/\\\/braley-france.com\\\/index.php\\\/vente-negoce\\\/#breadcrumb\",\"itemListElement\":[{\"@type\":\"ListItem\",\"position\":1,\"name\":\"Accueil\",\"item\":\"https:\\\/\\\/braley-france.com\\\/\"},{\"@type\":\"ListItem\",\"position\":2,\"name\":\"Vente \\\/ N\u00e9goce\"}]},{\"@type\":\"WebSite\",\"@id\":\"https:\\\/\\\/braley-france.com\\\/#website\",\"url\":\"https:\\\/\\\/braley-france.com\\\/\",\"name\":\"Braley France\",\"description\":\"Environnement - Energies\",\"potentialAction\":[{\"@type\":\"SearchAction\",\"target\":{\"@type\":\"EntryPoint\",\"urlTemplate\":\"https:\\\/\\\/braley-france.com\\\/?s={search_term_string}\"},\"query-input\":{\"@type\":\"PropertyValueSpecification\",\"valueRequired\":true,\"valueName\":\"search_term_string\"}}],\"inLanguage\":\"fr-FR\"}]}<\/script>\n<!-- \/ Yoast SEO plugin. -->","yoast_head_json":{"title":"Vente \/ N\u00e9goce - Braley France","robots":{"index":"index","follow":"follow","max-snippet":"max-snippet:-1","max-image-preview":"max-image-preview:large","max-video-preview":"max-video-preview:-1"},"canonical":"https:\/\/braley-france.com\/index.php\/vente-negoce\/","og_locale":"fr_FR","og_type":"article","og_title":"Vente \/ N\u00e9goce - Braley France","og_description":"Braley, c'est aussi la vente de briquette de bois compress\u00e9, de taquets, de granul\u00e9s, de platquettes et du b\u00fbches de bois","og_url":"https:\/\/braley-france.com\/index.php\/vente-negoce\/","og_site_name":"Braley France","article_modified_time":"2016-11-08T19:20:03+00:00","og_image":[{"width":800,"height":540,"url":"https:\/\/braley-france.com\/wp-content\/uploads\/2015\/04\/vente-negoce.jpg","type":"image\/jpeg"}],"twitter_card":"summary_large_image","schema":{"@context":"https:\/\/schema.org","@graph":[{"@type":"WebPage","@id":"https:\/\/braley-france.com\/index.php\/vente-negoce\/","url":"https:\/\/braley-france.com\/index.php\/vente-negoce\/","name":"Vente \/ N\u00e9goce - Braley France","isPartOf":{"@id":"https:\/\/braley-france.com\/#website"},"primaryImageOfPage":{"@id":"https:\/\/braley-france.com\/index.php\/vente-negoce\/#primaryimage"},"image":{"@id":"https:\/\/braley-france.com\/index.php\/vente-negoce\/#primaryimage"},"thumbnailUrl":"https:\/\/braley-france.com\/wp-content\/uploads\/2015\/04\/vente-negoce.jpg","datePublished":"2015-04-23T12:32:53+00:00","dateModified":"2016-11-08T19:20:03+00:00","breadcrumb":{"@id":"https:\/\/braley-france.com\/index.php\/vente-negoce\/#breadcrumb"},"inLanguage":"fr-FR","potentialAction":[{"@type":"ReadAction","target":["https:\/\/braley-france.com\/index.php\/vente-negoce\/"]}]},{"@type":"ImageObject","inLanguage":"fr-FR","@id":"https:\/\/braley-france.com\/index.php\/vente-negoce\/#primaryimage","url":"https:\/\/braley-france.com\/wp-content\/uploads\/2015\/04\/vente-negoce.jpg","contentUrl":"https:\/\/braley-france.com\/wp-content\/uploads\/2015\/04\/vente-negoce.jpg","width":800,"height":540},{"@type":"BreadcrumbList","@id":"https:\/\/braley-france.com\/index.php\/vente-negoce\/#breadcrumb","itemListElement":[{"@type":"ListItem","position":1,"name":"Accueil","item":"https:\/\/braley-france.com\/"},{"@type":"ListItem","position":2,"name":"Vente \/ N\u00e9goce"}]},{"@type":"WebSite","@id":"https:\/\/braley-france.com\/#website","url":"https:\/\/braley-france.com\/","name":"Braley France","description":"Environnement - Energies","potentialAction":[{"@type":"SearchAction","target":{"@type":"EntryPoint","urlTemplate":"https:\/\/braley-france.com\/?s={search_term_string}"},"query-input":{"@type":"PropertyValueSpecification","valueRequired":true,"valueName":"search_term_string"}}],"inLanguage":"fr-FR"}]}},"_links":{"self":[{"href":"https:\/\/braley-france.com\/index.php\/wp-json\/wp\/v2\/pages\/95","targetHints":{"allow":["GET"]}}],"collection":[{"href":"https:\/\/braley-france.com\/index.php\/wp-json\/wp\/v2\/pages"}],"about":[{"href":"https:\/\/braley-france.com\/index.php\/wp-json\/wp\/v2\/types\/page"}],"author":[{"embeddable":true,"href":"https:\/\/braley-france.com\/index.php\/wp-json\/wp\/v2\/users\/1"}],"replies":[{"embeddable":true,"href":"https:\/\/braley-france.com\/index.php\/wp-json\/wp\/v2\/comments?post=95"}],"version-history":[{"count":8,"href":"https:\/\/braley-france.com\/index.php\/wp-json\/wp\/v2\/pages\/95\/revisions"}],"predecessor-version":[{"id":907,"href":"https:\/\/braley-france.com\/index.php\/wp-json\/wp\/v2\/pages\/95\/revisions\/907"}],"wp:featuredmedia":[{"embeddable":true,"href":"https:\/\/braley-france.com\/index.php\/wp-json\/wp\/v2\/media\/875"}],"wp:attachment":[{"href":"https:\/\/braley-france.com\/index.php\/wp-json\/wp\/v2\/media?parent=95"}],"curies":[{"name":"wp","href":"https:\/\/api.w.org\/{rel}","templated":true}]}}