{"id":93,"date":"2015-04-23T12:31:54","date_gmt":"2015-04-23T12:31:54","guid":{"rendered":"http:\/\/xml-io.proteusthemes.com\/cargopress\/?page_id=93"},"modified":"2017-01-26T09:27:15","modified_gmt":"2017-01-26T08:27:15","slug":"dechetterie","status":"publish","type":"page","link":"https:\/\/braley-france.com\/index.php\/traitement-des-dechets\/dechetterie\/","title":{"rendered":"D\u00e9chetterie"},"content":{"rendered":"<div id=\"pl-93\"  class=\"panel-layout\" ><div id=\"pg-93-0\"  class=\"panel-grid panel-no-style\" ><div id=\"pgc-93-0-0\"  class=\"panel-grid-cell\" ><div id=\"panel-93-0-0-0\" class=\"so-panel widget widget_sow-slider panel-first-child panel-last-child\" data-index=\"0\" ><div\n\t\t\t\n\t\t\tclass=\"so-widget-sow-slider so-widget-sow-slider-default-6d39609536fd-93\"\n\t\t\t\n\t\t>\t\t\t\t<div class=\"sow-slider-base\" style=\"display: none\" tabindex=\"0\">\n\t\t\t\t\t<ul\n\t\t\t\t\tclass=\"sow-slider-images\"\n\t\t\t\t\tdata-settings=\"{&quot;pagination&quot;:true,&quot;speed&quot;:800,&quot;timeout&quot;:8000,&quot;paused&quot;:false,&quot;pause_on_hover&quot;:false,&quot;swipe&quot;:true,&quot;nav_always_show_desktop&quot;:&quot;&quot;,&quot;nav_always_show_mobile&quot;:&quot;&quot;,&quot;breakpoint&quot;:&quot;780px&quot;,&quot;unmute&quot;:false,&quot;anchor&quot;:null}\"\n\t\t\t\t\t\t\t\t\t\tdata-anchor-id=\"\"\n\t\t\t\t>\t\t<li class=\"sow-slider-image\" style=\"visibility: visible;\" >\n\t\t\t\t\t\t<img loading=\"lazy\" decoding=\"async\" width=\"1000\" height=\"368\" src=\"https:\/\/braley-france.com\/wp-content\/uploads\/2015\/04\/dechetterie-3.jpg\" class=\"sow-slider-background-image\" alt=\"\" style=\"\" srcset=\"https:\/\/braley-france.com\/wp-content\/uploads\/2015\/04\/dechetterie-3.jpg 1000w, https:\/\/braley-france.com\/wp-content\/uploads\/2015\/04\/dechetterie-3-600x221.jpg 600w, https:\/\/braley-france.com\/wp-content\/uploads\/2015\/04\/dechetterie-3-300x110.jpg 300w, https:\/\/braley-france.com\/wp-content\/uploads\/2015\/04\/dechetterie-3-768x283.jpg 768w\" sizes=\"auto, (max-width: 1000px) 100vw, 1000px\" \/>\t\t<\/li>\n\t\t\t\t<li class=\"sow-slider-image\" style=\"visibility: hidden;\" >\n\t\t\t\t\t\t<img loading=\"lazy\" decoding=\"async\" width=\"1000\" height=\"368\" src=\"https:\/\/braley-france.com\/wp-content\/uploads\/2015\/04\/dechetterie2.jpg\" class=\"sow-slider-background-image\" alt=\"\" style=\"\" srcset=\"https:\/\/braley-france.com\/wp-content\/uploads\/2015\/04\/dechetterie2.jpg 1000w, https:\/\/braley-france.com\/wp-content\/uploads\/2015\/04\/dechetterie2-600x221.jpg 600w, https:\/\/braley-france.com\/wp-content\/uploads\/2015\/04\/dechetterie2-300x110.jpg 300w, https:\/\/braley-france.com\/wp-content\/uploads\/2015\/04\/dechetterie2-768x283.jpg 768w\" sizes=\"auto, (max-width: 1000px) 100vw, 1000px\" \/>\t\t<\/li>\n\t\t<\/ul>\t\t\t\t<ol class=\"sow-slider-pagination\">\n\t\t\t\t\t\t\t\t\t\t\t<li><a href=\"#\" data-goto=\"0\" aria-label=\"Display slide 1\"><\/a><\/li>\n\t\t\t\t\t\t\t\t\t\t\t<li><a href=\"#\" data-goto=\"1\" aria-label=\"Display slide 2\"><\/a><\/li>\n\t\t\t\t\t\t\t\t\t<\/ol>\n\n\t\t\t\t<div class=\"sow-slide-nav sow-slide-nav-next\">\n\t\t\t\t\t<a href=\"#\" data-goto=\"next\" aria-label=\"Next slide\" data-action=\"next\">\n\t\t\t\t\t\t<em class=\"sow-sld-icon-thin-right\"><\/em>\n\t\t\t\t\t<\/a>\n\t\t\t\t<\/div>\n\n\t\t\t\t<div class=\"sow-slide-nav sow-slide-nav-prev\">\n\t\t\t\t\t<a href=\"#\" data-goto=\"previous\" aria-label=\"Previous slide\" data-action=\"prev\">\n\t\t\t\t\t\t<em class=\"sow-sld-icon-thin-left\"><\/em>\n\t\t\t\t\t<\/a>\n\t\t\t\t<\/div>\n\t\t\t\t<\/div><\/div><\/div><\/div><\/div><div id=\"pg-93-1\"  class=\"panel-grid panel-no-style\" ><div id=\"pgc-93-1-0\"  class=\"panel-grid-cell\" ><div id=\"panel-93-1-0-0\" class=\"so-panel widget widget_black-studio-tinymce widget_black_studio_tinymce panel-first-child panel-last-child\" data-index=\"1\" ><div class=\"textwidget\"><h2>Tous les types de d\u00e9chets sont accept\u00e9s<\/h2>\n<p>Depuis 2010, l\u2019entreprise Braley a ouvert deux d\u00e9chetteries : \u00e0 Onet le Chateau et \u00e0 Bozouls.<br \/>Vous pouvez d\u00e9poser vos d\u00e9chets pr\u00e9-tri\u00e9s ou en m\u00e9lange.<\/p>\n<p><img loading=\"lazy\" decoding=\"async\" class=\"alignnone wp-image-1054 size-full\" src=\"https:\/\/braley-france.com\/wp-content\/uploads\/2015\/04\/dechets.jpg\" width=\"539\" height=\"199\" srcset=\"https:\/\/braley-france.com\/wp-content\/uploads\/2015\/04\/dechets.jpg 539w, https:\/\/braley-france.com\/wp-content\/uploads\/2015\/04\/dechets-300x111.jpg 300w\" sizes=\"auto, (max-width: 539px) 100vw, 539px\" \/><\/p>\n<p>Cartouches d\u2019encre, emballages vides, acide\/base, liquide de frein, refroidissement, filtres \u00e0 huile \/ \u00e0 gasoil, etc.<\/p>\n<p><span style=\"border-radius: 2px; text-indent: 20px; width: auto; padding: 0px 4px 0px 0px; text-align: center; font: bold 11px\/20px 'Helvetica Neue',Helvetica,sans-serif; color: #ffffff; background: #bd081c  no-repeat scroll 3px 50% \/ 14px 14px; position: absolute; opacity: 1; z-index: 8675309; display: none; cursor: pointer; top: 158px; left: 20px;\">Enregistrer<\/span><\/p>\n<\/div><\/div><\/div><div id=\"pgc-93-1-1\"  class=\"panel-grid-cell\" ><div id=\"panel-93-1-1-0\" class=\"so-panel widget widget_pw_google_map panel-first-child panel-last-child\" data-index=\"2\" ><div class=\"panel-widget-style panel-widget-style-for-93-1-1-0\" >\n\n\t<div\n\t\tclass=\"simple-map  js-where-we-are\"\n\t\tdata-latlng=\"44.47139,2.72312\"\n\t\tdata-markers=\"[{&quot;id&quot;:&quot;2&quot;,&quot;title&quot;:&quot;Site de Bozouls&quot;,&quot;locationlatlng&quot;:&quot;44.47354214328301,2.7421620264282183&quot;,&quot;custompinimage&quot;:&quot;&quot;},{&quot;id&quot;:&quot;3&quot;,&quot;title&quot;:&quot;Site de Onet le Ch\\u00e2teau&quot;,&quot;locationlatlng&quot;:&quot;44.388485960444925,2.595090751342809&quot;,&quot;custompinimage&quot;:&quot;&quot;}]\"\n\t\tdata-zoom=\"10\"\n\t\tdata-type=\"roadmap\"\n\t\tdata-style=\"[{&quot;featureType&quot;:&quot;landscape&quot;,&quot;stylers&quot;:[{&quot;saturation&quot;:-100},{&quot;lightness&quot;:65},{&quot;visibility&quot;:&quot;on&quot;}]},{&quot;featureType&quot;:&quot;poi&quot;,&quot;stylers&quot;:[{&quot;saturation&quot;:-100},{&quot;lightness&quot;:51},{&quot;visibility&quot;:&quot;simplified&quot;}]},{&quot;featureType&quot;:&quot;road.highway&quot;,&quot;stylers&quot;:[{&quot;saturation&quot;:-100},{&quot;visibility&quot;:&quot;simplified&quot;}]},{&quot;featureType&quot;:&quot;road.arterial&quot;,&quot;stylers&quot;:[{&quot;saturation&quot;:-100},{&quot;lightness&quot;:30},{&quot;visibility&quot;:&quot;on&quot;}]},{&quot;featureType&quot;:&quot;road.local&quot;,&quot;stylers&quot;:[{&quot;saturation&quot;:-100},{&quot;lightness&quot;:40},{&quot;visibility&quot;:&quot;on&quot;}]},{&quot;featureType&quot;:&quot;transit&quot;,&quot;stylers&quot;:[{&quot;saturation&quot;:-100},{&quot;visibility&quot;:&quot;simplified&quot;}]},{&quot;featureType&quot;:&quot;administrative.province&quot;,&quot;stylers&quot;:[{&quot;visibility&quot;:&quot;off&quot;}]},{&quot;featureType&quot;:&quot;water&quot;,&quot;elementType&quot;:&quot;labels&quot;,&quot;stylers&quot;:[{&quot;visibility&quot;:&quot;on&quot;},{&quot;lightness&quot;:-25},{&quot;saturation&quot;:-100}]},{&quot;featureType&quot;:&quot;water&quot;,&quot;elementType&quot;:&quot;geometry&quot;,&quot;stylers&quot;:[{&quot;hue&quot;:&quot;#ffff00&quot;},{&quot;lightness&quot;:-25},{&quot;saturation&quot;:-97}]}]\"\n\t\tstyle=\"height: 300px;\"\n\t><\/div>\n\n<\/div><\/div><\/div><\/div><div id=\"pg-93-2\"  class=\"panel-grid panel-no-style\" ><div id=\"pgc-93-2-0\"  class=\"panel-grid-cell\" ><div id=\"panel-93-2-0-0\" class=\"so-panel widget widget_black-studio-tinymce widget_black_studio_tinymce panel-first-child\" data-index=\"3\" ><div class=\"textwidget\"><h3>D\u00e9chetterie de Bozouls<\/h3>\n<p>ZA les Calsades<br \/>\n12340 Bozouls<\/p>\n<\/div><\/div><div id=\"panel-93-2-0-1\" class=\"so-panel widget widget_pw_opening_time opening-time panel-last-child\" data-index=\"4\" >\n\n\t<div class=\"time-table\">\n\n\t\t\t<h3><span class=\"icon icons-ornament-left\"><\/span>Heure d&rsquo;ouverture<span class=\"icon icons-ornament-right\"><\/span><\/h3>\n\n\t\t<div class=\"inner-bg\">\n\t\t\t\t<dl class=\"week-day \">\n\t\t\t\t\t<dt>Lundi<\/dt>\n\t\t\t\t\t<dd>8h00 \u00e0 12h00-13h30 \u00e0 17h30<\/dd>\n\t\t\t\t<\/dl>\n\t\t\t\t<dl class=\"week-day  light-bg\">\n\t\t\t\t\t<dt>Mardi<\/dt>\n\t\t\t\t\t<dd>8h00 \u00e0 12h00-13h30 \u00e0 17h30<\/dd>\n\t\t\t\t<\/dl>\n\t\t\t\t<dl class=\"week-day \">\n\t\t\t\t\t<dt>Mercredi<\/dt>\n\t\t\t\t\t<dd>8h00 \u00e0 12h00-13h30 \u00e0 17h30<\/dd>\n\t\t\t\t<\/dl>\n\t\t\t\t<dl class=\"week-day  light-bg\">\n\t\t\t\t\t<dt>Jeudi<\/dt>\n\t\t\t\t\t<dd>8h00 \u00e0 12h00-13h30 \u00e0 17h30<\/dd>\n\t\t\t\t<\/dl>\n\t\t\t\t<dl class=\"week-day  today\">\n\t\t\t\t\t<dt>Vendredi<\/dt>\n\t\t\t\t\t<dd>8h00 \u00e0 12h00-13h30 \u00e0 16h30<\/dd>\n\t\t\t\t<\/dl>\n\t\t\t\t<dl class=\"week-day  light-bg closed\">\n\t\t\t\t\t<dt>Samedi<\/dt>\n\t\t\t\t\t<dd>FERM\u00c9<\/dd>\n\t\t\t\t<\/dl>\n\t\t\t\t<dl class=\"week-day  closed\">\n\t\t\t\t\t<dt>Dimanche<\/dt>\n\t\t\t\t\t<dd>FERM\u00c9<\/dd>\n\t\t\t\t<\/dl>\n\t\t<\/div>\n\n\n\t<\/div>\n\n<\/div><\/div><div id=\"pgc-93-2-1\"  class=\"panel-grid-cell\" ><div id=\"panel-93-2-1-0\" class=\"so-panel widget widget_black-studio-tinymce widget_black_studio_tinymce panel-first-child\" data-index=\"5\" ><div class=\"textwidget\"><h3>D\u00e9chetterie de Onet le Ch\u00e2teau<\/h3>\n<p>Route d\u2019Espalion<br \/>\n12850 ONET LE CHATEAU<\/p>\n<\/div><\/div><div id=\"panel-93-2-1-1\" class=\"so-panel widget widget_pw_opening_time opening-time panel-last-child\" data-index=\"6\" >\n\n\t<div class=\"time-table\">\n\n\t\t\t<h3><span class=\"icon icons-ornament-left\"><\/span>Heure d&rsquo;ouverture<span class=\"icon icons-ornament-right\"><\/span><\/h3>\n\n\t\t<div class=\"inner-bg\">\n\t\t\t\t<dl class=\"week-day \">\n\t\t\t\t\t<dt>Lundi<\/dt>\n\t\t\t\t\t<dd>8h00 \u00e0 12h00-13h30 \u00e0 17h30<\/dd>\n\t\t\t\t<\/dl>\n\t\t\t\t<dl class=\"week-day  light-bg\">\n\t\t\t\t\t<dt>Mardi<\/dt>\n\t\t\t\t\t<dd>8h00 \u00e0 12h00-13h30 \u00e0 17h30<\/dd>\n\t\t\t\t<\/dl>\n\t\t\t\t<dl class=\"week-day \">\n\t\t\t\t\t<dt>Mercredi<\/dt>\n\t\t\t\t\t<dd>8h00 \u00e0 12h00-13h30 \u00e0 17h30<\/dd>\n\t\t\t\t<\/dl>\n\t\t\t\t<dl class=\"week-day  light-bg\">\n\t\t\t\t\t<dt>Jeudi<\/dt>\n\t\t\t\t\t<dd>8h00 \u00e0 12h00-13h30 \u00e0 17h30<\/dd>\n\t\t\t\t<\/dl>\n\t\t\t\t<dl class=\"week-day  today\">\n\t\t\t\t\t<dt>Vendredi<\/dt>\n\t\t\t\t\t<dd>8h00 \u00e0 12h00-13h30 \u00e0 17h30<\/dd>\n\t\t\t\t<\/dl>\n\t\t\t\t<dl class=\"week-day  light-bg closed\">\n\t\t\t\t\t<dt>Samedi<\/dt>\n\t\t\t\t\t<dd>FERM\u00c9<\/dd>\n\t\t\t\t<\/dl>\n\t\t\t\t<dl class=\"week-day  closed\">\n\t\t\t\t\t<dt>Dimanche<\/dt>\n\t\t\t\t\t<dd>FERM\u00c9<\/dd>\n\t\t\t\t<\/dl>\n\t\t<\/div>\n\n\n\t<\/div>\n\n<\/div><\/div><\/div><\/div>","protected":false},"excerpt":{"rendered":"<p>Depuis 2010, l\u2019entreprise Braley a ouvert deux d\u00e9chetteries : \u00e0 Onet le Chateau et \u00e0 Bozouls.<\/p>\n","protected":false},"author":1,"featured_media":689,"parent":76,"menu_order":0,"comment_status":"closed","ping_status":"open","template":"","meta":{"_acf_changed":false,"footnotes":""},"class_list":["post-93","page","type-page","status-publish","has-post-thumbnail","hentry"],"acf":[],"yoast_head":"<!-- This site is optimized with the Yoast SEO plugin v27.4 - https:\/\/yoast.com\/product\/yoast-seo-wordpress\/ -->\n<title>D\u00e9chetterie - Braley France<\/title>\n<meta name=\"robots\" content=\"index, follow, max-snippet:-1, max-image-preview:large, max-video-preview:-1\" \/>\n<link rel=\"canonical\" href=\"https:\/\/braley-france.com\/index.php\/traitement-des-dechets\/dechetterie\/\" \/>\n<meta property=\"og:locale\" content=\"fr_FR\" \/>\n<meta property=\"og:type\" content=\"article\" \/>\n<meta property=\"og:title\" content=\"D\u00e9chetterie - Braley France\" \/>\n<meta property=\"og:description\" content=\"Depuis 2010, l\u2019entreprise Braley a ouvert deux d\u00e9chetteries : \u00e0 Onet le Chateau et \u00e0 Bozouls.\" \/>\n<meta property=\"og:url\" content=\"https:\/\/braley-france.com\/index.php\/traitement-des-dechets\/dechetterie\/\" \/>\n<meta property=\"og:site_name\" content=\"Braley France\" \/>\n<meta property=\"article:modified_time\" content=\"2017-01-26T08:27:15+00:00\" \/>\n<meta property=\"og:image\" content=\"https:\/\/braley-france.com\/wp-content\/uploads\/2015\/04\/dechetterie-3.jpg\" \/>\n\t<meta property=\"og:image:width\" content=\"1000\" \/>\n\t<meta property=\"og:image:height\" content=\"368\" \/>\n\t<meta property=\"og:image:type\" content=\"image\/jpeg\" \/>\n<meta name=\"twitter:card\" content=\"summary_large_image\" \/>\n<meta name=\"twitter:label1\" content=\"Dur\u00e9e de lecture estim\u00e9e\" \/>\n\t<meta name=\"twitter:data1\" content=\"1 minute\" \/>\n<script type=\"application\/ld+json\" class=\"yoast-schema-graph\">{\"@context\":\"https:\\\/\\\/schema.org\",\"@graph\":[{\"@type\":\"WebPage\",\"@id\":\"https:\\\/\\\/braley-france.com\\\/index.php\\\/traitement-des-dechets\\\/dechetterie\\\/\",\"url\":\"https:\\\/\\\/braley-france.com\\\/index.php\\\/traitement-des-dechets\\\/dechetterie\\\/\",\"name\":\"D\u00e9chetterie - Braley France\",\"isPartOf\":{\"@id\":\"https:\\\/\\\/braley-france.com\\\/#website\"},\"primaryImageOfPage\":{\"@id\":\"https:\\\/\\\/braley-france.com\\\/index.php\\\/traitement-des-dechets\\\/dechetterie\\\/#primaryimage\"},\"image\":{\"@id\":\"https:\\\/\\\/braley-france.com\\\/index.php\\\/traitement-des-dechets\\\/dechetterie\\\/#primaryimage\"},\"thumbnailUrl\":\"https:\\\/\\\/braley-france.com\\\/wp-content\\\/uploads\\\/2015\\\/04\\\/dechetterie-3.jpg\",\"datePublished\":\"2015-04-23T12:31:54+00:00\",\"dateModified\":\"2017-01-26T08:27:15+00:00\",\"breadcrumb\":{\"@id\":\"https:\\\/\\\/braley-france.com\\\/index.php\\\/traitement-des-dechets\\\/dechetterie\\\/#breadcrumb\"},\"inLanguage\":\"fr-FR\",\"potentialAction\":[{\"@type\":\"ReadAction\",\"target\":[\"https:\\\/\\\/braley-france.com\\\/index.php\\\/traitement-des-dechets\\\/dechetterie\\\/\"]}]},{\"@type\":\"ImageObject\",\"inLanguage\":\"fr-FR\",\"@id\":\"https:\\\/\\\/braley-france.com\\\/index.php\\\/traitement-des-dechets\\\/dechetterie\\\/#primaryimage\",\"url\":\"https:\\\/\\\/braley-france.com\\\/wp-content\\\/uploads\\\/2015\\\/04\\\/dechetterie-3.jpg\",\"contentUrl\":\"https:\\\/\\\/braley-france.com\\\/wp-content\\\/uploads\\\/2015\\\/04\\\/dechetterie-3.jpg\",\"width\":1000,\"height\":368},{\"@type\":\"BreadcrumbList\",\"@id\":\"https:\\\/\\\/braley-france.com\\\/index.php\\\/traitement-des-dechets\\\/dechetterie\\\/#breadcrumb\",\"itemListElement\":[{\"@type\":\"ListItem\",\"position\":1,\"name\":\"Accueil\",\"item\":\"https:\\\/\\\/braley-france.com\\\/\"},{\"@type\":\"ListItem\",\"position\":2,\"name\":\"Traitement des d\u00e9chets\",\"item\":\"https:\\\/\\\/braley-france.com\\\/index.php\\\/traitement-des-dechets\\\/\"},{\"@type\":\"ListItem\",\"position\":3,\"name\":\"D\u00e9chetterie\"}]},{\"@type\":\"WebSite\",\"@id\":\"https:\\\/\\\/braley-france.com\\\/#website\",\"url\":\"https:\\\/\\\/braley-france.com\\\/\",\"name\":\"Braley France\",\"description\":\"Environnement - Energies\",\"potentialAction\":[{\"@type\":\"SearchAction\",\"target\":{\"@type\":\"EntryPoint\",\"urlTemplate\":\"https:\\\/\\\/braley-france.com\\\/?s={search_term_string}\"},\"query-input\":{\"@type\":\"PropertyValueSpecification\",\"valueRequired\":true,\"valueName\":\"search_term_string\"}}],\"inLanguage\":\"fr-FR\"}]}<\/script>\n<!-- \/ Yoast SEO plugin. -->","yoast_head_json":{"title":"D\u00e9chetterie - Braley France","robots":{"index":"index","follow":"follow","max-snippet":"max-snippet:-1","max-image-preview":"max-image-preview:large","max-video-preview":"max-video-preview:-1"},"canonical":"https:\/\/braley-france.com\/index.php\/traitement-des-dechets\/dechetterie\/","og_locale":"fr_FR","og_type":"article","og_title":"D\u00e9chetterie - Braley France","og_description":"Depuis 2010, l\u2019entreprise Braley a ouvert deux d\u00e9chetteries : \u00e0 Onet le Chateau et \u00e0 Bozouls.","og_url":"https:\/\/braley-france.com\/index.php\/traitement-des-dechets\/dechetterie\/","og_site_name":"Braley France","article_modified_time":"2017-01-26T08:27:15+00:00","og_image":[{"width":1000,"height":368,"url":"https:\/\/braley-france.com\/wp-content\/uploads\/2015\/04\/dechetterie-3.jpg","type":"image\/jpeg"}],"twitter_card":"summary_large_image","twitter_misc":{"Dur\u00e9e de lecture estim\u00e9e":"1 minute"},"schema":{"@context":"https:\/\/schema.org","@graph":[{"@type":"WebPage","@id":"https:\/\/braley-france.com\/index.php\/traitement-des-dechets\/dechetterie\/","url":"https:\/\/braley-france.com\/index.php\/traitement-des-dechets\/dechetterie\/","name":"D\u00e9chetterie - Braley France","isPartOf":{"@id":"https:\/\/braley-france.com\/#website"},"primaryImageOfPage":{"@id":"https:\/\/braley-france.com\/index.php\/traitement-des-dechets\/dechetterie\/#primaryimage"},"image":{"@id":"https:\/\/braley-france.com\/index.php\/traitement-des-dechets\/dechetterie\/#primaryimage"},"thumbnailUrl":"https:\/\/braley-france.com\/wp-content\/uploads\/2015\/04\/dechetterie-3.jpg","datePublished":"2015-04-23T12:31:54+00:00","dateModified":"2017-01-26T08:27:15+00:00","breadcrumb":{"@id":"https:\/\/braley-france.com\/index.php\/traitement-des-dechets\/dechetterie\/#breadcrumb"},"inLanguage":"fr-FR","potentialAction":[{"@type":"ReadAction","target":["https:\/\/braley-france.com\/index.php\/traitement-des-dechets\/dechetterie\/"]}]},{"@type":"ImageObject","inLanguage":"fr-FR","@id":"https:\/\/braley-france.com\/index.php\/traitement-des-dechets\/dechetterie\/#primaryimage","url":"https:\/\/braley-france.com\/wp-content\/uploads\/2015\/04\/dechetterie-3.jpg","contentUrl":"https:\/\/braley-france.com\/wp-content\/uploads\/2015\/04\/dechetterie-3.jpg","width":1000,"height":368},{"@type":"BreadcrumbList","@id":"https:\/\/braley-france.com\/index.php\/traitement-des-dechets\/dechetterie\/#breadcrumb","itemListElement":[{"@type":"ListItem","position":1,"name":"Accueil","item":"https:\/\/braley-france.com\/"},{"@type":"ListItem","position":2,"name":"Traitement des d\u00e9chets","item":"https:\/\/braley-france.com\/index.php\/traitement-des-dechets\/"},{"@type":"ListItem","position":3,"name":"D\u00e9chetterie"}]},{"@type":"WebSite","@id":"https:\/\/braley-france.com\/#website","url":"https:\/\/braley-france.com\/","name":"Braley France","description":"Environnement - Energies","potentialAction":[{"@type":"SearchAction","target":{"@type":"EntryPoint","urlTemplate":"https:\/\/braley-france.com\/?s={search_term_string}"},"query-input":{"@type":"PropertyValueSpecification","valueRequired":true,"valueName":"search_term_string"}}],"inLanguage":"fr-FR"}]}},"_links":{"self":[{"href":"https:\/\/braley-france.com\/index.php\/wp-json\/wp\/v2\/pages\/93","targetHints":{"allow":["GET"]}}],"collection":[{"href":"https:\/\/braley-france.com\/index.php\/wp-json\/wp\/v2\/pages"}],"about":[{"href":"https:\/\/braley-france.com\/index.php\/wp-json\/wp\/v2\/types\/page"}],"author":[{"embeddable":true,"href":"https:\/\/braley-france.com\/index.php\/wp-json\/wp\/v2\/users\/1"}],"replies":[{"embeddable":true,"href":"https:\/\/braley-france.com\/index.php\/wp-json\/wp\/v2\/comments?post=93"}],"version-history":[{"count":28,"href":"https:\/\/braley-france.com\/index.php\/wp-json\/wp\/v2\/pages\/93\/revisions"}],"predecessor-version":[{"id":1057,"href":"https:\/\/braley-france.com\/index.php\/wp-json\/wp\/v2\/pages\/93\/revisions\/1057"}],"up":[{"embeddable":true,"href":"https:\/\/braley-france.com\/index.php\/wp-json\/wp\/v2\/pages\/76"}],"wp:featuredmedia":[{"embeddable":true,"href":"https:\/\/braley-france.com\/index.php\/wp-json\/wp\/v2\/media\/689"}],"wp:attachment":[{"href":"https:\/\/braley-france.com\/index.php\/wp-json\/wp\/v2\/media?parent=93"}],"curies":[{"name":"wp","href":"https:\/\/api.w.org\/{rel}","templated":true}]}}