{"id":915,"date":"2016-11-08T20:50:22","date_gmt":"2016-11-08T19:50:22","guid":{"rendered":"https:\/\/braley-france.com\/?page_id=915"},"modified":"2017-02-08T15:37:30","modified_gmt":"2017-02-08T14:37:30","slug":"paillage","status":"publish","type":"page","link":"https:\/\/braley-france.com\/index.php\/vente-negoce\/jardin\/paillage\/","title":{"rendered":"Paillage"},"content":{"rendered":"<div id=\"pl-915\"  class=\"panel-layout\" ><div id=\"pg-915-0\"  class=\"panel-grid panel-no-style\" ><div id=\"pgc-915-0-0\"  class=\"panel-grid-cell panel-grid-cell-mobile-last\" ><div id=\"panel-915-0-0-0\" class=\"so-panel widget widget_black-studio-tinymce widget_black_studio_tinymce panel-first-child\" data-index=\"0\" ><div class=\"textwidget\"><h4>Bois Broy\u00e9<\/h4>\n<\/div><\/div><div id=\"panel-915-0-0-1\" class=\"so-panel widget widget_sow-image panel-last-child\" data-index=\"1\" ><div\n\t\t\t\n\t\t\tclass=\"so-widget-sow-image so-widget-sow-image-default-8b5b6f678277-915\"\n\t\t\t\n\t\t>\n<div class=\"sow-image-container\">\n\t\t<img \n\tsrc=\"https:\/\/braley-france.com\/wp-content\/uploads\/2016\/11\/bois-broye.jpg\" width=\"800\" height=\"400\" srcset=\"https:\/\/braley-france.com\/wp-content\/uploads\/2016\/11\/bois-broye.jpg 800w, https:\/\/braley-france.com\/wp-content\/uploads\/2016\/11\/bois-broye-600x300.jpg 600w, https:\/\/braley-france.com\/wp-content\/uploads\/2016\/11\/bois-broye-300x150.jpg 300w, https:\/\/braley-france.com\/wp-content\/uploads\/2016\/11\/bois-broye-768x384.jpg 768w\" sizes=\"(max-width: 800px) 100vw, 800px\" alt=\"\" \t\tclass=\"so-widget-image\"\/>\n\t<\/div>\n\n<\/div><\/div><\/div><div id=\"pgc-915-0-1\"  class=\"panel-grid-cell panel-grid-cell-empty\" ><\/div><\/div><div id=\"pg-915-1\"  class=\"panel-grid panel-no-style\" ><div id=\"pgc-915-1-0\"  class=\"panel-grid-cell\" ><div id=\"panel-915-1-0-0\" class=\"so-panel widget widget_black-studio-tinymce widget_black_studio_tinymce panel-first-child panel-last-child\" data-index=\"2\" ><div class=\"textwidget\"><p><strong>Disponible en vrac sur le site d\u2019Onet le Ch\u00e2teau<\/strong><\/p>\n<p>Id\u00e9al pour vos massifs, cela \u00e9vite la lev\u00e9e des mauvaises herbes, r\u00e9duit l'\u00e9vaporation de l'eau d'arrosage, d\u00e9core les massifs, prot\u00e8ge les plantes contre le froid et enrichi le sol en mati\u00e8re organique.\u00a0 Gr\u00e2ce \u00e0 son effet paillant, ces deux produits emp\u00eachent la terre de former une cro\u00fbte imperm\u00e9able et permettra \u00e0 vos plantes de profiter pleinement des arrosages et de leurs apports nutritifs. Cela profitera notamment \u00e0 vos g\u00e9raniums, aux annuelles en massifs et jardini\u00e8res, aux rosiers, aux vivaces et aux arbustes divers.<\/p>\n<p><strong>Bois Broy\u00e9 :<\/strong> <em>Son pH est neutre, donc aucune acidit\u00e9<\/em><br \/>Le bois broy\u00e9 est\u00a0 naturel, aucun produit n\u2019est ajout\u00e9.<\/p>\n<p><strong>Conseil utilisation:<\/strong><br \/>Epandez une couche d\u2019environ 10 cm autour de vos plantations et renouvelez cette op\u00e9ration tous les ans.<br \/>Les effets d\u00e9coratifs et protecteurs sont garantis !<\/p>\n<\/div><\/div><\/div><\/div><\/div>","protected":false},"excerpt":{"rendered":"<p>Bois broy\u00e9 et \u00e9corce de pin disponible en sac et en vrac sur le site d&rsquo;Onet le Ch\u00e2teau<\/p>\n","protected":false},"author":1,"featured_media":916,"parent":793,"menu_order":0,"comment_status":"closed","ping_status":"closed","template":"","meta":{"_acf_changed":false,"footnotes":""},"class_list":["post-915","page","type-page","status-publish","has-post-thumbnail","hentry"],"acf":[],"yoast_head":"<!-- This site is optimized with the Yoast SEO plugin v27.5 - https:\/\/yoast.com\/product\/yoast-seo-wordpress\/ -->\n<title>Paillage - Braley France<\/title>\n<meta name=\"robots\" content=\"index, follow, max-snippet:-1, max-image-preview:large, max-video-preview:-1\" \/>\n<link rel=\"canonical\" href=\"https:\/\/braley-france.com\/index.php\/vente-negoce\/jardin\/paillage\/\" \/>\n<meta property=\"og:locale\" content=\"fr_FR\" \/>\n<meta property=\"og:type\" content=\"article\" \/>\n<meta property=\"og:title\" content=\"Paillage - Braley France\" \/>\n<meta property=\"og:description\" content=\"Bois broy\u00e9 et \u00e9corce de pin disponible en sac et en vrac sur le site d&#039;Onet le Ch\u00e2teau\" \/>\n<meta property=\"og:url\" content=\"https:\/\/braley-france.com\/index.php\/vente-negoce\/jardin\/paillage\/\" \/>\n<meta property=\"og:site_name\" content=\"Braley France\" \/>\n<meta property=\"article:modified_time\" content=\"2017-02-08T14:37:30+00:00\" \/>\n<meta property=\"og:image\" content=\"https:\/\/braley-france.com\/wp-content\/uploads\/2016\/11\/bois-broye.jpg\" \/>\n\t<meta property=\"og:image:width\" content=\"800\" \/>\n\t<meta property=\"og:image:height\" content=\"400\" \/>\n\t<meta property=\"og:image:type\" content=\"image\/jpeg\" \/>\n<meta name=\"twitter:card\" content=\"summary_large_image\" \/>\n<meta name=\"twitter:label1\" content=\"Dur\u00e9e de lecture estim\u00e9e\" \/>\n\t<meta name=\"twitter:data1\" content=\"1 minute\" \/>\n<script type=\"application\/ld+json\" class=\"yoast-schema-graph\">{\"@context\":\"https:\\\/\\\/schema.org\",\"@graph\":[{\"@type\":\"WebPage\",\"@id\":\"https:\\\/\\\/braley-france.com\\\/index.php\\\/vente-negoce\\\/jardin\\\/paillage\\\/\",\"url\":\"https:\\\/\\\/braley-france.com\\\/index.php\\\/vente-negoce\\\/jardin\\\/paillage\\\/\",\"name\":\"Paillage - Braley France\",\"isPartOf\":{\"@id\":\"https:\\\/\\\/braley-france.com\\\/#website\"},\"primaryImageOfPage\":{\"@id\":\"https:\\\/\\\/braley-france.com\\\/index.php\\\/vente-negoce\\\/jardin\\\/paillage\\\/#primaryimage\"},\"image\":{\"@id\":\"https:\\\/\\\/braley-france.com\\\/index.php\\\/vente-negoce\\\/jardin\\\/paillage\\\/#primaryimage\"},\"thumbnailUrl\":\"https:\\\/\\\/braley-france.com\\\/wp-content\\\/uploads\\\/2016\\\/11\\\/bois-broye.jpg\",\"datePublished\":\"2016-11-08T19:50:22+00:00\",\"dateModified\":\"2017-02-08T14:37:30+00:00\",\"breadcrumb\":{\"@id\":\"https:\\\/\\\/braley-france.com\\\/index.php\\\/vente-negoce\\\/jardin\\\/paillage\\\/#breadcrumb\"},\"inLanguage\":\"fr-FR\",\"potentialAction\":[{\"@type\":\"ReadAction\",\"target\":[\"https:\\\/\\\/braley-france.com\\\/index.php\\\/vente-negoce\\\/jardin\\\/paillage\\\/\"]}]},{\"@type\":\"ImageObject\",\"inLanguage\":\"fr-FR\",\"@id\":\"https:\\\/\\\/braley-france.com\\\/index.php\\\/vente-negoce\\\/jardin\\\/paillage\\\/#primaryimage\",\"url\":\"https:\\\/\\\/braley-france.com\\\/wp-content\\\/uploads\\\/2016\\\/11\\\/bois-broye.jpg\",\"contentUrl\":\"https:\\\/\\\/braley-france.com\\\/wp-content\\\/uploads\\\/2016\\\/11\\\/bois-broye.jpg\",\"width\":800,\"height\":400},{\"@type\":\"BreadcrumbList\",\"@id\":\"https:\\\/\\\/braley-france.com\\\/index.php\\\/vente-negoce\\\/jardin\\\/paillage\\\/#breadcrumb\",\"itemListElement\":[{\"@type\":\"ListItem\",\"position\":1,\"name\":\"Accueil\",\"item\":\"https:\\\/\\\/braley-france.com\\\/\"},{\"@type\":\"ListItem\",\"position\":2,\"name\":\"Vente \\\/ N\u00e9goce\",\"item\":\"https:\\\/\\\/braley-france.com\\\/index.php\\\/vente-negoce\\\/\"},{\"@type\":\"ListItem\",\"position\":3,\"name\":\"Jardin\",\"item\":\"https:\\\/\\\/braley-france.com\\\/index.php\\\/vente-negoce\\\/jardin\\\/\"},{\"@type\":\"ListItem\",\"position\":4,\"name\":\"Paillage\"}]},{\"@type\":\"WebSite\",\"@id\":\"https:\\\/\\\/braley-france.com\\\/#website\",\"url\":\"https:\\\/\\\/braley-france.com\\\/\",\"name\":\"Braley France\",\"description\":\"Environnement - Energies\",\"potentialAction\":[{\"@type\":\"SearchAction\",\"target\":{\"@type\":\"EntryPoint\",\"urlTemplate\":\"https:\\\/\\\/braley-france.com\\\/?s={search_term_string}\"},\"query-input\":{\"@type\":\"PropertyValueSpecification\",\"valueRequired\":true,\"valueName\":\"search_term_string\"}}],\"inLanguage\":\"fr-FR\"}]}<\/script>\n<!-- \/ Yoast SEO plugin. -->","yoast_head_json":{"title":"Paillage - Braley France","robots":{"index":"index","follow":"follow","max-snippet":"max-snippet:-1","max-image-preview":"max-image-preview:large","max-video-preview":"max-video-preview:-1"},"canonical":"https:\/\/braley-france.com\/index.php\/vente-negoce\/jardin\/paillage\/","og_locale":"fr_FR","og_type":"article","og_title":"Paillage - Braley France","og_description":"Bois broy\u00e9 et \u00e9corce de pin disponible en sac et en vrac sur le site d'Onet le Ch\u00e2teau","og_url":"https:\/\/braley-france.com\/index.php\/vente-negoce\/jardin\/paillage\/","og_site_name":"Braley France","article_modified_time":"2017-02-08T14:37:30+00:00","og_image":[{"width":800,"height":400,"url":"https:\/\/braley-france.com\/wp-content\/uploads\/2016\/11\/bois-broye.jpg","type":"image\/jpeg"}],"twitter_card":"summary_large_image","twitter_misc":{"Dur\u00e9e de lecture estim\u00e9e":"1 minute"},"schema":{"@context":"https:\/\/schema.org","@graph":[{"@type":"WebPage","@id":"https:\/\/braley-france.com\/index.php\/vente-negoce\/jardin\/paillage\/","url":"https:\/\/braley-france.com\/index.php\/vente-negoce\/jardin\/paillage\/","name":"Paillage - Braley France","isPartOf":{"@id":"https:\/\/braley-france.com\/#website"},"primaryImageOfPage":{"@id":"https:\/\/braley-france.com\/index.php\/vente-negoce\/jardin\/paillage\/#primaryimage"},"image":{"@id":"https:\/\/braley-france.com\/index.php\/vente-negoce\/jardin\/paillage\/#primaryimage"},"thumbnailUrl":"https:\/\/braley-france.com\/wp-content\/uploads\/2016\/11\/bois-broye.jpg","datePublished":"2016-11-08T19:50:22+00:00","dateModified":"2017-02-08T14:37:30+00:00","breadcrumb":{"@id":"https:\/\/braley-france.com\/index.php\/vente-negoce\/jardin\/paillage\/#breadcrumb"},"inLanguage":"fr-FR","potentialAction":[{"@type":"ReadAction","target":["https:\/\/braley-france.com\/index.php\/vente-negoce\/jardin\/paillage\/"]}]},{"@type":"ImageObject","inLanguage":"fr-FR","@id":"https:\/\/braley-france.com\/index.php\/vente-negoce\/jardin\/paillage\/#primaryimage","url":"https:\/\/braley-france.com\/wp-content\/uploads\/2016\/11\/bois-broye.jpg","contentUrl":"https:\/\/braley-france.com\/wp-content\/uploads\/2016\/11\/bois-broye.jpg","width":800,"height":400},{"@type":"BreadcrumbList","@id":"https:\/\/braley-france.com\/index.php\/vente-negoce\/jardin\/paillage\/#breadcrumb","itemListElement":[{"@type":"ListItem","position":1,"name":"Accueil","item":"https:\/\/braley-france.com\/"},{"@type":"ListItem","position":2,"name":"Vente \/ N\u00e9goce","item":"https:\/\/braley-france.com\/index.php\/vente-negoce\/"},{"@type":"ListItem","position":3,"name":"Jardin","item":"https:\/\/braley-france.com\/index.php\/vente-negoce\/jardin\/"},{"@type":"ListItem","position":4,"name":"Paillage"}]},{"@type":"WebSite","@id":"https:\/\/braley-france.com\/#website","url":"https:\/\/braley-france.com\/","name":"Braley France","description":"Environnement - Energies","potentialAction":[{"@type":"SearchAction","target":{"@type":"EntryPoint","urlTemplate":"https:\/\/braley-france.com\/?s={search_term_string}"},"query-input":{"@type":"PropertyValueSpecification","valueRequired":true,"valueName":"search_term_string"}}],"inLanguage":"fr-FR"}]}},"_links":{"self":[{"href":"https:\/\/braley-france.com\/index.php\/wp-json\/wp\/v2\/pages\/915","targetHints":{"allow":["GET"]}}],"collection":[{"href":"https:\/\/braley-france.com\/index.php\/wp-json\/wp\/v2\/pages"}],"about":[{"href":"https:\/\/braley-france.com\/index.php\/wp-json\/wp\/v2\/types\/page"}],"author":[{"embeddable":true,"href":"https:\/\/braley-france.com\/index.php\/wp-json\/wp\/v2\/users\/1"}],"replies":[{"embeddable":true,"href":"https:\/\/braley-france.com\/index.php\/wp-json\/wp\/v2\/comments?post=915"}],"version-history":[{"count":4,"href":"https:\/\/braley-france.com\/index.php\/wp-json\/wp\/v2\/pages\/915\/revisions"}],"predecessor-version":[{"id":1081,"href":"https:\/\/braley-france.com\/index.php\/wp-json\/wp\/v2\/pages\/915\/revisions\/1081"}],"up":[{"embeddable":true,"href":"https:\/\/braley-france.com\/index.php\/wp-json\/wp\/v2\/pages\/793"}],"wp:featuredmedia":[{"embeddable":true,"href":"https:\/\/braley-france.com\/index.php\/wp-json\/wp\/v2\/media\/916"}],"wp:attachment":[{"href":"https:\/\/braley-france.com\/index.php\/wp-json\/wp\/v2\/media?parent=915"}],"curies":[{"name":"wp","href":"https:\/\/api.w.org\/{rel}","templated":true}]}}