{"id":908,"date":"2016-11-08T20:29:48","date_gmt":"2016-11-08T19:29:48","guid":{"rendered":"https:\/\/braley-france.com\/?page_id=908"},"modified":"2016-11-08T20:53:58","modified_gmt":"2016-11-08T19:53:58","slug":"compost","status":"publish","type":"page","link":"https:\/\/braley-france.com\/index.php\/vente-negoce\/jardin\/compost\/","title":{"rendered":"Compost"},"content":{"rendered":"<div id=\"pl-908\"  class=\"panel-layout\" ><div id=\"pg-908-0\"  class=\"panel-grid panel-no-style\" ><div id=\"pgc-908-0-0\"  class=\"panel-grid-cell\" ><div id=\"panel-908-0-0-0\" class=\"so-panel widget widget_black-studio-tinymce widget_black_studio_tinymce panel-first-child\" data-index=\"0\" ><div class=\"textwidget\"><h4>Compost<\/h4>\n<\/div><\/div><div id=\"panel-908-0-0-1\" class=\"so-panel widget widget_sow-image panel-last-child\" data-index=\"1\" ><div\n\t\t\t\n\t\t\tclass=\"so-widget-sow-image so-widget-sow-image-default-8b5b6f678277-908\"\n\t\t\t\n\t\t>\n<div class=\"sow-image-container\">\n\t\t<img \n\tsrc=\"https:\/\/braley-france.com\/wp-content\/uploads\/2016\/11\/compost.jpg\" width=\"800\" height=\"400\" srcset=\"https:\/\/braley-france.com\/wp-content\/uploads\/2016\/11\/compost.jpg 800w, https:\/\/braley-france.com\/wp-content\/uploads\/2016\/11\/compost-600x300.jpg 600w, https:\/\/braley-france.com\/wp-content\/uploads\/2016\/11\/compost-300x150.jpg 300w, https:\/\/braley-france.com\/wp-content\/uploads\/2016\/11\/compost-768x384.jpg 768w\" sizes=\"(max-width: 800px) 100vw, 800px\" alt=\"\" \t\tclass=\"so-widget-image\"\/>\n\t<\/div>\n\n<\/div><\/div><\/div><div id=\"pgc-908-0-1\"  class=\"panel-grid-cell\" ><div id=\"panel-908-0-1-0\" class=\"so-panel widget widget_black-studio-tinymce widget_black_studio_tinymce panel-first-child\" data-index=\"2\" ><div class=\"textwidget\"><h4>Terre v\u00e9g\u00e9tale<\/h4>\n<\/div><\/div><div id=\"panel-908-0-1-1\" class=\"so-panel widget widget_sow-image panel-last-child\" data-index=\"3\" ><div\n\t\t\t\n\t\t\tclass=\"so-widget-sow-image so-widget-sow-image-default-8b5b6f678277-908\"\n\t\t\t\n\t\t>\n<div class=\"sow-image-container\">\n\t\t<img \n\tsrc=\"https:\/\/braley-france.com\/wp-content\/uploads\/2016\/11\/terre.jpg\" width=\"800\" height=\"400\" srcset=\"https:\/\/braley-france.com\/wp-content\/uploads\/2016\/11\/terre.jpg 800w, https:\/\/braley-france.com\/wp-content\/uploads\/2016\/11\/terre-600x300.jpg 600w, https:\/\/braley-france.com\/wp-content\/uploads\/2016\/11\/terre-300x150.jpg 300w, https:\/\/braley-france.com\/wp-content\/uploads\/2016\/11\/terre-768x384.jpg 768w\" sizes=\"(max-width: 800px) 100vw, 800px\" alt=\"\" \t\tclass=\"so-widget-image\"\/>\n\t<\/div>\n\n<\/div><\/div><\/div><\/div><div id=\"pg-908-1\"  class=\"panel-grid panel-no-style\" ><div id=\"pgc-908-1-0\"  class=\"panel-grid-cell\" ><div id=\"panel-908-1-0-0\" class=\"so-panel widget widget_black-studio-tinymce widget_black_studio_tinymce panel-first-child panel-last-child\" data-index=\"4\" ><div class=\"textwidget\"><p><strong>Disponible sur notre site d\u2019 Onet le Ch\u00e2teau en sac et en vrac<\/strong><\/p>\n<p><strong>Indications d\u2019emploi:<\/strong><br \/>Le compost vert, <strong>selon la norme NFU 44-051<\/strong>, est un amendement organique v\u00e9g\u00e9tal qui am\u00e9liore la structure et la fertilit\u00e9 du sol. <br \/>Il doit toujours \u00eatre utilis\u00e9 en m\u00e9lange avec de la terre.<\/p>\n<ul>\n<li>Etalez le compost m\u00fbr au d\u00e9but du printemps en surface de votre potager (2 \u00e0 5 cm), puis griffez pour le m\u00e9langer au sol.<\/li>\n<li>M\u00e9langez 30 \u00e0 40 % de compost avec de la terre pour vos jardini\u00e8res.<\/li>\n<li>Utilisez le compost comme paillis aux pieds des plantations \u2013 couche de +\/- 2 cm.<\/li>\n<\/ul>\n<\/div><\/div><\/div><\/div><\/div>","protected":false},"excerpt":{"rendered":"<p>Compost et terre v\u00e9g\u00e9tal disponible sur notre site d\u2019 Onet le Ch\u00e2teau en sac et en vrac<\/p>\n","protected":false},"author":1,"featured_media":911,"parent":793,"menu_order":0,"comment_status":"closed","ping_status":"closed","template":"","meta":{"_acf_changed":false,"footnotes":""},"class_list":["post-908","page","type-page","status-publish","has-post-thumbnail","hentry"],"acf":[],"yoast_head":"<!-- This site is optimized with the Yoast SEO plugin v27.3 - https:\/\/yoast.com\/product\/yoast-seo-wordpress\/ -->\n<title>Compost - Braley France<\/title>\n<meta name=\"robots\" content=\"index, follow, max-snippet:-1, max-image-preview:large, max-video-preview:-1\" \/>\n<link rel=\"canonical\" href=\"https:\/\/braley-france.com\/index.php\/vente-negoce\/jardin\/compost\/\" \/>\n<meta property=\"og:locale\" content=\"fr_FR\" \/>\n<meta property=\"og:type\" content=\"article\" \/>\n<meta property=\"og:title\" content=\"Compost - Braley France\" \/>\n<meta property=\"og:description\" content=\"Compost et terre v\u00e9g\u00e9tal disponible sur notre site d\u2019 Onet le Ch\u00e2teau en sac et en vrac\" \/>\n<meta property=\"og:url\" content=\"https:\/\/braley-france.com\/index.php\/vente-negoce\/jardin\/compost\/\" \/>\n<meta property=\"og:site_name\" content=\"Braley France\" \/>\n<meta property=\"article:modified_time\" content=\"2016-11-08T19:53:58+00:00\" \/>\n<meta property=\"og:image\" content=\"https:\/\/braley-france.com\/wp-content\/uploads\/2016\/11\/terre.jpg\" \/>\n\t<meta property=\"og:image:width\" content=\"800\" \/>\n\t<meta property=\"og:image:height\" content=\"400\" \/>\n\t<meta property=\"og:image:type\" content=\"image\/jpeg\" \/>\n<meta name=\"twitter:card\" content=\"summary_large_image\" \/>\n<meta name=\"twitter:label1\" content=\"Dur\u00e9e de lecture estim\u00e9e\" \/>\n\t<meta name=\"twitter:data1\" content=\"1 minute\" \/>\n<script type=\"application\/ld+json\" class=\"yoast-schema-graph\">{\"@context\":\"https:\\\/\\\/schema.org\",\"@graph\":[{\"@type\":\"WebPage\",\"@id\":\"https:\\\/\\\/braley-france.com\\\/index.php\\\/vente-negoce\\\/jardin\\\/compost\\\/\",\"url\":\"https:\\\/\\\/braley-france.com\\\/index.php\\\/vente-negoce\\\/jardin\\\/compost\\\/\",\"name\":\"Compost - Braley France\",\"isPartOf\":{\"@id\":\"https:\\\/\\\/braley-france.com\\\/#website\"},\"primaryImageOfPage\":{\"@id\":\"https:\\\/\\\/braley-france.com\\\/index.php\\\/vente-negoce\\\/jardin\\\/compost\\\/#primaryimage\"},\"image\":{\"@id\":\"https:\\\/\\\/braley-france.com\\\/index.php\\\/vente-negoce\\\/jardin\\\/compost\\\/#primaryimage\"},\"thumbnailUrl\":\"https:\\\/\\\/braley-france.com\\\/wp-content\\\/uploads\\\/2016\\\/11\\\/terre.jpg\",\"datePublished\":\"2016-11-08T19:29:48+00:00\",\"dateModified\":\"2016-11-08T19:53:58+00:00\",\"breadcrumb\":{\"@id\":\"https:\\\/\\\/braley-france.com\\\/index.php\\\/vente-negoce\\\/jardin\\\/compost\\\/#breadcrumb\"},\"inLanguage\":\"fr-FR\",\"potentialAction\":[{\"@type\":\"ReadAction\",\"target\":[\"https:\\\/\\\/braley-france.com\\\/index.php\\\/vente-negoce\\\/jardin\\\/compost\\\/\"]}]},{\"@type\":\"ImageObject\",\"inLanguage\":\"fr-FR\",\"@id\":\"https:\\\/\\\/braley-france.com\\\/index.php\\\/vente-negoce\\\/jardin\\\/compost\\\/#primaryimage\",\"url\":\"https:\\\/\\\/braley-france.com\\\/wp-content\\\/uploads\\\/2016\\\/11\\\/terre.jpg\",\"contentUrl\":\"https:\\\/\\\/braley-france.com\\\/wp-content\\\/uploads\\\/2016\\\/11\\\/terre.jpg\",\"width\":800,\"height\":400},{\"@type\":\"BreadcrumbList\",\"@id\":\"https:\\\/\\\/braley-france.com\\\/index.php\\\/vente-negoce\\\/jardin\\\/compost\\\/#breadcrumb\",\"itemListElement\":[{\"@type\":\"ListItem\",\"position\":1,\"name\":\"Accueil\",\"item\":\"https:\\\/\\\/braley-france.com\\\/\"},{\"@type\":\"ListItem\",\"position\":2,\"name\":\"Vente \\\/ N\u00e9goce\",\"item\":\"https:\\\/\\\/braley-france.com\\\/index.php\\\/vente-negoce\\\/\"},{\"@type\":\"ListItem\",\"position\":3,\"name\":\"Jardin\",\"item\":\"https:\\\/\\\/braley-france.com\\\/index.php\\\/vente-negoce\\\/jardin\\\/\"},{\"@type\":\"ListItem\",\"position\":4,\"name\":\"Compost\"}]},{\"@type\":\"WebSite\",\"@id\":\"https:\\\/\\\/braley-france.com\\\/#website\",\"url\":\"https:\\\/\\\/braley-france.com\\\/\",\"name\":\"Braley France\",\"description\":\"Environnement - Energies\",\"potentialAction\":[{\"@type\":\"SearchAction\",\"target\":{\"@type\":\"EntryPoint\",\"urlTemplate\":\"https:\\\/\\\/braley-france.com\\\/?s={search_term_string}\"},\"query-input\":{\"@type\":\"PropertyValueSpecification\",\"valueRequired\":true,\"valueName\":\"search_term_string\"}}],\"inLanguage\":\"fr-FR\"}]}<\/script>\n<!-- \/ Yoast SEO plugin. -->","yoast_head_json":{"title":"Compost - Braley France","robots":{"index":"index","follow":"follow","max-snippet":"max-snippet:-1","max-image-preview":"max-image-preview:large","max-video-preview":"max-video-preview:-1"},"canonical":"https:\/\/braley-france.com\/index.php\/vente-negoce\/jardin\/compost\/","og_locale":"fr_FR","og_type":"article","og_title":"Compost - Braley France","og_description":"Compost et terre v\u00e9g\u00e9tal disponible sur notre site d\u2019 Onet le Ch\u00e2teau en sac et en vrac","og_url":"https:\/\/braley-france.com\/index.php\/vente-negoce\/jardin\/compost\/","og_site_name":"Braley France","article_modified_time":"2016-11-08T19:53:58+00:00","og_image":[{"width":800,"height":400,"url":"https:\/\/braley-france.com\/wp-content\/uploads\/2016\/11\/terre.jpg","type":"image\/jpeg"}],"twitter_card":"summary_large_image","twitter_misc":{"Dur\u00e9e de lecture estim\u00e9e":"1 minute"},"schema":{"@context":"https:\/\/schema.org","@graph":[{"@type":"WebPage","@id":"https:\/\/braley-france.com\/index.php\/vente-negoce\/jardin\/compost\/","url":"https:\/\/braley-france.com\/index.php\/vente-negoce\/jardin\/compost\/","name":"Compost - Braley France","isPartOf":{"@id":"https:\/\/braley-france.com\/#website"},"primaryImageOfPage":{"@id":"https:\/\/braley-france.com\/index.php\/vente-negoce\/jardin\/compost\/#primaryimage"},"image":{"@id":"https:\/\/braley-france.com\/index.php\/vente-negoce\/jardin\/compost\/#primaryimage"},"thumbnailUrl":"https:\/\/braley-france.com\/wp-content\/uploads\/2016\/11\/terre.jpg","datePublished":"2016-11-08T19:29:48+00:00","dateModified":"2016-11-08T19:53:58+00:00","breadcrumb":{"@id":"https:\/\/braley-france.com\/index.php\/vente-negoce\/jardin\/compost\/#breadcrumb"},"inLanguage":"fr-FR","potentialAction":[{"@type":"ReadAction","target":["https:\/\/braley-france.com\/index.php\/vente-negoce\/jardin\/compost\/"]}]},{"@type":"ImageObject","inLanguage":"fr-FR","@id":"https:\/\/braley-france.com\/index.php\/vente-negoce\/jardin\/compost\/#primaryimage","url":"https:\/\/braley-france.com\/wp-content\/uploads\/2016\/11\/terre.jpg","contentUrl":"https:\/\/braley-france.com\/wp-content\/uploads\/2016\/11\/terre.jpg","width":800,"height":400},{"@type":"BreadcrumbList","@id":"https:\/\/braley-france.com\/index.php\/vente-negoce\/jardin\/compost\/#breadcrumb","itemListElement":[{"@type":"ListItem","position":1,"name":"Accueil","item":"https:\/\/braley-france.com\/"},{"@type":"ListItem","position":2,"name":"Vente \/ N\u00e9goce","item":"https:\/\/braley-france.com\/index.php\/vente-negoce\/"},{"@type":"ListItem","position":3,"name":"Jardin","item":"https:\/\/braley-france.com\/index.php\/vente-negoce\/jardin\/"},{"@type":"ListItem","position":4,"name":"Compost"}]},{"@type":"WebSite","@id":"https:\/\/braley-france.com\/#website","url":"https:\/\/braley-france.com\/","name":"Braley France","description":"Environnement - Energies","potentialAction":[{"@type":"SearchAction","target":{"@type":"EntryPoint","urlTemplate":"https:\/\/braley-france.com\/?s={search_term_string}"},"query-input":{"@type":"PropertyValueSpecification","valueRequired":true,"valueName":"search_term_string"}}],"inLanguage":"fr-FR"}]}},"_links":{"self":[{"href":"https:\/\/braley-france.com\/index.php\/wp-json\/wp\/v2\/pages\/908","targetHints":{"allow":["GET"]}}],"collection":[{"href":"https:\/\/braley-france.com\/index.php\/wp-json\/wp\/v2\/pages"}],"about":[{"href":"https:\/\/braley-france.com\/index.php\/wp-json\/wp\/v2\/types\/page"}],"author":[{"embeddable":true,"href":"https:\/\/braley-france.com\/index.php\/wp-json\/wp\/v2\/users\/1"}],"replies":[{"embeddable":true,"href":"https:\/\/braley-france.com\/index.php\/wp-json\/wp\/v2\/comments?post=908"}],"version-history":[{"count":3,"href":"https:\/\/braley-france.com\/index.php\/wp-json\/wp\/v2\/pages\/908\/revisions"}],"predecessor-version":[{"id":914,"href":"https:\/\/braley-france.com\/index.php\/wp-json\/wp\/v2\/pages\/908\/revisions\/914"}],"up":[{"embeddable":true,"href":"https:\/\/braley-france.com\/index.php\/wp-json\/wp\/v2\/pages\/793"}],"wp:featuredmedia":[{"embeddable":true,"href":"https:\/\/braley-france.com\/index.php\/wp-json\/wp\/v2\/media\/911"}],"wp:attachment":[{"href":"https:\/\/braley-france.com\/index.php\/wp-json\/wp\/v2\/media?parent=908"}],"curies":[{"name":"wp","href":"https:\/\/api.w.org\/{rel}","templated":true}]}}