{"id":899,"date":"2016-11-08T20:12:23","date_gmt":"2016-11-08T19:12:23","guid":{"rendered":"https:\/\/braley-france.com\/?page_id=899"},"modified":"2018-08-24T15:24:01","modified_gmt":"2018-08-24T13:24:01","slug":"mentions-legales","status":"publish","type":"page","link":"https:\/\/braley-france.com\/index.php\/mentions-legales\/","title":{"rendered":"Mentions l\u00e9gales"},"content":{"rendered":"<div id=\"pl-899\"  class=\"panel-layout\" ><div id=\"pg-899-0\"  class=\"panel-grid panel-no-style\" ><div id=\"pgc-899-0-0\"  class=\"panel-grid-cell\" ><div id=\"panel-899-0-0-0\" class=\"so-panel widget widget_black-studio-tinymce widget_black_studio_tinymce panel-first-child panel-last-child\" data-index=\"0\" ><div class=\"textwidget\"><p>Ci \u2013 apr\u00e8s d\u00e9sign\u00e9 par \u00ab le Site \u00bb, est \u00e9dit\u00e9 par la soci\u00e9t\u00e9 ci-apr\u00e8s d\u00e9nomm\u00e9e \u00ab l'\u00e9diteur \u00bb.<\/p>\n<h3>L'\u00e9diteur<\/h3>\n<p>Braley <br \/>Bezonnes<br \/>12340 Rodelle<br \/>T\u00e9l.: 05 65 44 93 24<br \/>Fax: 05 65 48 85 60<\/p>\n<\/div><\/div><\/div><\/div><div id=\"pg-899-1\"  class=\"panel-grid panel-no-style\" ><div id=\"pgc-899-1-0\"  class=\"panel-grid-cell\" ><div id=\"panel-899-1-0-0\" class=\"so-panel widget widget_black-studio-tinymce widget_black_studio_tinymce panel-first-child panel-last-child\" data-index=\"1\" ><div class=\"textwidget\"><h3>Conception \/ R\u00e9alisation \/ Int\u00e9gration \/ H\u00e9bergement<\/h3>\n<p>Conception et r\u00e9alisation du site -\u00a0 Agence de communication :\u00a0<a href=\"http:\/\/www.imagix.fr\/\" target=\"_blank\" rel=\"noopener\">Productions IMAGIX<\/a><br \/>\n29 rue Francis Fesq 15000 Aurillac France<br \/>\nH\u00e9bergement sur serveur d\u00e9di\u00e9\u00a0<a href=\"http:\/\/www.ikoula.com\/\" target=\"_blank\" rel=\"noopener\">IKOULA<\/a><\/p>\n<h3>Le contenu \u00e9ditorial<\/h3>\n<p>Le Site propose un contenu d'informations dans le seul but documentaire et \u00e0 titre indicatif. Les utilisateurs sont invit\u00e9s par l'\u00e9diteur \u00e0 exploiter ces informations avec un sens critique et discernement.<\/p>\n<h3>La protection de la vie priv\u00e9e et des donn\u00e9es personnelles<\/h3>\n<p>Les informations recueillies dans l\u2019espace contact du site internet vous concernant font l\u2019objet d\u2019un traitement destin\u00e9 \u00e0 la soci\u00e9t\u00e9 Braley.<\/p>\n<p>Cette collecte d\u2019information concernant les personnes qui rentrent en contact par le biais du site internet a pour finalit\u00e9 de g\u00e9rer l\u2019entr\u00e9e en relation et assurer le suivi pour la prise de contact.<\/p>\n<p>Les destinataires de ces donn\u00e9es sont : le g\u00e9rant et le personnel de la soci\u00e9t\u00e9 Braley, ainsi que le personnel de notre agence Web Les Productions Imagix.<\/p>\n<p>La dur\u00e9e de conservation des donn\u00e9es est de 2 ans pour les personnes n\u2019ayant r\u00e9pondu \u00e0 aucune sollicitation de notre part.<\/p>\n<p>Vous b\u00e9n\u00e9ficiez d\u2019un droit d\u2019acc\u00e8s, de rectification, de portabilit\u00e9, d\u2019effacement de celles-ci ou une limitation du traitement. Vous pouvez vous opposer au traitement des donn\u00e9es vous concernant et disposez du droit de retirer votre consentement \u00e0 tout moment en vous adressant \u00e0 : ludovic.braley@orange.fr<\/p>\n<p>Vous avez la possibilit\u00e9 d\u2019introduire une r\u00e9clamation aupr\u00e8s d\u2019une autorit\u00e9 de contr\u00f4le.<\/p>\n<p>Les ordinateurs se connectant aux serveurs du site peuvent recevoir sur leur disque dur un ou plusieurs fichiers au format texte tr\u00e8s l\u00e9gers appel\u00e9s commun\u00e9ment \u00ab cookies \u00bb. Les \u00ab cookies \u00bb enregistrent des informations relatives \u00e0 la navigation sur le site effectu\u00e9e \u00e0 partir de l\u2019ordinateur sur lequel est stock\u00e9 le \u00ab cookie \u00bb (les pages consult\u00e9es, la date et l heure de la consultation, etc\u2026). Ils permettent d\u2019identifier les visites successives faites \u00e0 partir d\u2019un m\u00eame ordinateur.<\/p>\n<p>Les personnes connect\u00e9es au Site ont la libert\u00e9 de s\u2019opposer \u00e0 l\u2019enregistrement de \u00ab cookies \u00bb. Pour se faire, elles peuvent employer les fonctionnalit\u00e9s correspondantes sur leur navigateur. Cependant, l\u2019Editeur attire l\u2019attention des Utilisateurs que, dans un tel cas, l\u2019acc\u00e8s \u00e0 certains services du Site peut se r\u00e9v\u00e9ler alt\u00e9r\u00e9, voire impossible. Pour en savoir plus sur la politique des cookies, <a href=\"https:\/\/braley-france.com\/index.php\/politique-des-cookies\/\">cliquez ici<\/a>.<\/p>\n<p>&nbsp;<\/p>\n<h3>La s\u00e9curit\u00e9 des \u00e9changes<\/h3>\n<p>L'Editeur s'engage \u00e0 prendre toutes les mesures juridiques et techniques pour s\u00e9curiser les \u00e9changes. A ce titre, L'Editeur s'engage \u00e0 une obligation de moyen pour bloquer les d\u00e9tournements de donn\u00e9es, et \u00e0 respecter les r\u00e9glementations applicables. N\u00e9anmoins, les Utilisateurs du Site connaissent les particularit\u00e9s techniques du r\u00e9seau Internet et les risques aff\u00e9rents. Par cons\u00e9quent, L'Editeur ne peut garantir \u00e0 ses Utilisateurs que les donn\u00e9es \u00e9chang\u00e9es via les services propos\u00e9s par le Site ne soient pas r\u00e9colt\u00e9es de fa\u00e7on frauduleuse par des tiers.<\/p>\n<\/div><\/div><\/div><div id=\"pgc-899-1-1\"  class=\"panel-grid-cell\" ><div id=\"panel-899-1-1-0\" class=\"so-panel widget widget_black-studio-tinymce widget_black_studio_tinymce panel-first-child panel-last-child\" data-index=\"2\" ><div class=\"textwidget\"><h3>Cr\u00e9dits photos<\/h3>\n<p>Braley,\u00a0Fotolia<\/p>\n<h3>Liens hypertextes vers des sites tiers<\/h3>\n<p>Le Site propose des liens hypertextes pointant vers des sites Internet \u00e9dit\u00e9s par des tiers. La mise en place de ces liens ne signifie pas l'approbation par l'Editeur du contenu des dits sites. L'\u00e9diteur ne peut pas r\u00e9aliser en permanence un contr\u00f4le du contenu des dits sites, et ne peut donc garantir :<\/p>\n<ul>\n<li>L'exactitude, la fiabilit\u00e9, la pertinence, la mise \u00e0 jour, ou l'exhaustivit\u00e9 de leur contenu.<\/li>\n<li>Leur acc\u00e8s et leur bon fonctionnement technique.<\/li>\n<\/ul>\n<p>Par cons\u00e9quent, la responsabilit\u00e9 de l'\u00e9diteur ne pourra \u00eatre retenue en cas d'\u00e9ventuel litige entre un site r\u00e9f\u00e9renc\u00e9 sur le Site et un Utilisateur. Seule la responsabilit\u00e9 des \u00e9diteurs des sites r\u00e9f\u00e9renc\u00e9s sur le Site pourra \u00eatre engag\u00e9e.<\/p>\n<h3>La disponibilit\u00e9 des services<\/h3>\n<p>L'\u00e9diteur dispose d'une obligation de moyens en terme d'accessibilit\u00e9 de service et met en place les structures n\u00e9cessaires pour rendre le Site accessible.<\/p>\n<p>N\u00e9anmoins, l'Editeur peut suspendre l'acc\u00e8s sans pr\u00e9avis, notamment pour des raisons de maintenance et de mises \u00e0 niveau. L'Editeur n'est en aucun cas responsable des \u00e9ventuels pr\u00e9judices qui peuvent en d\u00e9couler pour l'Utilisateur ou tout tiers.<\/p>\n<p>L'\u00e9diteur peut \u00e0 tout moment supprimer tout ou partie de ses services ou en modifier leurs teneurs notamment pour des raisons techniques, et cela sans pr\u00e9avis. L'Editeur se r\u00e9serve la facult\u00e9 de refuser, unilat\u00e9ralement et sans notification pr\u00e9alable, \u00e0 tout Utilisateur l'acc\u00e8s \u00e0 tout ou partie du Site. Une telle d\u00e9cision pourrait notamment \u00eatre prise en cas de non respect des termes du pr\u00e9sent texte par un utilisateur.<\/p>\n<h3>Les droits de propri\u00e9t\u00e9 intellectuelle<\/h3>\n<p>L'Editeur est titulaire de droits concernant certaines donn\u00e9es prot\u00e9g\u00e9es par le Code de la propri\u00e9t\u00e9 intellectuelle. Il en est notamment ainsi pour sa ou ses marques, sa charte graphique, sa base de donn\u00e9es. Par cons\u00e9quent, leur exploitation offline ou online, \u00e0 titre gratuit ou on\u00e9reux, de tout ou partie de ces donn\u00e9es sans le consentement express de l'Editeur est interdite.<\/p>\n<h3>Droit applicable<\/h3>\n<p>Le pr\u00e9sent texte est soumis au droit fran\u00e7ais. L'\u00e9diteur se r\u00e9serve le droit d'en amender \u00e0 tout moment les termes, conditions et mentions d'avertissement.<\/p>\n<\/div><\/div><\/div><\/div><\/div>","protected":false},"excerpt":{"rendered":"<p>Ci \u2013 apr\u00e8s d\u00e9sign\u00e9 par \u00ab le Site \u00bb, est \u00e9dit\u00e9 par la soci\u00e9t\u00e9 ci-apr\u00e8s d\u00e9nomm\u00e9e \u00ab l&rsquo;\u00e9diteur \u00bb.L&rsquo;\u00e9diteurBraley Bezonnes12340 RodelleT\u00e9l.: 05 65 44 93 24Fax: 05 65 48 85 60 Conception \/ R\u00e9alisation \/ Int\u00e9gration \/ H\u00e9bergement Conception et r\u00e9alisation du site &#8211;\u00a0 Agence de communication :\u00a0Productions IMAGIX 29 rue Francis Fesq 15000 Aurillac &hellip;<\/p>\n","protected":false},"author":1,"featured_media":0,"parent":0,"menu_order":0,"comment_status":"closed","ping_status":"closed","template":"","meta":{"_acf_changed":false,"footnotes":""},"class_list":["post-899","page","type-page","status-publish","hentry"],"acf":[],"yoast_head":"<!-- This site is optimized with the Yoast SEO plugin v27.4 - https:\/\/yoast.com\/product\/yoast-seo-wordpress\/ -->\n<title>Mentions l\u00e9gales - Braley France<\/title>\n<meta name=\"robots\" content=\"index, follow, max-snippet:-1, max-image-preview:large, max-video-preview:-1\" \/>\n<link rel=\"canonical\" href=\"https:\/\/braley-france.com\/index.php\/mentions-legales\/\" \/>\n<meta property=\"og:locale\" content=\"fr_FR\" \/>\n<meta property=\"og:type\" content=\"article\" \/>\n<meta property=\"og:title\" content=\"Mentions l\u00e9gales - Braley France\" \/>\n<meta property=\"og:description\" content=\"Ci \u2013 apr\u00e8s d\u00e9sign\u00e9 par \u00ab le Site \u00bb, est \u00e9dit\u00e9 par la soci\u00e9t\u00e9 ci-apr\u00e8s d\u00e9nomm\u00e9e \u00ab l&#039;\u00e9diteur \u00bb.L&#039;\u00e9diteurBraley Bezonnes12340 RodelleT\u00e9l.: 05 65 44 93 24Fax: 05 65 48 85 60 Conception \/ R\u00e9alisation \/ Int\u00e9gration \/ H\u00e9bergement Conception et r\u00e9alisation du site -\u00a0 Agence de communication :\u00a0Productions IMAGIX 29 rue Francis Fesq 15000 Aurillac &hellip;\" \/>\n<meta property=\"og:url\" content=\"https:\/\/braley-france.com\/index.php\/mentions-legales\/\" \/>\n<meta property=\"og:site_name\" content=\"Braley France\" \/>\n<meta property=\"article:modified_time\" content=\"2018-08-24T13:24:01+00:00\" \/>\n<meta name=\"twitter:card\" content=\"summary_large_image\" \/>\n<meta name=\"twitter:label1\" content=\"Dur\u00e9e de lecture estim\u00e9e\" \/>\n\t<meta name=\"twitter:data1\" content=\"5 minutes\" \/>\n<script type=\"application\/ld+json\" class=\"yoast-schema-graph\">{\"@context\":\"https:\\\/\\\/schema.org\",\"@graph\":[{\"@type\":\"WebPage\",\"@id\":\"https:\\\/\\\/braley-france.com\\\/index.php\\\/mentions-legales\\\/\",\"url\":\"https:\\\/\\\/braley-france.com\\\/index.php\\\/mentions-legales\\\/\",\"name\":\"Mentions l\u00e9gales - Braley France\",\"isPartOf\":{\"@id\":\"https:\\\/\\\/braley-france.com\\\/#website\"},\"datePublished\":\"2016-11-08T19:12:23+00:00\",\"dateModified\":\"2018-08-24T13:24:01+00:00\",\"breadcrumb\":{\"@id\":\"https:\\\/\\\/braley-france.com\\\/index.php\\\/mentions-legales\\\/#breadcrumb\"},\"inLanguage\":\"fr-FR\",\"potentialAction\":[{\"@type\":\"ReadAction\",\"target\":[\"https:\\\/\\\/braley-france.com\\\/index.php\\\/mentions-legales\\\/\"]}]},{\"@type\":\"BreadcrumbList\",\"@id\":\"https:\\\/\\\/braley-france.com\\\/index.php\\\/mentions-legales\\\/#breadcrumb\",\"itemListElement\":[{\"@type\":\"ListItem\",\"position\":1,\"name\":\"Accueil\",\"item\":\"https:\\\/\\\/braley-france.com\\\/\"},{\"@type\":\"ListItem\",\"position\":2,\"name\":\"Mentions l\u00e9gales\"}]},{\"@type\":\"WebSite\",\"@id\":\"https:\\\/\\\/braley-france.com\\\/#website\",\"url\":\"https:\\\/\\\/braley-france.com\\\/\",\"name\":\"Braley France\",\"description\":\"Environnement - Energies\",\"potentialAction\":[{\"@type\":\"SearchAction\",\"target\":{\"@type\":\"EntryPoint\",\"urlTemplate\":\"https:\\\/\\\/braley-france.com\\\/?s={search_term_string}\"},\"query-input\":{\"@type\":\"PropertyValueSpecification\",\"valueRequired\":true,\"valueName\":\"search_term_string\"}}],\"inLanguage\":\"fr-FR\"}]}<\/script>\n<!-- \/ Yoast SEO plugin. -->","yoast_head_json":{"title":"Mentions l\u00e9gales - Braley France","robots":{"index":"index","follow":"follow","max-snippet":"max-snippet:-1","max-image-preview":"max-image-preview:large","max-video-preview":"max-video-preview:-1"},"canonical":"https:\/\/braley-france.com\/index.php\/mentions-legales\/","og_locale":"fr_FR","og_type":"article","og_title":"Mentions l\u00e9gales - Braley France","og_description":"Ci \u2013 apr\u00e8s d\u00e9sign\u00e9 par \u00ab le Site \u00bb, est \u00e9dit\u00e9 par la soci\u00e9t\u00e9 ci-apr\u00e8s d\u00e9nomm\u00e9e \u00ab l'\u00e9diteur \u00bb.L'\u00e9diteurBraley Bezonnes12340 RodelleT\u00e9l.: 05 65 44 93 24Fax: 05 65 48 85 60 Conception \/ R\u00e9alisation \/ Int\u00e9gration \/ H\u00e9bergement Conception et r\u00e9alisation du site -\u00a0 Agence de communication :\u00a0Productions IMAGIX 29 rue Francis Fesq 15000 Aurillac &hellip;","og_url":"https:\/\/braley-france.com\/index.php\/mentions-legales\/","og_site_name":"Braley France","article_modified_time":"2018-08-24T13:24:01+00:00","twitter_card":"summary_large_image","twitter_misc":{"Dur\u00e9e de lecture estim\u00e9e":"5 minutes"},"schema":{"@context":"https:\/\/schema.org","@graph":[{"@type":"WebPage","@id":"https:\/\/braley-france.com\/index.php\/mentions-legales\/","url":"https:\/\/braley-france.com\/index.php\/mentions-legales\/","name":"Mentions l\u00e9gales - Braley France","isPartOf":{"@id":"https:\/\/braley-france.com\/#website"},"datePublished":"2016-11-08T19:12:23+00:00","dateModified":"2018-08-24T13:24:01+00:00","breadcrumb":{"@id":"https:\/\/braley-france.com\/index.php\/mentions-legales\/#breadcrumb"},"inLanguage":"fr-FR","potentialAction":[{"@type":"ReadAction","target":["https:\/\/braley-france.com\/index.php\/mentions-legales\/"]}]},{"@type":"BreadcrumbList","@id":"https:\/\/braley-france.com\/index.php\/mentions-legales\/#breadcrumb","itemListElement":[{"@type":"ListItem","position":1,"name":"Accueil","item":"https:\/\/braley-france.com\/"},{"@type":"ListItem","position":2,"name":"Mentions l\u00e9gales"}]},{"@type":"WebSite","@id":"https:\/\/braley-france.com\/#website","url":"https:\/\/braley-france.com\/","name":"Braley France","description":"Environnement - Energies","potentialAction":[{"@type":"SearchAction","target":{"@type":"EntryPoint","urlTemplate":"https:\/\/braley-france.com\/?s={search_term_string}"},"query-input":{"@type":"PropertyValueSpecification","valueRequired":true,"valueName":"search_term_string"}}],"inLanguage":"fr-FR"}]}},"_links":{"self":[{"href":"https:\/\/braley-france.com\/index.php\/wp-json\/wp\/v2\/pages\/899","targetHints":{"allow":["GET"]}}],"collection":[{"href":"https:\/\/braley-france.com\/index.php\/wp-json\/wp\/v2\/pages"}],"about":[{"href":"https:\/\/braley-france.com\/index.php\/wp-json\/wp\/v2\/types\/page"}],"author":[{"embeddable":true,"href":"https:\/\/braley-france.com\/index.php\/wp-json\/wp\/v2\/users\/1"}],"replies":[{"embeddable":true,"href":"https:\/\/braley-france.com\/index.php\/wp-json\/wp\/v2\/comments?post=899"}],"version-history":[{"count":4,"href":"https:\/\/braley-france.com\/index.php\/wp-json\/wp\/v2\/pages\/899\/revisions"}],"predecessor-version":[{"id":1095,"href":"https:\/\/braley-france.com\/index.php\/wp-json\/wp\/v2\/pages\/899\/revisions\/1095"}],"wp:attachment":[{"href":"https:\/\/braley-france.com\/index.php\/wp-json\/wp\/v2\/media?parent=899"}],"curies":[{"name":"wp","href":"https:\/\/api.w.org\/{rel}","templated":true}]}}