{"id":852,"date":"2016-11-08T17:58:32","date_gmt":"2016-11-08T16:58:32","guid":{"rendered":"https:\/\/braley-france.com\/?page_id=852"},"modified":"2017-02-08T15:34:51","modified_gmt":"2017-02-08T14:34:51","slug":"buches","status":"publish","type":"page","link":"https:\/\/braley-france.com\/index.php\/vente-negoce\/chauffage\/buches\/","title":{"rendered":"B\u00fbches"},"content":{"rendered":"<div id=\"pl-852\"  class=\"panel-layout\" ><div id=\"pg-852-0\"  class=\"panel-grid panel-no-style\" ><div id=\"pgc-852-0-0\"  class=\"panel-grid-cell\" ><div id=\"panel-852-0-0-0\" class=\"so-panel widget widget_sow-image panel-first-child\" data-index=\"0\" ><div\n\t\t\t\n\t\t\tclass=\"so-widget-sow-image so-widget-sow-image-default-8b5b6f678277-852\"\n\t\t\t\n\t\t>\n<div class=\"sow-image-container\">\n\t\t<img \n\tsrc=\"https:\/\/braley-france.com\/wp-content\/uploads\/2016\/11\/palettecrepito-1.jpg\" width=\"431\" height=\"600\" srcset=\"https:\/\/braley-france.com\/wp-content\/uploads\/2016\/11\/palettecrepito-1.jpg 431w, https:\/\/braley-france.com\/wp-content\/uploads\/2016\/11\/palettecrepito-1-216x300.jpg 216w\" sizes=\"(max-width: 431px) 100vw, 431px\" title=\"palettecrepito\" alt=\"\" \t\tclass=\"so-widget-image\"\/>\n\t<\/div>\n\n<\/div><\/div><div id=\"panel-852-0-0-1\" class=\"so-panel widget widget_sow-image panel-last-child\" data-index=\"1\" ><div\n\t\t\t\n\t\t\tclass=\"so-widget-sow-image so-widget-sow-image-default-8b5b6f678277-852\"\n\t\t\t\n\t\t>\n<div class=\"sow-image-container\">\n\t\t<img \n\tsrc=\"https:\/\/braley-france.com\/wp-content\/uploads\/2016\/11\/buche-prenium-1.jpg\" width=\"431\" height=\"600\" srcset=\"https:\/\/braley-france.com\/wp-content\/uploads\/2016\/11\/buche-prenium-1.jpg 431w, https:\/\/braley-france.com\/wp-content\/uploads\/2016\/11\/buche-prenium-1-216x300.jpg 216w\" sizes=\"(max-width: 431px) 100vw, 431px\" title=\"buche-prenium\" alt=\"\" \t\tclass=\"so-widget-image\"\/>\n\t<\/div>\n\n<\/div><\/div><\/div><div id=\"pgc-852-0-1\"  class=\"panel-grid-cell\" ><div id=\"panel-852-0-1-0\" class=\"so-panel widget widget_black-studio-tinymce widget_black_studio_tinymce panel-first-child\" data-index=\"2\" ><div class=\"textwidget\"><h3>B\u00fbche Premium en (Palette ou sac)<\/h3>\n<p><strong>Disponible sur le site d\u2019Onet le Ch\u00e2teau sur palette de 1.2 st\u00e8re ou en sac de 40dm3 en section de 30 ou 40 cm.<br \/> <\/strong><\/p>\n<p>Les B\u00fbches Premium sont\u00a0un produit unique sur le march\u00e9 qui r\u00e9pond aux besoins actuels des consommateurs de bois \u00e9nergie.\u00a0<strong>Fendue, s\u00e9ch\u00e9e, nettoy\u00e9e en tambour d'\u00e9cor\u00e7age, cette b\u00fbche de bois offre un pouvoir calorifique exceptionnel et un taux d'humidit\u00e9 tr\u00e8s bas<\/strong>\u00a0(-20% d'humidit\u00e9).<\/p>\n<p>Les B\u00fbches Premium sont disponibles coup\u00e9es en petites sections (12 cm maximum pour une\u00a0<strong>longueur de 30 ou 40 cm<\/strong>), elles produisent plus d'\u00e9nergie que les b\u00fbches de bois traditionnelles et r\u00e9duisent les \u00e9missions de polluants et de CO<sub>2<\/sub>.<\/p>\n<p><strong>Elles assurent l'agr\u00e9ment d'un beau feu de bois en \u00e9vitant toutes les contraintes du bois de chauffage<\/strong>\u00a0(bois \u00e0 fendre et \u00e0 stocker, cendres importantes, encrassement de la vitre, bistrage du conduit, salissures, pr\u00e9sence d'insectes\u2026).<\/p>\n<\/div><\/div><div id=\"panel-852-0-1-1\" class=\"so-panel widget widget_black-studio-tinymce widget_black_studio_tinymce panel-last-child\" data-index=\"3\" ><div class=\"textwidget\"><table class=\"tab-negoce\" border=\"0\" width=\"100%\" cellspacing=\"2\" cellpadding=\"7\">\n<tbody>\n<tr>\n<td><strong>Param\u00e8tres<\/strong><\/td>\n<td><strong>Buche Prenium<\/strong><\/td>\n<\/tr>\n<tr>\n<td nowrap=\"nowrap\"><strong>Origine<\/strong><\/td>\n<td nowrap=\"nowrap\" width=\"144\">100 % bois Fran\u00e7ais<\/td>\n<\/tr>\n<tr>\n<td nowrap=\"nowrap\"><strong>Type de bois<\/strong><\/td>\n<td nowrap=\"nowrap\" width=\"144\">100% feuillus durs : ch\u00eane \u2013 charme - h\u00eatre<\/td>\n<\/tr>\n<tr>\n<td nowrap=\"nowrap\"><strong>Qualit\u00e9<\/strong><\/td>\n<td nowrap=\"nowrap\" width=\"144\">\u00a0Groupe H1 G1<\/td>\n<\/tr>\n<tr>\n<td nowrap=\"nowrap\"><strong>Longueur<\/strong><\/td>\n<td nowrap=\"nowrap\" width=\"144\">\u00a030 ou 40 cm (\u00b15%)<\/td>\n<\/tr>\n<tr>\n<td nowrap=\"nowrap\"><strong>Section<\/strong><\/td>\n<td nowrap=\"nowrap\" width=\"144\">8 cm \u2264 90% Vol. \u2264 12 cm<\/td>\n<\/tr>\n<tr>\n<td nowrap=\"nowrap\"><strong>Utilisation<\/strong><\/td>\n<td nowrap=\"nowrap\" width=\"144\">Imm\u00e9diate<\/td>\n<\/tr>\n<tr>\n<td nowrap=\"nowrap\"><strong>PCI sur brut<\/strong><\/td>\n<td nowrap=\"nowrap\" width=\"144\">3.9 kWh.kg-1 \u2264 PCI \u2264 4,2 kWh.kg-1<\/td>\n<\/tr>\n<tr>\n<td nowrap=\"nowrap\"><strong>Taux d'humidit\u00e9 \u00e0 coeur sur brut<\/strong><\/td>\n<td nowrap=\"nowrap\" width=\"144\">5% \u2264 H \u2264 20%<\/td>\n<\/tr>\n<tr>\n<td nowrap=\"nowrap\"><strong>Comportement \u00e0 l'allumage<\/strong><\/td>\n<td nowrap=\"nowrap\" width=\"144\">Allumage rapide et chaleur imm\u00e9diate<\/td>\n<\/tr>\n<tr>\n<td nowrap=\"nowrap\"><strong>Performance de combustion<\/strong><\/td>\n<td nowrap=\"nowrap\" width=\"144\">Garantie du rendement de l\u2019appareil<\/td>\n<\/tr>\n<\/tbody>\n<\/table>\n<\/div><\/div><\/div><\/div><div id=\"pg-852-1\"  class=\"panel-grid panel-no-style\" ><div id=\"pgc-852-1-0\"  class=\"panel-grid-cell\" ><div id=\"panel-852-1-0-0\" class=\"so-panel widget widget_black-studio-tinymce widget_black_studio_tinymce panel-first-child panel-last-child\" data-index=\"4\" ><div class=\"textwidget\"><h3>B\u00fbche de Pays : Ch\u00eane-H\u00eatre<\/h3>\n<p><strong>Disponible sur le site d\u2019Onet le Ch\u00e2teau sur palette de 3.1 st\u00e8re (b\u00fbches ou cubes).<\/strong><br \/>\nEn section m\u00e9lang\u00e9 de 20 \u00e0 50 cm. Elles sont issues d\u2019un bois local.<\/p>\n<\/div><\/div><\/div><\/div><div id=\"pg-852-2\"  class=\"panel-grid panel-no-style\" ><div id=\"pgc-852-2-0\"  class=\"panel-grid-cell\" ><div id=\"panel-852-2-0-0\" class=\"so-panel widget widget_sow-image panel-first-child panel-last-child\" data-index=\"5\" ><div\n\t\t\t\n\t\t\tclass=\"so-widget-sow-image so-widget-sow-image-default-8b5b6f678277-852\"\n\t\t\t\n\t\t>\n<div class=\"sow-image-container\">\n\t\t<img \n\tsrc=\"https:\/\/braley-france.com\/wp-content\/uploads\/2016\/11\/BOIS-BUCHE-D.jpeg\" width=\"640\" height=\"480\" srcset=\"https:\/\/braley-france.com\/wp-content\/uploads\/2016\/11\/BOIS-BUCHE-D.jpeg 640w, https:\/\/braley-france.com\/wp-content\/uploads\/2016\/11\/BOIS-BUCHE-D-600x450.jpeg 600w, https:\/\/braley-france.com\/wp-content\/uploads\/2016\/11\/BOIS-BUCHE-D-300x225.jpeg 300w\" sizes=\"(max-width: 640px) 100vw, 640px\" title=\"BOIS BUCHE D\" alt=\"\" \t\tclass=\"so-widget-image\"\/>\n\t<\/div>\n\n<\/div><\/div><\/div><div id=\"pgc-852-2-1\"  class=\"panel-grid-cell\" ><div id=\"panel-852-2-1-0\" class=\"so-panel widget widget_sow-image panel-first-child panel-last-child\" data-index=\"6\" ><div\n\t\t\t\n\t\t\tclass=\"so-widget-sow-image so-widget-sow-image-default-8b5b6f678277-852\"\n\t\t\t\n\t\t>\n<div class=\"sow-image-container\">\n\t\t<img \n\tsrc=\"https:\/\/braley-france.com\/wp-content\/uploads\/2016\/11\/BOIS-CUBE-D.jpeg\" width=\"640\" height=\"480\" srcset=\"https:\/\/braley-france.com\/wp-content\/uploads\/2016\/11\/BOIS-CUBE-D.jpeg 640w, https:\/\/braley-france.com\/wp-content\/uploads\/2016\/11\/BOIS-CUBE-D-600x450.jpeg 600w, https:\/\/braley-france.com\/wp-content\/uploads\/2016\/11\/BOIS-CUBE-D-300x225.jpeg 300w\" sizes=\"(max-width: 640px) 100vw, 640px\" title=\"BOIS CUBE D\" alt=\"\" \t\tclass=\"so-widget-image\"\/>\n\t<\/div>\n\n<\/div><\/div><\/div><\/div><\/div>","protected":false},"excerpt":{"rendered":"<p>Disponible sur le site d\u2019Onet le Ch\u00e2teau sur palette<\/p>\n","protected":false},"author":1,"featured_media":879,"parent":791,"menu_order":0,"comment_status":"closed","ping_status":"closed","template":"","meta":{"_acf_changed":false,"footnotes":""},"class_list":["post-852","page","type-page","status-publish","has-post-thumbnail","hentry"],"acf":[],"yoast_head":"<!-- This site is optimized with the Yoast SEO plugin v27.5 - https:\/\/yoast.com\/product\/yoast-seo-wordpress\/ -->\n<title>B\u00fbches - Braley France<\/title>\n<meta name=\"robots\" content=\"index, follow, max-snippet:-1, max-image-preview:large, max-video-preview:-1\" \/>\n<link rel=\"canonical\" href=\"https:\/\/braley-france.com\/index.php\/vente-negoce\/chauffage\/buches\/\" \/>\n<meta property=\"og:locale\" content=\"fr_FR\" \/>\n<meta property=\"og:type\" content=\"article\" \/>\n<meta property=\"og:title\" content=\"B\u00fbches - Braley France\" \/>\n<meta property=\"og:description\" content=\"Disponible sur le site d\u2019Onet le Ch\u00e2teau sur palette\" \/>\n<meta property=\"og:url\" content=\"https:\/\/braley-france.com\/index.php\/vente-negoce\/chauffage\/buches\/\" \/>\n<meta property=\"og:site_name\" content=\"Braley France\" \/>\n<meta property=\"article:modified_time\" content=\"2017-02-08T14:34:51+00:00\" \/>\n<meta property=\"og:image\" content=\"https:\/\/braley-france.com\/wp-content\/uploads\/2016\/11\/buche.jpg\" \/>\n\t<meta property=\"og:image:width\" content=\"800\" \/>\n\t<meta property=\"og:image:height\" content=\"540\" \/>\n\t<meta property=\"og:image:type\" content=\"image\/jpeg\" \/>\n<meta name=\"twitter:card\" content=\"summary_large_image\" \/>\n<meta name=\"twitter:label1\" content=\"Dur\u00e9e de lecture estim\u00e9e\" \/>\n\t<meta name=\"twitter:data1\" content=\"1 minute\" \/>\n<script type=\"application\/ld+json\" class=\"yoast-schema-graph\">{\"@context\":\"https:\\\/\\\/schema.org\",\"@graph\":[{\"@type\":\"WebPage\",\"@id\":\"https:\\\/\\\/braley-france.com\\\/index.php\\\/vente-negoce\\\/chauffage\\\/buches\\\/\",\"url\":\"https:\\\/\\\/braley-france.com\\\/index.php\\\/vente-negoce\\\/chauffage\\\/buches\\\/\",\"name\":\"B\u00fbches - Braley France\",\"isPartOf\":{\"@id\":\"https:\\\/\\\/braley-france.com\\\/#website\"},\"primaryImageOfPage\":{\"@id\":\"https:\\\/\\\/braley-france.com\\\/index.php\\\/vente-negoce\\\/chauffage\\\/buches\\\/#primaryimage\"},\"image\":{\"@id\":\"https:\\\/\\\/braley-france.com\\\/index.php\\\/vente-negoce\\\/chauffage\\\/buches\\\/#primaryimage\"},\"thumbnailUrl\":\"https:\\\/\\\/braley-france.com\\\/wp-content\\\/uploads\\\/2016\\\/11\\\/buche.jpg\",\"datePublished\":\"2016-11-08T16:58:32+00:00\",\"dateModified\":\"2017-02-08T14:34:51+00:00\",\"breadcrumb\":{\"@id\":\"https:\\\/\\\/braley-france.com\\\/index.php\\\/vente-negoce\\\/chauffage\\\/buches\\\/#breadcrumb\"},\"inLanguage\":\"fr-FR\",\"potentialAction\":[{\"@type\":\"ReadAction\",\"target\":[\"https:\\\/\\\/braley-france.com\\\/index.php\\\/vente-negoce\\\/chauffage\\\/buches\\\/\"]}]},{\"@type\":\"ImageObject\",\"inLanguage\":\"fr-FR\",\"@id\":\"https:\\\/\\\/braley-france.com\\\/index.php\\\/vente-negoce\\\/chauffage\\\/buches\\\/#primaryimage\",\"url\":\"https:\\\/\\\/braley-france.com\\\/wp-content\\\/uploads\\\/2016\\\/11\\\/buche.jpg\",\"contentUrl\":\"https:\\\/\\\/braley-france.com\\\/wp-content\\\/uploads\\\/2016\\\/11\\\/buche.jpg\",\"width\":800,\"height\":540},{\"@type\":\"BreadcrumbList\",\"@id\":\"https:\\\/\\\/braley-france.com\\\/index.php\\\/vente-negoce\\\/chauffage\\\/buches\\\/#breadcrumb\",\"itemListElement\":[{\"@type\":\"ListItem\",\"position\":1,\"name\":\"Accueil\",\"item\":\"https:\\\/\\\/braley-france.com\\\/\"},{\"@type\":\"ListItem\",\"position\":2,\"name\":\"Vente \\\/ N\u00e9goce\",\"item\":\"https:\\\/\\\/braley-france.com\\\/index.php\\\/vente-negoce\\\/\"},{\"@type\":\"ListItem\",\"position\":3,\"name\":\"Chauffage\",\"item\":\"https:\\\/\\\/braley-france.com\\\/index.php\\\/vente-negoce\\\/chauffage\\\/\"},{\"@type\":\"ListItem\",\"position\":4,\"name\":\"B\u00fbches\"}]},{\"@type\":\"WebSite\",\"@id\":\"https:\\\/\\\/braley-france.com\\\/#website\",\"url\":\"https:\\\/\\\/braley-france.com\\\/\",\"name\":\"Braley France\",\"description\":\"Environnement - Energies\",\"potentialAction\":[{\"@type\":\"SearchAction\",\"target\":{\"@type\":\"EntryPoint\",\"urlTemplate\":\"https:\\\/\\\/braley-france.com\\\/?s={search_term_string}\"},\"query-input\":{\"@type\":\"PropertyValueSpecification\",\"valueRequired\":true,\"valueName\":\"search_term_string\"}}],\"inLanguage\":\"fr-FR\"}]}<\/script>\n<!-- \/ Yoast SEO plugin. -->","yoast_head_json":{"title":"B\u00fbches - Braley France","robots":{"index":"index","follow":"follow","max-snippet":"max-snippet:-1","max-image-preview":"max-image-preview:large","max-video-preview":"max-video-preview:-1"},"canonical":"https:\/\/braley-france.com\/index.php\/vente-negoce\/chauffage\/buches\/","og_locale":"fr_FR","og_type":"article","og_title":"B\u00fbches - Braley France","og_description":"Disponible sur le site d\u2019Onet le Ch\u00e2teau sur palette","og_url":"https:\/\/braley-france.com\/index.php\/vente-negoce\/chauffage\/buches\/","og_site_name":"Braley France","article_modified_time":"2017-02-08T14:34:51+00:00","og_image":[{"width":800,"height":540,"url":"https:\/\/braley-france.com\/wp-content\/uploads\/2016\/11\/buche.jpg","type":"image\/jpeg"}],"twitter_card":"summary_large_image","twitter_misc":{"Dur\u00e9e de lecture estim\u00e9e":"1 minute"},"schema":{"@context":"https:\/\/schema.org","@graph":[{"@type":"WebPage","@id":"https:\/\/braley-france.com\/index.php\/vente-negoce\/chauffage\/buches\/","url":"https:\/\/braley-france.com\/index.php\/vente-negoce\/chauffage\/buches\/","name":"B\u00fbches - Braley France","isPartOf":{"@id":"https:\/\/braley-france.com\/#website"},"primaryImageOfPage":{"@id":"https:\/\/braley-france.com\/index.php\/vente-negoce\/chauffage\/buches\/#primaryimage"},"image":{"@id":"https:\/\/braley-france.com\/index.php\/vente-negoce\/chauffage\/buches\/#primaryimage"},"thumbnailUrl":"https:\/\/braley-france.com\/wp-content\/uploads\/2016\/11\/buche.jpg","datePublished":"2016-11-08T16:58:32+00:00","dateModified":"2017-02-08T14:34:51+00:00","breadcrumb":{"@id":"https:\/\/braley-france.com\/index.php\/vente-negoce\/chauffage\/buches\/#breadcrumb"},"inLanguage":"fr-FR","potentialAction":[{"@type":"ReadAction","target":["https:\/\/braley-france.com\/index.php\/vente-negoce\/chauffage\/buches\/"]}]},{"@type":"ImageObject","inLanguage":"fr-FR","@id":"https:\/\/braley-france.com\/index.php\/vente-negoce\/chauffage\/buches\/#primaryimage","url":"https:\/\/braley-france.com\/wp-content\/uploads\/2016\/11\/buche.jpg","contentUrl":"https:\/\/braley-france.com\/wp-content\/uploads\/2016\/11\/buche.jpg","width":800,"height":540},{"@type":"BreadcrumbList","@id":"https:\/\/braley-france.com\/index.php\/vente-negoce\/chauffage\/buches\/#breadcrumb","itemListElement":[{"@type":"ListItem","position":1,"name":"Accueil","item":"https:\/\/braley-france.com\/"},{"@type":"ListItem","position":2,"name":"Vente \/ N\u00e9goce","item":"https:\/\/braley-france.com\/index.php\/vente-negoce\/"},{"@type":"ListItem","position":3,"name":"Chauffage","item":"https:\/\/braley-france.com\/index.php\/vente-negoce\/chauffage\/"},{"@type":"ListItem","position":4,"name":"B\u00fbches"}]},{"@type":"WebSite","@id":"https:\/\/braley-france.com\/#website","url":"https:\/\/braley-france.com\/","name":"Braley France","description":"Environnement - Energies","potentialAction":[{"@type":"SearchAction","target":{"@type":"EntryPoint","urlTemplate":"https:\/\/braley-france.com\/?s={search_term_string}"},"query-input":{"@type":"PropertyValueSpecification","valueRequired":true,"valueName":"search_term_string"}}],"inLanguage":"fr-FR"}]}},"_links":{"self":[{"href":"https:\/\/braley-france.com\/index.php\/wp-json\/wp\/v2\/pages\/852","targetHints":{"allow":["GET"]}}],"collection":[{"href":"https:\/\/braley-france.com\/index.php\/wp-json\/wp\/v2\/pages"}],"about":[{"href":"https:\/\/braley-france.com\/index.php\/wp-json\/wp\/v2\/types\/page"}],"author":[{"embeddable":true,"href":"https:\/\/braley-france.com\/index.php\/wp-json\/wp\/v2\/users\/1"}],"replies":[{"embeddable":true,"href":"https:\/\/braley-france.com\/index.php\/wp-json\/wp\/v2\/comments?post=852"}],"version-history":[{"count":19,"href":"https:\/\/braley-france.com\/index.php\/wp-json\/wp\/v2\/pages\/852\/revisions"}],"predecessor-version":[{"id":1080,"href":"https:\/\/braley-france.com\/index.php\/wp-json\/wp\/v2\/pages\/852\/revisions\/1080"}],"up":[{"embeddable":true,"href":"https:\/\/braley-france.com\/index.php\/wp-json\/wp\/v2\/pages\/791"}],"wp:featuredmedia":[{"embeddable":true,"href":"https:\/\/braley-france.com\/index.php\/wp-json\/wp\/v2\/media\/879"}],"wp:attachment":[{"href":"https:\/\/braley-france.com\/index.php\/wp-json\/wp\/v2\/media?parent=852"}],"curies":[{"name":"wp","href":"https:\/\/api.w.org\/{rel}","templated":true}]}}