{"id":842,"date":"2016-11-08T17:50:22","date_gmt":"2016-11-08T16:50:22","guid":{"rendered":"https:\/\/braley-france.com\/?page_id=842"},"modified":"2017-02-08T15:30:25","modified_gmt":"2017-02-08T14:30:25","slug":"plaquettes","status":"publish","type":"page","link":"https:\/\/braley-france.com\/index.php\/vente-negoce\/chauffage\/plaquettes\/","title":{"rendered":"Plaquettes"},"content":{"rendered":"<div id=\"pl-842\"  class=\"panel-layout\" ><div id=\"pg-842-0\"  class=\"panel-grid panel-no-style\" ><div id=\"pgc-842-0-0\"  class=\"panel-grid-cell\" ><div id=\"panel-842-0-0-0\" class=\"so-panel widget widget_sow-slider panel-first-child panel-last-child\" data-index=\"0\" ><div class=\"panel-widget-style panel-widget-style-for-842-0-0-0\" ><div\n\t\t\t\n\t\t\tclass=\"so-widget-sow-slider so-widget-sow-slider-default-6d39609536fd-842\"\n\t\t\t\n\t\t>\t\t\t\t<div class=\"sow-slider-base\" style=\"display: none\" tabindex=\"0\">\n\t\t\t\t\t<ul\n\t\t\t\t\tclass=\"sow-slider-images\"\n\t\t\t\t\tdata-settings=\"{&quot;pagination&quot;:true,&quot;speed&quot;:800,&quot;timeout&quot;:8000,&quot;paused&quot;:false,&quot;pause_on_hover&quot;:false,&quot;swipe&quot;:true,&quot;nav_always_show_desktop&quot;:&quot;&quot;,&quot;nav_always_show_mobile&quot;:&quot;&quot;,&quot;breakpoint&quot;:&quot;780px&quot;,&quot;unmute&quot;:false,&quot;anchor&quot;:null}\"\n\t\t\t\t\t\t\t\t\t\tdata-anchor-id=\"\"\n\t\t\t\t>\t\t<li class=\"sow-slider-image\" style=\"visibility: visible;\" >\n\t\t\t\t\t\t<img loading=\"lazy\" decoding=\"async\" width=\"800\" height=\"425\" src=\"https:\/\/braley-france.com\/wp-content\/uploads\/2016\/11\/plaquette.jpg\" class=\"sow-slider-background-image\" alt=\"\" style=\"\" srcset=\"https:\/\/braley-france.com\/wp-content\/uploads\/2016\/11\/plaquette.jpg 800w, https:\/\/braley-france.com\/wp-content\/uploads\/2016\/11\/plaquette-600x319.jpg 600w, https:\/\/braley-france.com\/wp-content\/uploads\/2016\/11\/plaquette-300x159.jpg 300w, https:\/\/braley-france.com\/wp-content\/uploads\/2016\/11\/plaquette-768x408.jpg 768w\" sizes=\"auto, (max-width: 800px) 100vw, 800px\" \/>\t\t<\/li>\n\t\t\t\t<li class=\"sow-slider-image\" style=\"visibility: hidden;\" >\n\t\t\t\t\t\t<img loading=\"lazy\" decoding=\"async\" width=\"800\" height=\"425\" src=\"https:\/\/braley-france.com\/wp-content\/uploads\/2016\/11\/plaquette-2.jpg\" class=\"sow-slider-background-image\" alt=\"\" style=\"\" srcset=\"https:\/\/braley-france.com\/wp-content\/uploads\/2016\/11\/plaquette-2.jpg 800w, https:\/\/braley-france.com\/wp-content\/uploads\/2016\/11\/plaquette-2-600x319.jpg 600w, https:\/\/braley-france.com\/wp-content\/uploads\/2016\/11\/plaquette-2-300x159.jpg 300w, https:\/\/braley-france.com\/wp-content\/uploads\/2016\/11\/plaquette-2-768x408.jpg 768w\" sizes=\"auto, (max-width: 800px) 100vw, 800px\" \/>\t\t<\/li>\n\t\t<\/ul>\t\t\t\t<ol class=\"sow-slider-pagination\">\n\t\t\t\t\t\t\t\t\t\t\t<li><a href=\"#\" data-goto=\"0\" aria-label=\"Display slide 1\"><\/a><\/li>\n\t\t\t\t\t\t\t\t\t\t\t<li><a href=\"#\" data-goto=\"1\" aria-label=\"Display slide 2\"><\/a><\/li>\n\t\t\t\t\t\t\t\t\t<\/ol>\n\n\t\t\t\t<div class=\"sow-slide-nav sow-slide-nav-next\">\n\t\t\t\t\t<a href=\"#\" data-goto=\"next\" aria-label=\"Next slide\" data-action=\"next\">\n\t\t\t\t\t\t<em class=\"sow-sld-icon-thin-right\"><\/em>\n\t\t\t\t\t<\/a>\n\t\t\t\t<\/div>\n\n\t\t\t\t<div class=\"sow-slide-nav sow-slide-nav-prev\">\n\t\t\t\t\t<a href=\"#\" data-goto=\"previous\" aria-label=\"Previous slide\" data-action=\"prev\">\n\t\t\t\t\t\t<em class=\"sow-sld-icon-thin-left\"><\/em>\n\t\t\t\t\t<\/a>\n\t\t\t\t<\/div>\n\t\t\t\t<\/div><\/div><\/div><\/div><\/div><div id=\"pgc-842-0-1\"  class=\"panel-grid-cell\" ><div id=\"panel-842-0-1-0\" class=\"so-panel widget widget_black-studio-tinymce widget_black_studio_tinymce panel-first-child panel-last-child\" data-index=\"1\" ><div class=\"textwidget\"><table class=\"tab-negoce\" border=\"0\" cellspacing=\"2\" cellpadding=\"7\">\n<tbody>\n<tr>\n<td><strong>Param\u00e8tres<\/strong><\/td>\n<td><strong>Plaquettes<\/strong><\/td>\n<\/tr>\n<tr>\n<td nowrap=\"nowrap\">PCI Brut<\/td>\n<td nowrap=\"nowrap\" width=\"144\">3.6 Kwh\/kg<\/td>\n<\/tr>\n<tr>\n<td nowrap=\"nowrap\">Densit\u00e9<\/td>\n<td nowrap=\"nowrap\" width=\"144\">0.28 t\/ m<sup>3<\/sup><\/td>\n<\/tr>\n<tr>\n<td nowrap=\"nowrap\">Taux d'humidit\u00e9<\/td>\n<td nowrap=\"nowrap\" width=\"144\">\u00a025%<\/td>\n<\/tr>\n<tr>\n<td nowrap=\"nowrap\">Taux de cendre<strong><br \/> <\/strong><\/td>\n<td nowrap=\"nowrap\" width=\"144\">\u00a0&lt; 3 %<\/td>\n<\/tr>\n<tr>\n<td nowrap=\"nowrap\">Granulom\u00e9trie (mm)<\/td>\n<td nowrap=\"nowrap\" width=\"144\">Max. 30 x 30 x 15<\/td>\n<\/tr>\n<\/tbody>\n<\/table>\n<\/div><\/div><\/div><\/div><div id=\"pg-842-1\"  class=\"panel-grid panel-no-style\" ><div id=\"pgc-842-1-0\"  class=\"panel-grid-cell\" ><div id=\"panel-842-1-0-0\" class=\"so-panel widget widget_black-studio-tinymce widget_black_studio_tinymce panel-first-child panel-last-child\" data-index=\"2\" ><div class=\"textwidget\"><h4>Plaquette de bois<\/h4>\n<p>Disponible sur le site de Bozouls en vrac ainsi qu\u2019avec notre camion souffleur pour les livraisons \u00e0 domicile ou en benne.<\/p>\n<\/div><\/div><\/div><\/div><div id=\"pg-842-2\"  class=\"panel-grid panel-no-style\" ><div id=\"pgc-842-2-0\"  class=\"panel-grid-cell\" ><div id=\"panel-842-2-0-0\" class=\"so-panel widget widget_black-studio-tinymce widget_black_studio_tinymce panel-first-child panel-last-child\" data-index=\"3\" ><div class=\"textwidget\"><p><strong>Plaquettes foresti\u00e8res<\/strong> :<br \/>Issues du broyage de bois de for\u00eat, ces plaquettes sont conseill\u00e9es pour les chaudi\u00e8res collectives. Les particuliers qui souhaitent s\u2019\u00e9quiper d\u2019une chaudi\u00e8re \u00e0 plaquettes doivent disposer de suffisamment de surface pour r\u00e9aliser un silo adjacent \u00e0 la chaufferie.<\/p>\n<\/div><\/div><\/div><div id=\"pgc-842-2-1\"  class=\"panel-grid-cell\" ><div id=\"panel-842-2-1-0\" class=\"so-panel widget widget_black-studio-tinymce widget_black_studio_tinymce panel-first-child panel-last-child\" data-index=\"4\" ><div class=\"textwidget\"><p><strong>Plaquettes de bois de r\u00e9cup\u00e9ration :<\/strong><br \/>M\u00eame processus que pour les plaquettes foresti\u00e8res, elles servent pour les chaudi\u00e8res industrielles ou de collectivit\u00e9. Cette cat\u00e9gorie est constitu\u00e9e de broyage de palettes et de chutes propres.<\/p>\n<\/div><\/div><\/div><div id=\"pgc-842-2-2\"  class=\"panel-grid-cell\" ><div id=\"panel-842-2-2-0\" class=\"so-panel widget widget_black-studio-tinymce widget_black_studio_tinymce panel-first-child panel-last-child\" data-index=\"5\" ><div class=\"textwidget\"><p><strong>Plaquettes de bois de d\u00e9molition ou de d\u00e9chetterie <\/strong><strong>:<\/strong> <br \/>Elles peuvent \u00eatre utilis\u00e9es uniquement dans des sites habilit\u00e9s, avec traitement des fum\u00e9es\u2026<\/p>\n<\/div><\/div><\/div><div id=\"pgc-842-2-3\"  class=\"panel-grid-cell\" ><div id=\"panel-842-2-3-0\" class=\"so-panel widget widget_black-studio-tinymce widget_black_studio_tinymce panel-first-child panel-last-child\" data-index=\"6\" ><div class=\"textwidget\"><p><strong>Approvisionnement :<\/strong><br \/>Nous assurons les livraisons par benne ou par camion souffleur de 30 m3.<\/p>\n<\/div><\/div><\/div><\/div><\/div>","protected":false},"excerpt":{"rendered":"<p>Disponible sur le site de Bozouls en vrac ainsi qu\u2019avec notre camion souffleur pour les livraisons \u00e0 domicile.<\/p>\n","protected":false},"author":1,"featured_media":883,"parent":791,"menu_order":0,"comment_status":"closed","ping_status":"closed","template":"","meta":{"_acf_changed":false,"footnotes":""},"class_list":["post-842","page","type-page","status-publish","has-post-thumbnail","hentry"],"acf":[],"yoast_head":"<!-- This site is optimized with the Yoast SEO plugin v27.5 - https:\/\/yoast.com\/product\/yoast-seo-wordpress\/ -->\n<title>Plaquettes - Braley France<\/title>\n<meta name=\"robots\" content=\"index, follow, max-snippet:-1, max-image-preview:large, max-video-preview:-1\" \/>\n<link rel=\"canonical\" href=\"https:\/\/braley-france.com\/index.php\/vente-negoce\/chauffage\/plaquettes\/\" \/>\n<meta property=\"og:locale\" content=\"fr_FR\" \/>\n<meta property=\"og:type\" content=\"article\" \/>\n<meta property=\"og:title\" content=\"Plaquettes - Braley France\" \/>\n<meta property=\"og:description\" content=\"Disponible sur le site de Bozouls en vrac ainsi qu\u2019avec notre camion souffleur pour les livraisons \u00e0 domicile.\" \/>\n<meta property=\"og:url\" content=\"https:\/\/braley-france.com\/index.php\/vente-negoce\/chauffage\/plaquettes\/\" \/>\n<meta property=\"og:site_name\" content=\"Braley France\" \/>\n<meta property=\"article:modified_time\" content=\"2017-02-08T14:30:25+00:00\" \/>\n<meta property=\"og:image\" content=\"https:\/\/braley-france.com\/wp-content\/uploads\/2016\/11\/plaquette-3.jpg\" \/>\n\t<meta property=\"og:image:width\" content=\"800\" \/>\n\t<meta property=\"og:image:height\" content=\"540\" \/>\n\t<meta property=\"og:image:type\" content=\"image\/jpeg\" \/>\n<meta name=\"twitter:card\" content=\"summary_large_image\" \/>\n<meta name=\"twitter:label1\" content=\"Dur\u00e9e de lecture estim\u00e9e\" \/>\n\t<meta name=\"twitter:data1\" content=\"1 minute\" \/>\n<script type=\"application\/ld+json\" class=\"yoast-schema-graph\">{\"@context\":\"https:\\\/\\\/schema.org\",\"@graph\":[{\"@type\":\"WebPage\",\"@id\":\"https:\\\/\\\/braley-france.com\\\/index.php\\\/vente-negoce\\\/chauffage\\\/plaquettes\\\/\",\"url\":\"https:\\\/\\\/braley-france.com\\\/index.php\\\/vente-negoce\\\/chauffage\\\/plaquettes\\\/\",\"name\":\"Plaquettes - Braley France\",\"isPartOf\":{\"@id\":\"https:\\\/\\\/braley-france.com\\\/#website\"},\"primaryImageOfPage\":{\"@id\":\"https:\\\/\\\/braley-france.com\\\/index.php\\\/vente-negoce\\\/chauffage\\\/plaquettes\\\/#primaryimage\"},\"image\":{\"@id\":\"https:\\\/\\\/braley-france.com\\\/index.php\\\/vente-negoce\\\/chauffage\\\/plaquettes\\\/#primaryimage\"},\"thumbnailUrl\":\"https:\\\/\\\/braley-france.com\\\/wp-content\\\/uploads\\\/2016\\\/11\\\/plaquette-3.jpg\",\"datePublished\":\"2016-11-08T16:50:22+00:00\",\"dateModified\":\"2017-02-08T14:30:25+00:00\",\"breadcrumb\":{\"@id\":\"https:\\\/\\\/braley-france.com\\\/index.php\\\/vente-negoce\\\/chauffage\\\/plaquettes\\\/#breadcrumb\"},\"inLanguage\":\"fr-FR\",\"potentialAction\":[{\"@type\":\"ReadAction\",\"target\":[\"https:\\\/\\\/braley-france.com\\\/index.php\\\/vente-negoce\\\/chauffage\\\/plaquettes\\\/\"]}]},{\"@type\":\"ImageObject\",\"inLanguage\":\"fr-FR\",\"@id\":\"https:\\\/\\\/braley-france.com\\\/index.php\\\/vente-negoce\\\/chauffage\\\/plaquettes\\\/#primaryimage\",\"url\":\"https:\\\/\\\/braley-france.com\\\/wp-content\\\/uploads\\\/2016\\\/11\\\/plaquette-3.jpg\",\"contentUrl\":\"https:\\\/\\\/braley-france.com\\\/wp-content\\\/uploads\\\/2016\\\/11\\\/plaquette-3.jpg\",\"width\":800,\"height\":540},{\"@type\":\"BreadcrumbList\",\"@id\":\"https:\\\/\\\/braley-france.com\\\/index.php\\\/vente-negoce\\\/chauffage\\\/plaquettes\\\/#breadcrumb\",\"itemListElement\":[{\"@type\":\"ListItem\",\"position\":1,\"name\":\"Accueil\",\"item\":\"https:\\\/\\\/braley-france.com\\\/\"},{\"@type\":\"ListItem\",\"position\":2,\"name\":\"Vente \\\/ N\u00e9goce\",\"item\":\"https:\\\/\\\/braley-france.com\\\/index.php\\\/vente-negoce\\\/\"},{\"@type\":\"ListItem\",\"position\":3,\"name\":\"Chauffage\",\"item\":\"https:\\\/\\\/braley-france.com\\\/index.php\\\/vente-negoce\\\/chauffage\\\/\"},{\"@type\":\"ListItem\",\"position\":4,\"name\":\"Plaquettes\"}]},{\"@type\":\"WebSite\",\"@id\":\"https:\\\/\\\/braley-france.com\\\/#website\",\"url\":\"https:\\\/\\\/braley-france.com\\\/\",\"name\":\"Braley France\",\"description\":\"Environnement - Energies\",\"potentialAction\":[{\"@type\":\"SearchAction\",\"target\":{\"@type\":\"EntryPoint\",\"urlTemplate\":\"https:\\\/\\\/braley-france.com\\\/?s={search_term_string}\"},\"query-input\":{\"@type\":\"PropertyValueSpecification\",\"valueRequired\":true,\"valueName\":\"search_term_string\"}}],\"inLanguage\":\"fr-FR\"}]}<\/script>\n<!-- \/ Yoast SEO plugin. -->","yoast_head_json":{"title":"Plaquettes - Braley France","robots":{"index":"index","follow":"follow","max-snippet":"max-snippet:-1","max-image-preview":"max-image-preview:large","max-video-preview":"max-video-preview:-1"},"canonical":"https:\/\/braley-france.com\/index.php\/vente-negoce\/chauffage\/plaquettes\/","og_locale":"fr_FR","og_type":"article","og_title":"Plaquettes - Braley France","og_description":"Disponible sur le site de Bozouls en vrac ainsi qu\u2019avec notre camion souffleur pour les livraisons \u00e0 domicile.","og_url":"https:\/\/braley-france.com\/index.php\/vente-negoce\/chauffage\/plaquettes\/","og_site_name":"Braley France","article_modified_time":"2017-02-08T14:30:25+00:00","og_image":[{"width":800,"height":540,"url":"https:\/\/braley-france.com\/wp-content\/uploads\/2016\/11\/plaquette-3.jpg","type":"image\/jpeg"}],"twitter_card":"summary_large_image","twitter_misc":{"Dur\u00e9e de lecture estim\u00e9e":"1 minute"},"schema":{"@context":"https:\/\/schema.org","@graph":[{"@type":"WebPage","@id":"https:\/\/braley-france.com\/index.php\/vente-negoce\/chauffage\/plaquettes\/","url":"https:\/\/braley-france.com\/index.php\/vente-negoce\/chauffage\/plaquettes\/","name":"Plaquettes - Braley France","isPartOf":{"@id":"https:\/\/braley-france.com\/#website"},"primaryImageOfPage":{"@id":"https:\/\/braley-france.com\/index.php\/vente-negoce\/chauffage\/plaquettes\/#primaryimage"},"image":{"@id":"https:\/\/braley-france.com\/index.php\/vente-negoce\/chauffage\/plaquettes\/#primaryimage"},"thumbnailUrl":"https:\/\/braley-france.com\/wp-content\/uploads\/2016\/11\/plaquette-3.jpg","datePublished":"2016-11-08T16:50:22+00:00","dateModified":"2017-02-08T14:30:25+00:00","breadcrumb":{"@id":"https:\/\/braley-france.com\/index.php\/vente-negoce\/chauffage\/plaquettes\/#breadcrumb"},"inLanguage":"fr-FR","potentialAction":[{"@type":"ReadAction","target":["https:\/\/braley-france.com\/index.php\/vente-negoce\/chauffage\/plaquettes\/"]}]},{"@type":"ImageObject","inLanguage":"fr-FR","@id":"https:\/\/braley-france.com\/index.php\/vente-negoce\/chauffage\/plaquettes\/#primaryimage","url":"https:\/\/braley-france.com\/wp-content\/uploads\/2016\/11\/plaquette-3.jpg","contentUrl":"https:\/\/braley-france.com\/wp-content\/uploads\/2016\/11\/plaquette-3.jpg","width":800,"height":540},{"@type":"BreadcrumbList","@id":"https:\/\/braley-france.com\/index.php\/vente-negoce\/chauffage\/plaquettes\/#breadcrumb","itemListElement":[{"@type":"ListItem","position":1,"name":"Accueil","item":"https:\/\/braley-france.com\/"},{"@type":"ListItem","position":2,"name":"Vente \/ N\u00e9goce","item":"https:\/\/braley-france.com\/index.php\/vente-negoce\/"},{"@type":"ListItem","position":3,"name":"Chauffage","item":"https:\/\/braley-france.com\/index.php\/vente-negoce\/chauffage\/"},{"@type":"ListItem","position":4,"name":"Plaquettes"}]},{"@type":"WebSite","@id":"https:\/\/braley-france.com\/#website","url":"https:\/\/braley-france.com\/","name":"Braley France","description":"Environnement - Energies","potentialAction":[{"@type":"SearchAction","target":{"@type":"EntryPoint","urlTemplate":"https:\/\/braley-france.com\/?s={search_term_string}"},"query-input":{"@type":"PropertyValueSpecification","valueRequired":true,"valueName":"search_term_string"}}],"inLanguage":"fr-FR"}]}},"_links":{"self":[{"href":"https:\/\/braley-france.com\/index.php\/wp-json\/wp\/v2\/pages\/842","targetHints":{"allow":["GET"]}}],"collection":[{"href":"https:\/\/braley-france.com\/index.php\/wp-json\/wp\/v2\/pages"}],"about":[{"href":"https:\/\/braley-france.com\/index.php\/wp-json\/wp\/v2\/types\/page"}],"author":[{"embeddable":true,"href":"https:\/\/braley-france.com\/index.php\/wp-json\/wp\/v2\/users\/1"}],"replies":[{"embeddable":true,"href":"https:\/\/braley-france.com\/index.php\/wp-json\/wp\/v2\/comments?post=842"}],"version-history":[{"count":7,"href":"https:\/\/braley-france.com\/index.php\/wp-json\/wp\/v2\/pages\/842\/revisions"}],"predecessor-version":[{"id":1076,"href":"https:\/\/braley-france.com\/index.php\/wp-json\/wp\/v2\/pages\/842\/revisions\/1076"}],"up":[{"embeddable":true,"href":"https:\/\/braley-france.com\/index.php\/wp-json\/wp\/v2\/pages\/791"}],"wp:featuredmedia":[{"embeddable":true,"href":"https:\/\/braley-france.com\/index.php\/wp-json\/wp\/v2\/media\/883"}],"wp:attachment":[{"href":"https:\/\/braley-france.com\/index.php\/wp-json\/wp\/v2\/media?parent=842"}],"curies":[{"name":"wp","href":"https:\/\/api.w.org\/{rel}","templated":true}]}}