{"id":818,"date":"2016-11-08T17:27:10","date_gmt":"2016-11-08T16:27:10","guid":{"rendered":"https:\/\/braley-france.com\/?page_id=818"},"modified":"2017-02-08T15:28:40","modified_gmt":"2017-02-08T14:28:40","slug":"granules","status":"publish","type":"page","link":"https:\/\/braley-france.com\/index.php\/vente-negoce\/chauffage\/granules\/","title":{"rendered":"Granul\u00e9s"},"content":{"rendered":"<div id=\"pl-818\"  class=\"panel-layout\" ><div id=\"pg-818-0\"  class=\"panel-grid panel-no-style\" ><div id=\"pgc-818-0-0\"  class=\"panel-grid-cell\" ><div id=\"panel-818-0-0-0\" class=\"so-panel widget widget_black-studio-tinymce widget_black_studio_tinymce panel-first-child\" data-index=\"0\" ><div class=\"textwidget\"><h4>Granul\u00e9 de bois \"r\u00e9sineux\"<\/h4>\n<p>1 palette = 72 sacs de 15kg soit 1T080 <\/p>\n<\/div><\/div><div id=\"panel-818-0-0-1\" class=\"so-panel widget widget_sow-image panel-last-child\" data-index=\"1\" ><div\n\t\t\t\n\t\t\tclass=\"so-widget-sow-image so-widget-sow-image-default-8b5b6f678277-818\"\n\t\t\t\n\t\t>\n<div class=\"sow-image-container\">\n\t\t<img \n\tsrc=\"https:\/\/braley-france.com\/wp-content\/uploads\/2016\/11\/granule-de-bois.jpg\" width=\"350\" height=\"397\" srcset=\"https:\/\/braley-france.com\/wp-content\/uploads\/2016\/11\/granule-de-bois.jpg 350w, https:\/\/braley-france.com\/wp-content\/uploads\/2016\/11\/granule-de-bois-264x300.jpg 264w\" sizes=\"(max-width: 350px) 100vw, 350px\" alt=\"\" \t\tclass=\"so-widget-image\"\/>\n\t<\/div>\n\n<\/div><\/div><\/div><div id=\"pgc-818-0-1\"  class=\"panel-grid-cell\" ><div id=\"panel-818-0-1-0\" class=\"so-panel widget widget_black-studio-tinymce widget_black_studio_tinymce panel-first-child\" data-index=\"2\" ><div class=\"textwidget\"><h4>Granul\u00e9 bois \"ch\u00eane h\u00eatre\"<\/h4>\n<p>1 palette = 77 sacs de 15kg soit 1T155<\/p>\n<p><span style=\"border-radius: 2px; text-indent: 20px; width: auto; padding: 0px 4px 0px 0px; text-align: center; font: bold 11px\/20px 'Helvetica Neue',Helvetica,sans-serif; color: #ffffff; background: #bd081c  no-repeat scroll 3px 50% \/ 14px 14px; position: absolute; opacity: 1; z-index: 8675309; display: none; cursor: pointer;\">Enregistrer<\/span><\/p>\n<p><span style=\"border-radius: 2px; text-indent: 20px; width: auto; padding: 0px 4px 0px 0px; text-align: center; font: bold 11px\/20px 'Helvetica Neue',Helvetica,sans-serif; color: #ffffff; background: #bd081c  no-repeat scroll 3px 50% \/ 14px 14px; position: absolute; opacity: 1; z-index: 8675309; display: none; cursor: pointer;\">Enregistrer<\/span><\/p>\n<\/div><\/div><div id=\"panel-818-0-1-1\" class=\"so-panel widget widget_sow-image panel-last-child\" data-index=\"3\" ><div\n\t\t\t\n\t\t\tclass=\"so-widget-sow-image so-widget-sow-image-default-8b5b6f678277-818\"\n\t\t\t\n\t\t>\n<div class=\"sow-image-container\">\n\t\t<img \n\tsrc=\"https:\/\/braley-france.com\/wp-content\/uploads\/2016\/11\/granule2.jpg\" width=\"350\" height=\"397\" srcset=\"https:\/\/braley-france.com\/wp-content\/uploads\/2016\/11\/granule2.jpg 350w, https:\/\/braley-france.com\/wp-content\/uploads\/2016\/11\/granule2-264x300.jpg 264w\" sizes=\"(max-width: 350px) 100vw, 350px\" alt=\"\" \t\tclass=\"so-widget-image\"\/>\n\t<\/div>\n\n<\/div><\/div><\/div><div id=\"pgc-818-0-2\"  class=\"panel-grid-cell\" ><div id=\"panel-818-0-2-0\" class=\"so-panel widget widget_pw_icon_box widget-icon-box panel-first-child panel-last-child\" data-index=\"4\" >\n\n\t\t<div class=\"icon-box\">\n\n\t\t<i class=\"fa  fa-warning\"><\/i>\n\t\t<h4 class=\"icon-box__title\"><\/h4>\n\t\t<span class=\"icon-box__subtitle\">Disponible sur notre site d\u2019Onet le Ch\u00e2teau en sac<\/span>\n\n\t\t<\/div>\n\n<\/div><\/div><\/div><div id=\"pg-818-1\"  class=\"panel-grid panel-no-style\" ><div id=\"pgc-818-1-0\"  class=\"panel-grid-cell\" ><div id=\"panel-818-1-0-0\" class=\"so-panel widget widget_black-studio-tinymce widget_black_studio_tinymce panel-first-child panel-last-child\" data-index=\"5\" ><div class=\"textwidget\"><p>Disponible sur notre site d\u2019Onet le Ch\u00e2teau en sac<\/p>\n<h4><strong>Descriptif <\/strong><\/h4>\n<p>Les granul\u00e9s de bois (ou pellets) sont 100 % naturels et issus de la valorisation des co-produits de l\u2019industrie du bois. Il s\u2019agit exclusivement de bois non trait\u00e9. Apr\u00e8s s\u00e9chage et broyage, les granul\u00e9s de bois sont compress\u00e9s pour assurer une qualit\u00e9 de produit constante et irr\u00e9prochable.<br \/>Les granul\u00e9s de chauffage distribu\u00e9s en sacs sont destin\u00e9s \u00e0 l\u2019alimentation des po\u00eales, des chaudi\u00e8res et des inserts \u00e0 granul\u00e9s de bois. Ils offrent d\u2019excellentes performances calorifiques.<\/p>\n<p>Les pellets s\u2019\u00e9coulent parfaitement via la vis sans fin dans la chambre de combustion de l\u2019appareil gr\u00e2ce \u00e0 une granulom\u00e9trie constante et r\u00e9guli\u00e8re. La faible teneur en poussi\u00e8re et en humidit\u00e9 des granul\u00e9s, permet d\u2019\u00e9viter tout bourrage ou encrassage et garantit long\u00e9vit\u00e9 \u00e0 l\u2019appareil.<\/p>\n<p>Pour les granul\u00e9s Cr\u00e9pito\u00ae des contr\u00f4les qualit\u00e9 et des tests produits sont r\u00e9alis\u00e9s r\u00e9guli\u00e8rement sur site et au laboratoire CERIC pour assurer le meilleur niveau de performance et de fiabilit\u00e9.<\/p>\n<\/div><\/div><\/div><div id=\"pgc-818-1-1\"  class=\"panel-grid-cell\" ><div id=\"panel-818-1-1-0\" class=\"so-panel widget widget_black-studio-tinymce widget_black_studio_tinymce panel-first-child panel-last-child\" data-index=\"6\" ><div class=\"textwidget\"><h4><strong>Avantages des granul\u00e9s <\/strong><\/h4>\n<ul>\n<li>Fort pouvoir calorifique<\/li>\n<li>Longue dur\u00e9e de vie du br\u00fbleur<\/li>\n<li>Quantit\u00e9 minime de gaz de combustion<\/li>\n<li>Faible taux de cendre<\/li>\n<li>Formation minimale de poussi\u00e8re<\/li>\n<\/ul>\n<h4><strong>Approvisionnement <br \/><\/strong><\/h4>\n<p>L\u2019approvisionnement peut \u00eatre fait tout au long de l\u2019ann\u00e9e. L\u2019entreprise BRALEY vous propose le produit \u00e0 l\u2019unit\u00e9 ou en grande quantit\u00e9.<br \/>La livraison se fait jusque dans le lieu de stockage du produit, sous r\u00e9serve d\u2019accessibilit\u00e9 suffisante.<\/p>\n<p>Livraison Vrac\u00a0: Notre soci\u00e9t\u00e9 est \u00e9quip\u00e9e d\u2019un camion souffleur avec pesage embarqu\u00e9 afin de permettre la livraison \u00e0 domicile des granul\u00e9s en vrac (m\u00eame syst\u00e8me que la livraison de fioul, au kilo pr\u00e8s).<\/p>\n<p>Il peut effectuer des livraisons de 1 \u00e0 10 tonnes de granul\u00e9s, avec une longueur de d\u00e9potage entre le camion et le silo de 24 m\u00e8tres.<\/p>\n<\/div><\/div><\/div><\/div><div id=\"pg-818-2\"  class=\"panel-grid panel-no-style\" ><div id=\"pgc-818-2-0\"  class=\"panel-grid-cell\" ><div id=\"panel-818-2-0-0\" class=\"so-panel widget widget_black-studio-tinymce widget_black_studio_tinymce panel-first-child\" data-index=\"7\" ><div class=\"textwidget\"><table class=\"tab-negoce\" border=\"0\" cellspacing=\"2\" cellpadding=\"7\">\n<tbody>\n<tr>\n<td><strong>Param\u00e8tres<\/strong><\/td>\n<td><strong>Granul\u00e9s \"Ch\u00eane H\u00eatre\"<br \/> <\/strong><\/td>\n<td><strong>Granul\u00e9s \"R\u00e9sineux\" (Cr\u00e9pito)<\/strong><\/td>\n<td nowrap=\"nowrap\"><strong>DIN +<\/strong><\/td>\n<\/tr>\n<tr>\n<td nowrap=\"nowrap\"><strong>PCI Brut<\/strong><\/td>\n<td nowrap=\"nowrap\" width=\"144\">\u2265 4,6 kWh\/kg<\/td>\n<td nowrap=\"nowrap\" width=\"168\">4,7 kWh\/kg<\/td>\n<td nowrap=\"nowrap\" width=\"101\">18 Mj\/kg<\/td>\n<\/tr>\n<tr>\n<td nowrap=\"nowrap\"><strong>Taux de poussi\u00e8res<\/strong><\/td>\n<td nowrap=\"nowrap\" width=\"144\">\u2264 1 %<\/td>\n<td nowrap=\"nowrap\" width=\"168\">\u2264 0,5%<\/td>\n<td nowrap=\"nowrap\" width=\"101\">-<\/td>\n<\/tr>\n<tr>\n<td nowrap=\"nowrap\"><strong>Taux d'humidit\u00e9<\/strong><\/td>\n<td nowrap=\"nowrap\" width=\"144\">\u2264 10 %<\/td>\n<td nowrap=\"nowrap\" width=\"168\">\u2264 8 %<\/td>\n<td nowrap=\"nowrap\" width=\"101\">&lt; 10 %<\/td>\n<\/tr>\n<tr>\n<td nowrap=\"nowrap\"><strong>Taux de cendre<\/strong><\/td>\n<td nowrap=\"nowrap\" width=\"144\">\u2264 0,5 %<\/td>\n<td nowrap=\"nowrap\" width=\"168\">\u2264 0,5 %<\/td>\n<td nowrap=\"nowrap\" width=\"101\">&lt; 0,5%<\/td>\n<\/tr>\n<tr>\n<td nowrap=\"nowrap\"><strong>Diam\u00e8tre du granul\u00e9<\/strong><\/td>\n<td nowrap=\"nowrap\" width=\"144\">6 mm \u00b1 1mm<\/td>\n<td nowrap=\"nowrap\" width=\"168\">6 mm<\/td>\n<td nowrap=\"nowrap\" width=\"101\">de 4 \u00e0 10 mm<\/td>\n<\/tr>\n<tr>\n<td nowrap=\"nowrap\"><strong>Longueur du granul\u00e9<\/strong><\/td>\n<td nowrap=\"nowrap\" width=\"144\">20 mm<\/td>\n<td nowrap=\"nowrap\" width=\"168\">20 mm<\/td>\n<td nowrap=\"nowrap\" width=\"101\">\u2265 5 x \u00d8 mm<\/td>\n<\/tr>\n<\/tbody>\n<\/table>\n<\/div><\/div><div id=\"panel-818-2-0-1\" class=\"so-panel widget widget_sow-image panel-last-child\" data-index=\"8\" ><div\n\t\t\t\n\t\t\tclass=\"so-widget-sow-image so-widget-sow-image-default-c67d20f9f743-818\"\n\t\t\t\n\t\t>\n<div class=\"sow-image-container\">\n\t\t<img \n\tsrc=\"https:\/\/braley-france.com\/wp-content\/uploads\/2016\/11\/approvisionnement.jpg\" width=\"674\" height=\"437\" srcset=\"https:\/\/braley-france.com\/wp-content\/uploads\/2016\/11\/approvisionnement.jpg 674w, https:\/\/braley-france.com\/wp-content\/uploads\/2016\/11\/approvisionnement-600x389.jpg 600w, https:\/\/braley-france.com\/wp-content\/uploads\/2016\/11\/approvisionnement-300x195.jpg 300w\" sizes=\"(max-width: 674px) 100vw, 674px\" alt=\"\" \t\tclass=\"so-widget-image\"\/>\n\t<\/div>\n\n<\/div><\/div><\/div><\/div><\/div>","protected":false},"excerpt":{"rendered":"<p>L\u2019entreprise Braley propose 2 types de granul\u00e9s en sac ou en vrac, tout deux certifi\u00e9s Norme fran\u00e7aise = DIN Plus.<\/p>\n","protected":false},"author":1,"featured_media":881,"parent":791,"menu_order":0,"comment_status":"closed","ping_status":"closed","template":"","meta":{"_acf_changed":false,"footnotes":""},"class_list":["post-818","page","type-page","status-publish","has-post-thumbnail","hentry"],"acf":[],"yoast_head":"<!-- This site is optimized with the Yoast SEO plugin v27.3 - https:\/\/yoast.com\/product\/yoast-seo-wordpress\/ -->\n<title>Granul\u00e9s - Braley France<\/title>\n<meta name=\"robots\" content=\"index, follow, max-snippet:-1, max-image-preview:large, max-video-preview:-1\" \/>\n<link rel=\"canonical\" href=\"https:\/\/braley-france.com\/index.php\/vente-negoce\/chauffage\/granules\/\" \/>\n<meta property=\"og:locale\" content=\"fr_FR\" \/>\n<meta property=\"og:type\" content=\"article\" \/>\n<meta property=\"og:title\" content=\"Granul\u00e9s - Braley France\" \/>\n<meta property=\"og:description\" content=\"L\u2019entreprise Braley propose 2 types de granul\u00e9s en sac ou en vrac, tout deux certifi\u00e9s Norme fran\u00e7aise = DIN Plus.\" \/>\n<meta property=\"og:url\" content=\"https:\/\/braley-france.com\/index.php\/vente-negoce\/chauffage\/granules\/\" \/>\n<meta property=\"og:site_name\" content=\"Braley France\" \/>\n<meta property=\"article:modified_time\" content=\"2017-02-08T14:28:40+00:00\" \/>\n<meta property=\"og:image\" content=\"https:\/\/braley-france.com\/wp-content\/uploads\/2016\/11\/granule.jpg\" \/>\n\t<meta property=\"og:image:width\" content=\"800\" \/>\n\t<meta property=\"og:image:height\" content=\"540\" \/>\n\t<meta property=\"og:image:type\" content=\"image\/jpeg\" \/>\n<meta name=\"twitter:card\" content=\"summary_large_image\" \/>\n<meta name=\"twitter:label1\" content=\"Dur\u00e9e de lecture estim\u00e9e\" \/>\n\t<meta name=\"twitter:data1\" content=\"2 minutes\" \/>\n<script type=\"application\/ld+json\" class=\"yoast-schema-graph\">{\"@context\":\"https:\\\/\\\/schema.org\",\"@graph\":[{\"@type\":\"WebPage\",\"@id\":\"https:\\\/\\\/braley-france.com\\\/index.php\\\/vente-negoce\\\/chauffage\\\/granules\\\/\",\"url\":\"https:\\\/\\\/braley-france.com\\\/index.php\\\/vente-negoce\\\/chauffage\\\/granules\\\/\",\"name\":\"Granul\u00e9s - Braley France\",\"isPartOf\":{\"@id\":\"https:\\\/\\\/braley-france.com\\\/#website\"},\"primaryImageOfPage\":{\"@id\":\"https:\\\/\\\/braley-france.com\\\/index.php\\\/vente-negoce\\\/chauffage\\\/granules\\\/#primaryimage\"},\"image\":{\"@id\":\"https:\\\/\\\/braley-france.com\\\/index.php\\\/vente-negoce\\\/chauffage\\\/granules\\\/#primaryimage\"},\"thumbnailUrl\":\"https:\\\/\\\/braley-france.com\\\/wp-content\\\/uploads\\\/2016\\\/11\\\/granule.jpg\",\"datePublished\":\"2016-11-08T16:27:10+00:00\",\"dateModified\":\"2017-02-08T14:28:40+00:00\",\"breadcrumb\":{\"@id\":\"https:\\\/\\\/braley-france.com\\\/index.php\\\/vente-negoce\\\/chauffage\\\/granules\\\/#breadcrumb\"},\"inLanguage\":\"fr-FR\",\"potentialAction\":[{\"@type\":\"ReadAction\",\"target\":[\"https:\\\/\\\/braley-france.com\\\/index.php\\\/vente-negoce\\\/chauffage\\\/granules\\\/\"]}]},{\"@type\":\"ImageObject\",\"inLanguage\":\"fr-FR\",\"@id\":\"https:\\\/\\\/braley-france.com\\\/index.php\\\/vente-negoce\\\/chauffage\\\/granules\\\/#primaryimage\",\"url\":\"https:\\\/\\\/braley-france.com\\\/wp-content\\\/uploads\\\/2016\\\/11\\\/granule.jpg\",\"contentUrl\":\"https:\\\/\\\/braley-france.com\\\/wp-content\\\/uploads\\\/2016\\\/11\\\/granule.jpg\",\"width\":800,\"height\":540},{\"@type\":\"BreadcrumbList\",\"@id\":\"https:\\\/\\\/braley-france.com\\\/index.php\\\/vente-negoce\\\/chauffage\\\/granules\\\/#breadcrumb\",\"itemListElement\":[{\"@type\":\"ListItem\",\"position\":1,\"name\":\"Accueil\",\"item\":\"https:\\\/\\\/braley-france.com\\\/\"},{\"@type\":\"ListItem\",\"position\":2,\"name\":\"Vente \\\/ N\u00e9goce\",\"item\":\"https:\\\/\\\/braley-france.com\\\/index.php\\\/vente-negoce\\\/\"},{\"@type\":\"ListItem\",\"position\":3,\"name\":\"Chauffage\",\"item\":\"https:\\\/\\\/braley-france.com\\\/index.php\\\/vente-negoce\\\/chauffage\\\/\"},{\"@type\":\"ListItem\",\"position\":4,\"name\":\"Granul\u00e9s\"}]},{\"@type\":\"WebSite\",\"@id\":\"https:\\\/\\\/braley-france.com\\\/#website\",\"url\":\"https:\\\/\\\/braley-france.com\\\/\",\"name\":\"Braley France\",\"description\":\"Environnement - Energies\",\"potentialAction\":[{\"@type\":\"SearchAction\",\"target\":{\"@type\":\"EntryPoint\",\"urlTemplate\":\"https:\\\/\\\/braley-france.com\\\/?s={search_term_string}\"},\"query-input\":{\"@type\":\"PropertyValueSpecification\",\"valueRequired\":true,\"valueName\":\"search_term_string\"}}],\"inLanguage\":\"fr-FR\"}]}<\/script>\n<!-- \/ Yoast SEO plugin. -->","yoast_head_json":{"title":"Granul\u00e9s - Braley France","robots":{"index":"index","follow":"follow","max-snippet":"max-snippet:-1","max-image-preview":"max-image-preview:large","max-video-preview":"max-video-preview:-1"},"canonical":"https:\/\/braley-france.com\/index.php\/vente-negoce\/chauffage\/granules\/","og_locale":"fr_FR","og_type":"article","og_title":"Granul\u00e9s - Braley France","og_description":"L\u2019entreprise Braley propose 2 types de granul\u00e9s en sac ou en vrac, tout deux certifi\u00e9s Norme fran\u00e7aise = DIN Plus.","og_url":"https:\/\/braley-france.com\/index.php\/vente-negoce\/chauffage\/granules\/","og_site_name":"Braley France","article_modified_time":"2017-02-08T14:28:40+00:00","og_image":[{"width":800,"height":540,"url":"https:\/\/braley-france.com\/wp-content\/uploads\/2016\/11\/granule.jpg","type":"image\/jpeg"}],"twitter_card":"summary_large_image","twitter_misc":{"Dur\u00e9e de lecture estim\u00e9e":"2 minutes"},"schema":{"@context":"https:\/\/schema.org","@graph":[{"@type":"WebPage","@id":"https:\/\/braley-france.com\/index.php\/vente-negoce\/chauffage\/granules\/","url":"https:\/\/braley-france.com\/index.php\/vente-negoce\/chauffage\/granules\/","name":"Granul\u00e9s - Braley France","isPartOf":{"@id":"https:\/\/braley-france.com\/#website"},"primaryImageOfPage":{"@id":"https:\/\/braley-france.com\/index.php\/vente-negoce\/chauffage\/granules\/#primaryimage"},"image":{"@id":"https:\/\/braley-france.com\/index.php\/vente-negoce\/chauffage\/granules\/#primaryimage"},"thumbnailUrl":"https:\/\/braley-france.com\/wp-content\/uploads\/2016\/11\/granule.jpg","datePublished":"2016-11-08T16:27:10+00:00","dateModified":"2017-02-08T14:28:40+00:00","breadcrumb":{"@id":"https:\/\/braley-france.com\/index.php\/vente-negoce\/chauffage\/granules\/#breadcrumb"},"inLanguage":"fr-FR","potentialAction":[{"@type":"ReadAction","target":["https:\/\/braley-france.com\/index.php\/vente-negoce\/chauffage\/granules\/"]}]},{"@type":"ImageObject","inLanguage":"fr-FR","@id":"https:\/\/braley-france.com\/index.php\/vente-negoce\/chauffage\/granules\/#primaryimage","url":"https:\/\/braley-france.com\/wp-content\/uploads\/2016\/11\/granule.jpg","contentUrl":"https:\/\/braley-france.com\/wp-content\/uploads\/2016\/11\/granule.jpg","width":800,"height":540},{"@type":"BreadcrumbList","@id":"https:\/\/braley-france.com\/index.php\/vente-negoce\/chauffage\/granules\/#breadcrumb","itemListElement":[{"@type":"ListItem","position":1,"name":"Accueil","item":"https:\/\/braley-france.com\/"},{"@type":"ListItem","position":2,"name":"Vente \/ N\u00e9goce","item":"https:\/\/braley-france.com\/index.php\/vente-negoce\/"},{"@type":"ListItem","position":3,"name":"Chauffage","item":"https:\/\/braley-france.com\/index.php\/vente-negoce\/chauffage\/"},{"@type":"ListItem","position":4,"name":"Granul\u00e9s"}]},{"@type":"WebSite","@id":"https:\/\/braley-france.com\/#website","url":"https:\/\/braley-france.com\/","name":"Braley France","description":"Environnement - Energies","potentialAction":[{"@type":"SearchAction","target":{"@type":"EntryPoint","urlTemplate":"https:\/\/braley-france.com\/?s={search_term_string}"},"query-input":{"@type":"PropertyValueSpecification","valueRequired":true,"valueName":"search_term_string"}}],"inLanguage":"fr-FR"}]}},"_links":{"self":[{"href":"https:\/\/braley-france.com\/index.php\/wp-json\/wp\/v2\/pages\/818","targetHints":{"allow":["GET"]}}],"collection":[{"href":"https:\/\/braley-france.com\/index.php\/wp-json\/wp\/v2\/pages"}],"about":[{"href":"https:\/\/braley-france.com\/index.php\/wp-json\/wp\/v2\/types\/page"}],"author":[{"embeddable":true,"href":"https:\/\/braley-france.com\/index.php\/wp-json\/wp\/v2\/users\/1"}],"replies":[{"embeddable":true,"href":"https:\/\/braley-france.com\/index.php\/wp-json\/wp\/v2\/comments?post=818"}],"version-history":[{"count":19,"href":"https:\/\/braley-france.com\/index.php\/wp-json\/wp\/v2\/pages\/818\/revisions"}],"predecessor-version":[{"id":1074,"href":"https:\/\/braley-france.com\/index.php\/wp-json\/wp\/v2\/pages\/818\/revisions\/1074"}],"up":[{"embeddable":true,"href":"https:\/\/braley-france.com\/index.php\/wp-json\/wp\/v2\/pages\/791"}],"wp:featuredmedia":[{"embeddable":true,"href":"https:\/\/braley-france.com\/index.php\/wp-json\/wp\/v2\/media\/881"}],"wp:attachment":[{"href":"https:\/\/braley-france.com\/index.php\/wp-json\/wp\/v2\/media?parent=818"}],"curies":[{"name":"wp","href":"https:\/\/api.w.org\/{rel}","templated":true}]}}