{"id":807,"date":"2016-11-08T17:17:16","date_gmt":"2016-11-08T16:17:16","guid":{"rendered":"https:\/\/braley-france.com\/?page_id=807"},"modified":"2017-02-08T15:32:26","modified_gmt":"2017-02-08T14:32:26","slug":"taquets","status":"publish","type":"page","link":"https:\/\/braley-france.com\/index.php\/vente-negoce\/chauffage\/taquets\/","title":{"rendered":"Bois d&rsquo;allumage"},"content":{"rendered":"<div id=\"pl-807\"  class=\"panel-layout\" ><div id=\"pg-807-0\"  class=\"panel-grid panel-no-style\" ><div id=\"pgc-807-0-0\"  class=\"panel-grid-cell\" ><div id=\"panel-807-0-0-0\" class=\"so-panel widget widget_sow-image panel-first-child\" data-index=\"0\" ><div\n\t\t\t\n\t\t\tclass=\"so-widget-sow-image so-widget-sow-image-default-8b5b6f678277-807\"\n\t\t\t\n\t\t>\n<div class=\"sow-image-container\">\n\t\t<img \n\tsrc=\"https:\/\/braley-france.com\/wp-content\/uploads\/2016\/11\/boisallumage.jpg\" width=\"800\" height=\"600\" srcset=\"https:\/\/braley-france.com\/wp-content\/uploads\/2016\/11\/boisallumage.jpg 800w, https:\/\/braley-france.com\/wp-content\/uploads\/2016\/11\/boisallumage-600x450.jpg 600w, https:\/\/braley-france.com\/wp-content\/uploads\/2016\/11\/boisallumage-300x225.jpg 300w, https:\/\/braley-france.com\/wp-content\/uploads\/2016\/11\/boisallumage-768x576.jpg 768w\" sizes=\"(max-width: 800px) 100vw, 800px\" alt=\"\" \t\tclass=\"so-widget-image\"\/>\n\t<\/div>\n\n<\/div><\/div><div id=\"panel-807-0-0-1\" class=\"so-panel widget widget_black-studio-tinymce widget_black_studio_tinymce panel-last-child\" data-index=\"1\" ><div class=\"textwidget\"><h4>Bois d\u2019allumage (sac de 20L)<\/h4>\n<p>Le bois d\u2019allumage Cr\u00e9pito\u00ae simplifie la mise \u00e0 feu de vos b\u00fbches premium. Ce bois est extr\u00eamement sec et 100% naturel.<\/p>\n<\/div><\/div><\/div><div id=\"pgc-807-0-1\"  class=\"panel-grid-cell\" ><div id=\"panel-807-0-1-0\" class=\"so-panel widget widget_sow-image panel-first-child\" data-index=\"2\" ><div\n\t\t\t\n\t\t\tclass=\"so-widget-sow-image so-widget-sow-image-default-8b5b6f678277-807\"\n\t\t\t\n\t\t>\n<div class=\"sow-image-container\">\n\t\t<img \n\tsrc=\"https:\/\/braley-france.com\/wp-content\/uploads\/2016\/11\/bois-taquet.jpg\" width=\"800\" height=\"600\" srcset=\"https:\/\/braley-france.com\/wp-content\/uploads\/2016\/11\/bois-taquet.jpg 800w, https:\/\/braley-france.com\/wp-content\/uploads\/2016\/11\/bois-taquet-600x450.jpg 600w, https:\/\/braley-france.com\/wp-content\/uploads\/2016\/11\/bois-taquet-300x225.jpg 300w, https:\/\/braley-france.com\/wp-content\/uploads\/2016\/11\/bois-taquet-768x576.jpg 768w\" sizes=\"(max-width: 800px) 100vw, 800px\" alt=\"\" \t\tclass=\"so-widget-image\"\/>\n\t<\/div>\n\n<\/div><\/div><div id=\"panel-807-0-1-1\" class=\"so-panel widget widget_black-studio-tinymce widget_black_studio_tinymce panel-last-child\" data-index=\"3\" ><div class=\"textwidget\"><h4>Taquets cubes d\u2019allumage<\/h4>\n<p>Disponible uniquement sur le site de Bozouls<\/p>\n<\/div><\/div><\/div><div id=\"pgc-807-0-2\"  class=\"panel-grid-cell\" ><div id=\"panel-807-0-2-0\" class=\"so-panel widget widget_sow-image panel-first-child\" data-index=\"4\" ><div\n\t\t\t\n\t\t\tclass=\"so-widget-sow-image so-widget-sow-image-default-8b5b6f678277-807\"\n\t\t\t\n\t\t>\n<div class=\"sow-image-container\">\n\t\t<img \n\tsrc=\"https:\/\/braley-france.com\/wp-content\/uploads\/2016\/11\/allumexpress.jpg\" width=\"800\" height=\"600\" srcset=\"https:\/\/braley-france.com\/wp-content\/uploads\/2016\/11\/allumexpress.jpg 800w, https:\/\/braley-france.com\/wp-content\/uploads\/2016\/11\/allumexpress-600x450.jpg 600w, https:\/\/braley-france.com\/wp-content\/uploads\/2016\/11\/allumexpress-300x225.jpg 300w, https:\/\/braley-france.com\/wp-content\/uploads\/2016\/11\/allumexpress-768x576.jpg 768w\" sizes=\"(max-width: 800px) 100vw, 800px\" alt=\"\" \t\tclass=\"so-widget-image\"\/>\n\t<\/div>\n\n<\/div><\/div><div id=\"panel-807-0-2-1\" class=\"so-panel widget widget_black-studio-tinymce widget_black_studio_tinymce panel-last-child\" data-index=\"5\" ><div class=\"textwidget\"><h4>Allum\u2019Express<\/h4>\n<p>Allum\u2019Express est le produit id\u00e9al pour <strong>un d\u00e9marrage facile et rapide de tous vos feux de bois et barbecue.\u00a0<\/strong>Fabriqu\u00e9s \u00e0 partir de laine de bois (issu de for\u00eats g\u00e9r\u00e9es durablement) et de cire v\u00e9g\u00e9tale, les rouleaux, tress\u00e9s \u00e0 la main, sont <strong>100 % naturels et respectueux de l\u2019environnement.\u00a0<\/strong>Allum\u2019Express est conditionn\u00e9 par <strong>bo\u00eete de 32 rouleaux minimum.<\/strong><\/p>\n<\/div><\/div><\/div><\/div><\/div>","protected":false},"excerpt":{"rendered":"<p>Disponible sur le site d\u2019Onet le Ch\u00e2teau en vrac pour les taquets et en sac de 4O L pour les \u00ab allumes feu \u00bb.<\/p>\n","protected":false},"author":1,"featured_media":809,"parent":791,"menu_order":0,"comment_status":"closed","ping_status":"closed","template":"","meta":{"_acf_changed":false,"footnotes":""},"class_list":["post-807","page","type-page","status-publish","has-post-thumbnail","hentry"],"acf":[],"yoast_head":"<!-- This site is optimized with the Yoast SEO plugin v27.4 - https:\/\/yoast.com\/product\/yoast-seo-wordpress\/ -->\n<title>Bois d&#039;allumage - Braley France<\/title>\n<meta name=\"robots\" content=\"index, follow, max-snippet:-1, max-image-preview:large, max-video-preview:-1\" \/>\n<link rel=\"canonical\" href=\"https:\/\/braley-france.com\/index.php\/vente-negoce\/chauffage\/taquets\/\" \/>\n<meta property=\"og:locale\" content=\"fr_FR\" \/>\n<meta property=\"og:type\" content=\"article\" \/>\n<meta property=\"og:title\" content=\"Bois d&#039;allumage - Braley France\" \/>\n<meta property=\"og:description\" content=\"Disponible sur le site d\u2019Onet le Ch\u00e2teau en vrac pour les taquets et en sac de 4O L pour les \u00ab allumes feu \u00bb.\" \/>\n<meta property=\"og:url\" content=\"https:\/\/braley-france.com\/index.php\/vente-negoce\/chauffage\/taquets\/\" \/>\n<meta property=\"og:site_name\" content=\"Braley France\" \/>\n<meta property=\"article:modified_time\" content=\"2017-02-08T14:32:26+00:00\" \/>\n<meta property=\"og:image\" content=\"https:\/\/braley-france.com\/wp-content\/uploads\/2016\/11\/Taquet.jpg\" \/>\n\t<meta property=\"og:image:width\" content=\"800\" \/>\n\t<meta property=\"og:image:height\" content=\"600\" \/>\n\t<meta property=\"og:image:type\" content=\"image\/jpeg\" \/>\n<meta name=\"twitter:card\" content=\"summary_large_image\" \/>\n<meta name=\"twitter:label1\" content=\"Dur\u00e9e de lecture estim\u00e9e\" \/>\n\t<meta name=\"twitter:data1\" content=\"1 minute\" \/>\n<script type=\"application\/ld+json\" class=\"yoast-schema-graph\">{\"@context\":\"https:\\\/\\\/schema.org\",\"@graph\":[{\"@type\":\"WebPage\",\"@id\":\"https:\\\/\\\/braley-france.com\\\/index.php\\\/vente-negoce\\\/chauffage\\\/taquets\\\/\",\"url\":\"https:\\\/\\\/braley-france.com\\\/index.php\\\/vente-negoce\\\/chauffage\\\/taquets\\\/\",\"name\":\"Bois d'allumage - Braley France\",\"isPartOf\":{\"@id\":\"https:\\\/\\\/braley-france.com\\\/#website\"},\"primaryImageOfPage\":{\"@id\":\"https:\\\/\\\/braley-france.com\\\/index.php\\\/vente-negoce\\\/chauffage\\\/taquets\\\/#primaryimage\"},\"image\":{\"@id\":\"https:\\\/\\\/braley-france.com\\\/index.php\\\/vente-negoce\\\/chauffage\\\/taquets\\\/#primaryimage\"},\"thumbnailUrl\":\"https:\\\/\\\/braley-france.com\\\/wp-content\\\/uploads\\\/2016\\\/11\\\/Taquet.jpg\",\"datePublished\":\"2016-11-08T16:17:16+00:00\",\"dateModified\":\"2017-02-08T14:32:26+00:00\",\"breadcrumb\":{\"@id\":\"https:\\\/\\\/braley-france.com\\\/index.php\\\/vente-negoce\\\/chauffage\\\/taquets\\\/#breadcrumb\"},\"inLanguage\":\"fr-FR\",\"potentialAction\":[{\"@type\":\"ReadAction\",\"target\":[\"https:\\\/\\\/braley-france.com\\\/index.php\\\/vente-negoce\\\/chauffage\\\/taquets\\\/\"]}]},{\"@type\":\"ImageObject\",\"inLanguage\":\"fr-FR\",\"@id\":\"https:\\\/\\\/braley-france.com\\\/index.php\\\/vente-negoce\\\/chauffage\\\/taquets\\\/#primaryimage\",\"url\":\"https:\\\/\\\/braley-france.com\\\/wp-content\\\/uploads\\\/2016\\\/11\\\/Taquet.jpg\",\"contentUrl\":\"https:\\\/\\\/braley-france.com\\\/wp-content\\\/uploads\\\/2016\\\/11\\\/Taquet.jpg\",\"width\":800,\"height\":600},{\"@type\":\"BreadcrumbList\",\"@id\":\"https:\\\/\\\/braley-france.com\\\/index.php\\\/vente-negoce\\\/chauffage\\\/taquets\\\/#breadcrumb\",\"itemListElement\":[{\"@type\":\"ListItem\",\"position\":1,\"name\":\"Accueil\",\"item\":\"https:\\\/\\\/braley-france.com\\\/\"},{\"@type\":\"ListItem\",\"position\":2,\"name\":\"Vente \\\/ N\u00e9goce\",\"item\":\"https:\\\/\\\/braley-france.com\\\/index.php\\\/vente-negoce\\\/\"},{\"@type\":\"ListItem\",\"position\":3,\"name\":\"Chauffage\",\"item\":\"https:\\\/\\\/braley-france.com\\\/index.php\\\/vente-negoce\\\/chauffage\\\/\"},{\"@type\":\"ListItem\",\"position\":4,\"name\":\"Bois d&rsquo;allumage\"}]},{\"@type\":\"WebSite\",\"@id\":\"https:\\\/\\\/braley-france.com\\\/#website\",\"url\":\"https:\\\/\\\/braley-france.com\\\/\",\"name\":\"Braley France\",\"description\":\"Environnement - Energies\",\"potentialAction\":[{\"@type\":\"SearchAction\",\"target\":{\"@type\":\"EntryPoint\",\"urlTemplate\":\"https:\\\/\\\/braley-france.com\\\/?s={search_term_string}\"},\"query-input\":{\"@type\":\"PropertyValueSpecification\",\"valueRequired\":true,\"valueName\":\"search_term_string\"}}],\"inLanguage\":\"fr-FR\"}]}<\/script>\n<!-- \/ Yoast SEO plugin. -->","yoast_head_json":{"title":"Bois d'allumage - Braley France","robots":{"index":"index","follow":"follow","max-snippet":"max-snippet:-1","max-image-preview":"max-image-preview:large","max-video-preview":"max-video-preview:-1"},"canonical":"https:\/\/braley-france.com\/index.php\/vente-negoce\/chauffage\/taquets\/","og_locale":"fr_FR","og_type":"article","og_title":"Bois d'allumage - Braley France","og_description":"Disponible sur le site d\u2019Onet le Ch\u00e2teau en vrac pour les taquets et en sac de 4O L pour les \u00ab allumes feu \u00bb.","og_url":"https:\/\/braley-france.com\/index.php\/vente-negoce\/chauffage\/taquets\/","og_site_name":"Braley France","article_modified_time":"2017-02-08T14:32:26+00:00","og_image":[{"width":800,"height":600,"url":"https:\/\/braley-france.com\/wp-content\/uploads\/2016\/11\/Taquet.jpg","type":"image\/jpeg"}],"twitter_card":"summary_large_image","twitter_misc":{"Dur\u00e9e de lecture estim\u00e9e":"1 minute"},"schema":{"@context":"https:\/\/schema.org","@graph":[{"@type":"WebPage","@id":"https:\/\/braley-france.com\/index.php\/vente-negoce\/chauffage\/taquets\/","url":"https:\/\/braley-france.com\/index.php\/vente-negoce\/chauffage\/taquets\/","name":"Bois d'allumage - Braley France","isPartOf":{"@id":"https:\/\/braley-france.com\/#website"},"primaryImageOfPage":{"@id":"https:\/\/braley-france.com\/index.php\/vente-negoce\/chauffage\/taquets\/#primaryimage"},"image":{"@id":"https:\/\/braley-france.com\/index.php\/vente-negoce\/chauffage\/taquets\/#primaryimage"},"thumbnailUrl":"https:\/\/braley-france.com\/wp-content\/uploads\/2016\/11\/Taquet.jpg","datePublished":"2016-11-08T16:17:16+00:00","dateModified":"2017-02-08T14:32:26+00:00","breadcrumb":{"@id":"https:\/\/braley-france.com\/index.php\/vente-negoce\/chauffage\/taquets\/#breadcrumb"},"inLanguage":"fr-FR","potentialAction":[{"@type":"ReadAction","target":["https:\/\/braley-france.com\/index.php\/vente-negoce\/chauffage\/taquets\/"]}]},{"@type":"ImageObject","inLanguage":"fr-FR","@id":"https:\/\/braley-france.com\/index.php\/vente-negoce\/chauffage\/taquets\/#primaryimage","url":"https:\/\/braley-france.com\/wp-content\/uploads\/2016\/11\/Taquet.jpg","contentUrl":"https:\/\/braley-france.com\/wp-content\/uploads\/2016\/11\/Taquet.jpg","width":800,"height":600},{"@type":"BreadcrumbList","@id":"https:\/\/braley-france.com\/index.php\/vente-negoce\/chauffage\/taquets\/#breadcrumb","itemListElement":[{"@type":"ListItem","position":1,"name":"Accueil","item":"https:\/\/braley-france.com\/"},{"@type":"ListItem","position":2,"name":"Vente \/ N\u00e9goce","item":"https:\/\/braley-france.com\/index.php\/vente-negoce\/"},{"@type":"ListItem","position":3,"name":"Chauffage","item":"https:\/\/braley-france.com\/index.php\/vente-negoce\/chauffage\/"},{"@type":"ListItem","position":4,"name":"Bois d&rsquo;allumage"}]},{"@type":"WebSite","@id":"https:\/\/braley-france.com\/#website","url":"https:\/\/braley-france.com\/","name":"Braley France","description":"Environnement - Energies","potentialAction":[{"@type":"SearchAction","target":{"@type":"EntryPoint","urlTemplate":"https:\/\/braley-france.com\/?s={search_term_string}"},"query-input":{"@type":"PropertyValueSpecification","valueRequired":true,"valueName":"search_term_string"}}],"inLanguage":"fr-FR"}]}},"_links":{"self":[{"href":"https:\/\/braley-france.com\/index.php\/wp-json\/wp\/v2\/pages\/807","targetHints":{"allow":["GET"]}}],"collection":[{"href":"https:\/\/braley-france.com\/index.php\/wp-json\/wp\/v2\/pages"}],"about":[{"href":"https:\/\/braley-france.com\/index.php\/wp-json\/wp\/v2\/types\/page"}],"author":[{"embeddable":true,"href":"https:\/\/braley-france.com\/index.php\/wp-json\/wp\/v2\/users\/1"}],"replies":[{"embeddable":true,"href":"https:\/\/braley-france.com\/index.php\/wp-json\/wp\/v2\/comments?post=807"}],"version-history":[{"count":13,"href":"https:\/\/braley-france.com\/index.php\/wp-json\/wp\/v2\/pages\/807\/revisions"}],"predecessor-version":[{"id":1077,"href":"https:\/\/braley-france.com\/index.php\/wp-json\/wp\/v2\/pages\/807\/revisions\/1077"}],"up":[{"embeddable":true,"href":"https:\/\/braley-france.com\/index.php\/wp-json\/wp\/v2\/pages\/791"}],"wp:featuredmedia":[{"embeddable":true,"href":"https:\/\/braley-france.com\/index.php\/wp-json\/wp\/v2\/media\/809"}],"wp:attachment":[{"href":"https:\/\/braley-france.com\/index.php\/wp-json\/wp\/v2\/media?parent=807"}],"curies":[{"name":"wp","href":"https:\/\/api.w.org\/{rel}","templated":true}]}}