{"id":793,"date":"2016-11-08T17:00:35","date_gmt":"2016-11-08T16:00:35","guid":{"rendered":"https:\/\/braley-france.com\/?page_id=793"},"modified":"2016-11-08T20:56:04","modified_gmt":"2016-11-08T19:56:04","slug":"jardin","status":"publish","type":"page","link":"https:\/\/braley-france.com\/index.php\/vente-negoce\/jardin\/","title":{"rendered":"Jardin"},"content":{"rendered":"<div id=\"pl-793\"  class=\"panel-layout\" ><div id=\"pg-793-0\"  class=\"panel-grid panel-no-style\" ><div id=\"pgc-793-0-0\"  class=\"panel-grid-cell\" ><div id=\"panel-793-0-0-0\" class=\"so-panel widget widget_pw_featured_page widget-featured-page panel-first-child panel-last-child\" data-index=\"0\" >\n\n\t<div class=\"page-box  page-box--block\">\n\t\t\t<a class=\"page-box__picture\" href=\"https:\/\/braley-france.com\/index.php\/vente-negoce\/jardin\/compost\/\"><img loading=\"lazy\" decoding=\"async\" src=\"https:\/\/braley-france.com\/wp-content\/uploads\/2016\/11\/terre-360x240.jpg\" width=\"360\" height=\"240\" srcset=\"https:\/\/braley-france.com\/wp-content\/uploads\/2016\/11\/terre-360x240.jpg 360w, https:\/\/braley-france.com\/wp-content\/uploads\/2016\/11\/terre.jpg 800w\" sizes=\"auto, (min-width: 992px) 360px, calc(100vw - 30px)\" class=\"wp-post-image\" alt=\"Compost\"><\/a>\n\t\t<div class=\"page-box__content\">\n\t\t\t<h5 class=\"page-box__title  text-uppercase\"><a href=\"https:\/\/braley-france.com\/index.php\/vente-negoce\/jardin\/compost\/\">Compost<\/a><\/h5>\n\t\t\t<p>Compost et terre v\u00e9g\u00e9tal disponible sur notre site d\u2019 Onet le Ch\u00e2teau en sac et en vrac<\/p>\n\t\t\t\t<p><a href=\"https:\/\/braley-france.com\/index.php\/vente-negoce\/jardin\/compost\/\" class=\"read-more  read-more--page-box\">Lire la suite<\/a><\/p>\n\t\t<\/div>\n\t<\/div>\n\n<\/div><\/div><div id=\"pgc-793-0-1\"  class=\"panel-grid-cell panel-grid-cell-mobile-last\" ><div id=\"panel-793-0-1-0\" class=\"so-panel widget widget_pw_featured_page widget-featured-page panel-first-child panel-last-child\" data-index=\"1\" >\n\n\t<div class=\"page-box  page-box--block\">\n\t\t\t<a class=\"page-box__picture\" href=\"https:\/\/braley-france.com\/index.php\/vente-negoce\/jardin\/paillage\/\"><img loading=\"lazy\" decoding=\"async\" src=\"https:\/\/braley-france.com\/wp-content\/uploads\/2016\/11\/bois-broye-360x240.jpg\" width=\"360\" height=\"240\" srcset=\"https:\/\/braley-france.com\/wp-content\/uploads\/2016\/11\/bois-broye-360x240.jpg 360w, https:\/\/braley-france.com\/wp-content\/uploads\/2016\/11\/bois-broye.jpg 800w\" sizes=\"auto, (min-width: 992px) 360px, calc(100vw - 30px)\" class=\"wp-post-image\" alt=\"Paillage\"><\/a>\n\t\t<div class=\"page-box__content\">\n\t\t\t<h5 class=\"page-box__title  text-uppercase\"><a href=\"https:\/\/braley-france.com\/index.php\/vente-negoce\/jardin\/paillage\/\">Paillage<\/a><\/h5>\n\t\t\t<p>Bois broy\u00e9 et \u00e9corce de pin disponible en sac et en vrac sur le site d'Onet le Ch\u00e2teau<\/p>\n\t\t\t\t<p><a href=\"https:\/\/braley-france.com\/index.php\/vente-negoce\/jardin\/paillage\/\" class=\"read-more  read-more--page-box\">Lire la suite<\/a><\/p>\n\t\t<\/div>\n\t<\/div>\n\n<\/div><\/div><div id=\"pgc-793-0-2\"  class=\"panel-grid-cell panel-grid-cell-empty\" ><\/div><\/div><\/div>","protected":false},"excerpt":{"rendered":"<p>Compost et paillage<\/p>\n","protected":false},"author":1,"featured_media":911,"parent":95,"menu_order":0,"comment_status":"closed","ping_status":"closed","template":"","meta":{"_acf_changed":false,"footnotes":""},"class_list":["post-793","page","type-page","status-publish","has-post-thumbnail","hentry"],"acf":[],"yoast_head":"<!-- This site is optimized with the Yoast SEO plugin v27.5 - https:\/\/yoast.com\/product\/yoast-seo-wordpress\/ -->\n<title>Jardin - Braley France<\/title>\n<meta name=\"robots\" content=\"index, follow, max-snippet:-1, max-image-preview:large, max-video-preview:-1\" \/>\n<link rel=\"canonical\" href=\"https:\/\/braley-france.com\/index.php\/vente-negoce\/jardin\/\" \/>\n<meta property=\"og:locale\" content=\"fr_FR\" \/>\n<meta property=\"og:type\" content=\"article\" \/>\n<meta property=\"og:title\" content=\"Jardin - Braley France\" \/>\n<meta property=\"og:description\" content=\"Compost et paillage\" \/>\n<meta property=\"og:url\" content=\"https:\/\/braley-france.com\/index.php\/vente-negoce\/jardin\/\" \/>\n<meta property=\"og:site_name\" content=\"Braley France\" \/>\n<meta property=\"article:modified_time\" content=\"2016-11-08T19:56:04+00:00\" \/>\n<meta property=\"og:image\" content=\"https:\/\/braley-france.com\/wp-content\/uploads\/2016\/11\/terre.jpg\" \/>\n\t<meta property=\"og:image:width\" content=\"800\" \/>\n\t<meta property=\"og:image:height\" content=\"400\" \/>\n\t<meta property=\"og:image:type\" content=\"image\/jpeg\" \/>\n<meta name=\"twitter:card\" content=\"summary_large_image\" \/>\n<script type=\"application\/ld+json\" class=\"yoast-schema-graph\">{\"@context\":\"https:\\\/\\\/schema.org\",\"@graph\":[{\"@type\":\"WebPage\",\"@id\":\"https:\\\/\\\/braley-france.com\\\/index.php\\\/vente-negoce\\\/jardin\\\/\",\"url\":\"https:\\\/\\\/braley-france.com\\\/index.php\\\/vente-negoce\\\/jardin\\\/\",\"name\":\"Jardin - Braley France\",\"isPartOf\":{\"@id\":\"https:\\\/\\\/braley-france.com\\\/#website\"},\"primaryImageOfPage\":{\"@id\":\"https:\\\/\\\/braley-france.com\\\/index.php\\\/vente-negoce\\\/jardin\\\/#primaryimage\"},\"image\":{\"@id\":\"https:\\\/\\\/braley-france.com\\\/index.php\\\/vente-negoce\\\/jardin\\\/#primaryimage\"},\"thumbnailUrl\":\"https:\\\/\\\/braley-france.com\\\/wp-content\\\/uploads\\\/2016\\\/11\\\/terre.jpg\",\"datePublished\":\"2016-11-08T16:00:35+00:00\",\"dateModified\":\"2016-11-08T19:56:04+00:00\",\"breadcrumb\":{\"@id\":\"https:\\\/\\\/braley-france.com\\\/index.php\\\/vente-negoce\\\/jardin\\\/#breadcrumb\"},\"inLanguage\":\"fr-FR\",\"potentialAction\":[{\"@type\":\"ReadAction\",\"target\":[\"https:\\\/\\\/braley-france.com\\\/index.php\\\/vente-negoce\\\/jardin\\\/\"]}]},{\"@type\":\"ImageObject\",\"inLanguage\":\"fr-FR\",\"@id\":\"https:\\\/\\\/braley-france.com\\\/index.php\\\/vente-negoce\\\/jardin\\\/#primaryimage\",\"url\":\"https:\\\/\\\/braley-france.com\\\/wp-content\\\/uploads\\\/2016\\\/11\\\/terre.jpg\",\"contentUrl\":\"https:\\\/\\\/braley-france.com\\\/wp-content\\\/uploads\\\/2016\\\/11\\\/terre.jpg\",\"width\":800,\"height\":400},{\"@type\":\"BreadcrumbList\",\"@id\":\"https:\\\/\\\/braley-france.com\\\/index.php\\\/vente-negoce\\\/jardin\\\/#breadcrumb\",\"itemListElement\":[{\"@type\":\"ListItem\",\"position\":1,\"name\":\"Accueil\",\"item\":\"https:\\\/\\\/braley-france.com\\\/\"},{\"@type\":\"ListItem\",\"position\":2,\"name\":\"Vente \\\/ N\u00e9goce\",\"item\":\"https:\\\/\\\/braley-france.com\\\/index.php\\\/vente-negoce\\\/\"},{\"@type\":\"ListItem\",\"position\":3,\"name\":\"Jardin\"}]},{\"@type\":\"WebSite\",\"@id\":\"https:\\\/\\\/braley-france.com\\\/#website\",\"url\":\"https:\\\/\\\/braley-france.com\\\/\",\"name\":\"Braley France\",\"description\":\"Environnement - Energies\",\"potentialAction\":[{\"@type\":\"SearchAction\",\"target\":{\"@type\":\"EntryPoint\",\"urlTemplate\":\"https:\\\/\\\/braley-france.com\\\/?s={search_term_string}\"},\"query-input\":{\"@type\":\"PropertyValueSpecification\",\"valueRequired\":true,\"valueName\":\"search_term_string\"}}],\"inLanguage\":\"fr-FR\"}]}<\/script>\n<!-- \/ Yoast SEO plugin. -->","yoast_head_json":{"title":"Jardin - Braley France","robots":{"index":"index","follow":"follow","max-snippet":"max-snippet:-1","max-image-preview":"max-image-preview:large","max-video-preview":"max-video-preview:-1"},"canonical":"https:\/\/braley-france.com\/index.php\/vente-negoce\/jardin\/","og_locale":"fr_FR","og_type":"article","og_title":"Jardin - Braley France","og_description":"Compost et paillage","og_url":"https:\/\/braley-france.com\/index.php\/vente-negoce\/jardin\/","og_site_name":"Braley France","article_modified_time":"2016-11-08T19:56:04+00:00","og_image":[{"width":800,"height":400,"url":"https:\/\/braley-france.com\/wp-content\/uploads\/2016\/11\/terre.jpg","type":"image\/jpeg"}],"twitter_card":"summary_large_image","schema":{"@context":"https:\/\/schema.org","@graph":[{"@type":"WebPage","@id":"https:\/\/braley-france.com\/index.php\/vente-negoce\/jardin\/","url":"https:\/\/braley-france.com\/index.php\/vente-negoce\/jardin\/","name":"Jardin - Braley France","isPartOf":{"@id":"https:\/\/braley-france.com\/#website"},"primaryImageOfPage":{"@id":"https:\/\/braley-france.com\/index.php\/vente-negoce\/jardin\/#primaryimage"},"image":{"@id":"https:\/\/braley-france.com\/index.php\/vente-negoce\/jardin\/#primaryimage"},"thumbnailUrl":"https:\/\/braley-france.com\/wp-content\/uploads\/2016\/11\/terre.jpg","datePublished":"2016-11-08T16:00:35+00:00","dateModified":"2016-11-08T19:56:04+00:00","breadcrumb":{"@id":"https:\/\/braley-france.com\/index.php\/vente-negoce\/jardin\/#breadcrumb"},"inLanguage":"fr-FR","potentialAction":[{"@type":"ReadAction","target":["https:\/\/braley-france.com\/index.php\/vente-negoce\/jardin\/"]}]},{"@type":"ImageObject","inLanguage":"fr-FR","@id":"https:\/\/braley-france.com\/index.php\/vente-negoce\/jardin\/#primaryimage","url":"https:\/\/braley-france.com\/wp-content\/uploads\/2016\/11\/terre.jpg","contentUrl":"https:\/\/braley-france.com\/wp-content\/uploads\/2016\/11\/terre.jpg","width":800,"height":400},{"@type":"BreadcrumbList","@id":"https:\/\/braley-france.com\/index.php\/vente-negoce\/jardin\/#breadcrumb","itemListElement":[{"@type":"ListItem","position":1,"name":"Accueil","item":"https:\/\/braley-france.com\/"},{"@type":"ListItem","position":2,"name":"Vente \/ N\u00e9goce","item":"https:\/\/braley-france.com\/index.php\/vente-negoce\/"},{"@type":"ListItem","position":3,"name":"Jardin"}]},{"@type":"WebSite","@id":"https:\/\/braley-france.com\/#website","url":"https:\/\/braley-france.com\/","name":"Braley France","description":"Environnement - Energies","potentialAction":[{"@type":"SearchAction","target":{"@type":"EntryPoint","urlTemplate":"https:\/\/braley-france.com\/?s={search_term_string}"},"query-input":{"@type":"PropertyValueSpecification","valueRequired":true,"valueName":"search_term_string"}}],"inLanguage":"fr-FR"}]}},"_links":{"self":[{"href":"https:\/\/braley-france.com\/index.php\/wp-json\/wp\/v2\/pages\/793","targetHints":{"allow":["GET"]}}],"collection":[{"href":"https:\/\/braley-france.com\/index.php\/wp-json\/wp\/v2\/pages"}],"about":[{"href":"https:\/\/braley-france.com\/index.php\/wp-json\/wp\/v2\/types\/page"}],"author":[{"embeddable":true,"href":"https:\/\/braley-france.com\/index.php\/wp-json\/wp\/v2\/users\/1"}],"replies":[{"embeddable":true,"href":"https:\/\/braley-france.com\/index.php\/wp-json\/wp\/v2\/comments?post=793"}],"version-history":[{"count":3,"href":"https:\/\/braley-france.com\/index.php\/wp-json\/wp\/v2\/pages\/793\/revisions"}],"predecessor-version":[{"id":923,"href":"https:\/\/braley-france.com\/index.php\/wp-json\/wp\/v2\/pages\/793\/revisions\/923"}],"up":[{"embeddable":true,"href":"https:\/\/braley-france.com\/index.php\/wp-json\/wp\/v2\/pages\/95"}],"wp:featuredmedia":[{"embeddable":true,"href":"https:\/\/braley-france.com\/index.php\/wp-json\/wp\/v2\/media\/911"}],"wp:attachment":[{"href":"https:\/\/braley-france.com\/index.php\/wp-json\/wp\/v2\/media?parent=793"}],"curies":[{"name":"wp","href":"https:\/\/api.w.org\/{rel}","templated":true}]}}