{"id":791,"date":"2016-11-08T17:00:10","date_gmt":"2016-11-08T16:00:10","guid":{"rendered":"https:\/\/braley-france.com\/?page_id=791"},"modified":"2016-11-08T20:19:09","modified_gmt":"2016-11-08T19:19:09","slug":"chauffage","status":"publish","type":"page","link":"https:\/\/braley-france.com\/index.php\/vente-negoce\/chauffage\/","title":{"rendered":"Chauffage"},"content":{"rendered":"<div id=\"pl-791\"  class=\"panel-layout\" ><div id=\"pg-791-0\"  class=\"panel-grid panel-no-style\" ><div id=\"pgc-791-0-0\"  class=\"panel-grid-cell\" ><div id=\"panel-791-0-0-0\" class=\"so-panel widget widget_pw_featured_page widget-featured-page panel-first-child panel-last-child\" data-index=\"0\" >\n\n\t<div class=\"page-box  page-box--block\">\n\t\t\t<a class=\"page-box__picture\" href=\"https:\/\/braley-france.com\/index.php\/vente-negoce\/chauffage\/briques\/\"><img loading=\"lazy\" decoding=\"async\" src=\"https:\/\/braley-france.com\/wp-content\/uploads\/2016\/11\/brique-2-360x240.jpg\" width=\"360\" height=\"240\" srcset=\"https:\/\/braley-france.com\/wp-content\/uploads\/2016\/11\/brique-2-360x240.jpg 360w, https:\/\/braley-france.com\/wp-content\/uploads\/2016\/11\/brique-2.jpg 800w\" sizes=\"auto, (min-width: 992px) 360px, calc(100vw - 30px)\" class=\"wp-post-image\" alt=\"B\u00fbches densifi\u00e9es\"><\/a>\n\t\t<div class=\"page-box__content\">\n\t\t\t<h5 class=\"page-box__title  text-uppercase\"><a href=\"https:\/\/braley-france.com\/index.php\/vente-negoce\/chauffage\/briques\/\">B\u00fbches densifi\u00e9es<\/a><\/h5>\n\t\t\t<p>Produits 100% naturels, issus du recyclage des sous-produits des scieries et des industries du bois, les b\u00fbches de bois densifi\u00e9es Cr\u00e9pito\u00ae sont exclusivement constitu\u00e9es de sciures et de copeaux de bois non trait\u00e9, sans colle ni liant.<\/p>\n\t\t\t\t<p><a href=\"https:\/\/braley-france.com\/index.php\/vente-negoce\/chauffage\/briques\/\" class=\"read-more  read-more--page-box\">Lire la suite<\/a><\/p>\n\t\t<\/div>\n\t<\/div>\n\n<\/div><\/div><div id=\"pgc-791-0-1\"  class=\"panel-grid-cell\" ><div id=\"panel-791-0-1-0\" class=\"so-panel widget widget_pw_featured_page widget-featured-page panel-first-child panel-last-child\" data-index=\"1\" >\n\n\t<div class=\"page-box  page-box--block\">\n\t\t\t<a class=\"page-box__picture\" href=\"https:\/\/braley-france.com\/index.php\/vente-negoce\/chauffage\/buches\/\"><img loading=\"lazy\" decoding=\"async\" src=\"https:\/\/braley-france.com\/wp-content\/uploads\/2016\/11\/buche-360x240.jpg\" width=\"360\" height=\"240\" srcset=\"https:\/\/braley-france.com\/wp-content\/uploads\/2016\/11\/buche-360x240.jpg 360w, https:\/\/braley-france.com\/wp-content\/uploads\/2016\/11\/buche.jpg 800w\" sizes=\"auto, (min-width: 992px) 360px, calc(100vw - 30px)\" class=\"wp-post-image\" alt=\"B\u00fbches\"><\/a>\n\t\t<div class=\"page-box__content\">\n\t\t\t<h5 class=\"page-box__title  text-uppercase\"><a href=\"https:\/\/braley-france.com\/index.php\/vente-negoce\/chauffage\/buches\/\">B\u00fbches<\/a><\/h5>\n\t\t\t<p>Disponible sur le site d\u2019Onet le Ch\u00e2teau sur palette<\/p>\n\t\t\t\t<p><a href=\"https:\/\/braley-france.com\/index.php\/vente-negoce\/chauffage\/buches\/\" class=\"read-more  read-more--page-box\">Lire la suite<\/a><\/p>\n\t\t<\/div>\n\t<\/div>\n\n<\/div><\/div><div id=\"pgc-791-0-2\"  class=\"panel-grid-cell\" ><div id=\"panel-791-0-2-0\" class=\"so-panel widget widget_pw_featured_page widget-featured-page panel-first-child panel-last-child\" data-index=\"2\" >\n\n\t<div class=\"page-box  page-box--block\">\n\t\t\t<a class=\"page-box__picture\" href=\"https:\/\/braley-france.com\/index.php\/vente-negoce\/chauffage\/granules\/\"><img loading=\"lazy\" decoding=\"async\" src=\"https:\/\/braley-france.com\/wp-content\/uploads\/2016\/11\/granule-360x240.jpg\" width=\"360\" height=\"240\" srcset=\"https:\/\/braley-france.com\/wp-content\/uploads\/2016\/11\/granule-360x240.jpg 360w, https:\/\/braley-france.com\/wp-content\/uploads\/2016\/11\/granule.jpg 800w\" sizes=\"auto, (min-width: 992px) 360px, calc(100vw - 30px)\" class=\"wp-post-image\" alt=\"Granul\u00e9s\"><\/a>\n\t\t<div class=\"page-box__content\">\n\t\t\t<h5 class=\"page-box__title  text-uppercase\"><a href=\"https:\/\/braley-france.com\/index.php\/vente-negoce\/chauffage\/granules\/\">Granul\u00e9s<\/a><\/h5>\n\t\t\t<p>L\u2019entreprise Braley propose 2 types de granul\u00e9s en sac ou en vrac, tout deux certifi\u00e9s Norme fran\u00e7aise = DIN Plus.<\/p>\n\t\t\t\t<p><a href=\"https:\/\/braley-france.com\/index.php\/vente-negoce\/chauffage\/granules\/\" class=\"read-more  read-more--page-box\">Lire la suite<\/a><\/p>\n\t\t<\/div>\n\t<\/div>\n\n<\/div><\/div><\/div><div id=\"pg-791-1\"  class=\"panel-grid panel-no-style\" ><div id=\"pgc-791-1-0\"  class=\"panel-grid-cell\" ><div id=\"panel-791-1-0-0\" class=\"so-panel widget widget_pw_featured_page widget-featured-page panel-first-child panel-last-child\" data-index=\"3\" >\n\n\t<div class=\"page-box  page-box--block\">\n\t\t\t<a class=\"page-box__picture\" href=\"https:\/\/braley-france.com\/index.php\/vente-negoce\/chauffage\/plaquettes\/\"><img loading=\"lazy\" decoding=\"async\" src=\"https:\/\/braley-france.com\/wp-content\/uploads\/2016\/11\/plaquette-3-360x240.jpg\" width=\"360\" height=\"240\" srcset=\"https:\/\/braley-france.com\/wp-content\/uploads\/2016\/11\/plaquette-3-360x240.jpg 360w, https:\/\/braley-france.com\/wp-content\/uploads\/2016\/11\/plaquette-3.jpg 800w\" sizes=\"auto, (min-width: 992px) 360px, calc(100vw - 30px)\" class=\"wp-post-image\" alt=\"Plaquettes\"><\/a>\n\t\t<div class=\"page-box__content\">\n\t\t\t<h5 class=\"page-box__title  text-uppercase\"><a href=\"https:\/\/braley-france.com\/index.php\/vente-negoce\/chauffage\/plaquettes\/\">Plaquettes<\/a><\/h5>\n\t\t\t<p>Disponible sur le site de Bozouls en vrac ainsi qu\u2019avec notre camion souffleur pour les livraisons \u00e0 domicile.<\/p>\n\t\t\t\t<p><a href=\"https:\/\/braley-france.com\/index.php\/vente-negoce\/chauffage\/plaquettes\/\" class=\"read-more  read-more--page-box\">Lire la suite<\/a><\/p>\n\t\t<\/div>\n\t<\/div>\n\n<\/div><\/div><div id=\"pgc-791-1-1\"  class=\"panel-grid-cell panel-grid-cell-mobile-last\" ><div id=\"panel-791-1-1-0\" class=\"so-panel widget widget_pw_featured_page widget-featured-page panel-first-child panel-last-child\" data-index=\"4\" >\n\n\t<div class=\"page-box  page-box--block\">\n\t\t\t<a class=\"page-box__picture\" href=\"https:\/\/braley-france.com\/index.php\/vente-negoce\/chauffage\/taquets\/\"><img loading=\"lazy\" decoding=\"async\" src=\"https:\/\/braley-france.com\/wp-content\/uploads\/2016\/11\/Taquet-360x240.jpg\" width=\"360\" height=\"240\" srcset=\"https:\/\/braley-france.com\/wp-content\/uploads\/2016\/11\/Taquet-360x240.jpg 360w, https:\/\/braley-france.com\/wp-content\/uploads\/2016\/11\/Taquet.jpg 800w\" sizes=\"auto, (min-width: 992px) 360px, calc(100vw - 30px)\" class=\"wp-post-image\" alt=\"Bois d'allumage\"><\/a>\n\t\t<div class=\"page-box__content\">\n\t\t\t<h5 class=\"page-box__title  text-uppercase\"><a href=\"https:\/\/braley-france.com\/index.php\/vente-negoce\/chauffage\/taquets\/\">Bois d'allumage<\/a><\/h5>\n\t\t\t<p>Disponible sur le site d\u2019Onet le Ch\u00e2teau en vrac pour les taquets et en sac de 4O L pour les \u00ab allumes feu \u00bb.<\/p>\n\t\t\t\t<p><a href=\"https:\/\/braley-france.com\/index.php\/vente-negoce\/chauffage\/taquets\/\" class=\"read-more  read-more--page-box\">Lire la suite<\/a><\/p>\n\t\t<\/div>\n\t<\/div>\n\n<\/div><\/div><div id=\"pgc-791-1-2\"  class=\"panel-grid-cell panel-grid-cell-empty\" ><\/div><\/div><\/div>","protected":false},"excerpt":{"rendered":"<p>Briques, b\u00fbches, granul\u00e9s, plaquettes, taquets<\/p>\n","protected":false},"author":1,"featured_media":875,"parent":95,"menu_order":0,"comment_status":"closed","ping_status":"closed","template":"","meta":{"_acf_changed":false,"footnotes":""},"class_list":["post-791","page","type-page","status-publish","has-post-thumbnail","hentry"],"acf":[],"yoast_head":"<!-- This site is optimized with the Yoast SEO plugin v27.4 - https:\/\/yoast.com\/product\/yoast-seo-wordpress\/ -->\n<title>Chauffage - Braley France<\/title>\n<meta name=\"robots\" content=\"index, follow, max-snippet:-1, max-image-preview:large, max-video-preview:-1\" \/>\n<link rel=\"canonical\" href=\"https:\/\/braley-france.com\/index.php\/vente-negoce\/chauffage\/\" \/>\n<meta property=\"og:locale\" content=\"fr_FR\" \/>\n<meta property=\"og:type\" content=\"article\" \/>\n<meta property=\"og:title\" content=\"Chauffage - Braley France\" \/>\n<meta property=\"og:description\" content=\"Briques, b\u00fbches, granul\u00e9s, plaquettes, taquets\" \/>\n<meta property=\"og:url\" content=\"https:\/\/braley-france.com\/index.php\/vente-negoce\/chauffage\/\" \/>\n<meta property=\"og:site_name\" content=\"Braley France\" \/>\n<meta property=\"article:modified_time\" content=\"2016-11-08T19:19:09+00:00\" \/>\n<meta property=\"og:image\" content=\"https:\/\/braley-france.com\/wp-content\/uploads\/2015\/04\/vente-negoce.jpg\" \/>\n\t<meta property=\"og:image:width\" content=\"800\" \/>\n\t<meta property=\"og:image:height\" content=\"540\" \/>\n\t<meta property=\"og:image:type\" content=\"image\/jpeg\" \/>\n<meta name=\"twitter:card\" content=\"summary_large_image\" \/>\n<meta name=\"twitter:label1\" content=\"Dur\u00e9e de lecture estim\u00e9e\" \/>\n\t<meta name=\"twitter:data1\" content=\"1 minute\" \/>\n<script type=\"application\/ld+json\" class=\"yoast-schema-graph\">{\"@context\":\"https:\\\/\\\/schema.org\",\"@graph\":[{\"@type\":\"WebPage\",\"@id\":\"https:\\\/\\\/braley-france.com\\\/index.php\\\/vente-negoce\\\/chauffage\\\/\",\"url\":\"https:\\\/\\\/braley-france.com\\\/index.php\\\/vente-negoce\\\/chauffage\\\/\",\"name\":\"Chauffage - Braley France\",\"isPartOf\":{\"@id\":\"https:\\\/\\\/braley-france.com\\\/#website\"},\"primaryImageOfPage\":{\"@id\":\"https:\\\/\\\/braley-france.com\\\/index.php\\\/vente-negoce\\\/chauffage\\\/#primaryimage\"},\"image\":{\"@id\":\"https:\\\/\\\/braley-france.com\\\/index.php\\\/vente-negoce\\\/chauffage\\\/#primaryimage\"},\"thumbnailUrl\":\"https:\\\/\\\/braley-france.com\\\/wp-content\\\/uploads\\\/2015\\\/04\\\/vente-negoce.jpg\",\"datePublished\":\"2016-11-08T16:00:10+00:00\",\"dateModified\":\"2016-11-08T19:19:09+00:00\",\"breadcrumb\":{\"@id\":\"https:\\\/\\\/braley-france.com\\\/index.php\\\/vente-negoce\\\/chauffage\\\/#breadcrumb\"},\"inLanguage\":\"fr-FR\",\"potentialAction\":[{\"@type\":\"ReadAction\",\"target\":[\"https:\\\/\\\/braley-france.com\\\/index.php\\\/vente-negoce\\\/chauffage\\\/\"]}]},{\"@type\":\"ImageObject\",\"inLanguage\":\"fr-FR\",\"@id\":\"https:\\\/\\\/braley-france.com\\\/index.php\\\/vente-negoce\\\/chauffage\\\/#primaryimage\",\"url\":\"https:\\\/\\\/braley-france.com\\\/wp-content\\\/uploads\\\/2015\\\/04\\\/vente-negoce.jpg\",\"contentUrl\":\"https:\\\/\\\/braley-france.com\\\/wp-content\\\/uploads\\\/2015\\\/04\\\/vente-negoce.jpg\",\"width\":800,\"height\":540},{\"@type\":\"BreadcrumbList\",\"@id\":\"https:\\\/\\\/braley-france.com\\\/index.php\\\/vente-negoce\\\/chauffage\\\/#breadcrumb\",\"itemListElement\":[{\"@type\":\"ListItem\",\"position\":1,\"name\":\"Accueil\",\"item\":\"https:\\\/\\\/braley-france.com\\\/\"},{\"@type\":\"ListItem\",\"position\":2,\"name\":\"Vente \\\/ N\u00e9goce\",\"item\":\"https:\\\/\\\/braley-france.com\\\/index.php\\\/vente-negoce\\\/\"},{\"@type\":\"ListItem\",\"position\":3,\"name\":\"Chauffage\"}]},{\"@type\":\"WebSite\",\"@id\":\"https:\\\/\\\/braley-france.com\\\/#website\",\"url\":\"https:\\\/\\\/braley-france.com\\\/\",\"name\":\"Braley France\",\"description\":\"Environnement - Energies\",\"potentialAction\":[{\"@type\":\"SearchAction\",\"target\":{\"@type\":\"EntryPoint\",\"urlTemplate\":\"https:\\\/\\\/braley-france.com\\\/?s={search_term_string}\"},\"query-input\":{\"@type\":\"PropertyValueSpecification\",\"valueRequired\":true,\"valueName\":\"search_term_string\"}}],\"inLanguage\":\"fr-FR\"}]}<\/script>\n<!-- \/ Yoast SEO plugin. -->","yoast_head_json":{"title":"Chauffage - Braley France","robots":{"index":"index","follow":"follow","max-snippet":"max-snippet:-1","max-image-preview":"max-image-preview:large","max-video-preview":"max-video-preview:-1"},"canonical":"https:\/\/braley-france.com\/index.php\/vente-negoce\/chauffage\/","og_locale":"fr_FR","og_type":"article","og_title":"Chauffage - Braley France","og_description":"Briques, b\u00fbches, granul\u00e9s, plaquettes, taquets","og_url":"https:\/\/braley-france.com\/index.php\/vente-negoce\/chauffage\/","og_site_name":"Braley France","article_modified_time":"2016-11-08T19:19:09+00:00","og_image":[{"width":800,"height":540,"url":"https:\/\/braley-france.com\/wp-content\/uploads\/2015\/04\/vente-negoce.jpg","type":"image\/jpeg"}],"twitter_card":"summary_large_image","twitter_misc":{"Dur\u00e9e de lecture estim\u00e9e":"1 minute"},"schema":{"@context":"https:\/\/schema.org","@graph":[{"@type":"WebPage","@id":"https:\/\/braley-france.com\/index.php\/vente-negoce\/chauffage\/","url":"https:\/\/braley-france.com\/index.php\/vente-negoce\/chauffage\/","name":"Chauffage - Braley France","isPartOf":{"@id":"https:\/\/braley-france.com\/#website"},"primaryImageOfPage":{"@id":"https:\/\/braley-france.com\/index.php\/vente-negoce\/chauffage\/#primaryimage"},"image":{"@id":"https:\/\/braley-france.com\/index.php\/vente-negoce\/chauffage\/#primaryimage"},"thumbnailUrl":"https:\/\/braley-france.com\/wp-content\/uploads\/2015\/04\/vente-negoce.jpg","datePublished":"2016-11-08T16:00:10+00:00","dateModified":"2016-11-08T19:19:09+00:00","breadcrumb":{"@id":"https:\/\/braley-france.com\/index.php\/vente-negoce\/chauffage\/#breadcrumb"},"inLanguage":"fr-FR","potentialAction":[{"@type":"ReadAction","target":["https:\/\/braley-france.com\/index.php\/vente-negoce\/chauffage\/"]}]},{"@type":"ImageObject","inLanguage":"fr-FR","@id":"https:\/\/braley-france.com\/index.php\/vente-negoce\/chauffage\/#primaryimage","url":"https:\/\/braley-france.com\/wp-content\/uploads\/2015\/04\/vente-negoce.jpg","contentUrl":"https:\/\/braley-france.com\/wp-content\/uploads\/2015\/04\/vente-negoce.jpg","width":800,"height":540},{"@type":"BreadcrumbList","@id":"https:\/\/braley-france.com\/index.php\/vente-negoce\/chauffage\/#breadcrumb","itemListElement":[{"@type":"ListItem","position":1,"name":"Accueil","item":"https:\/\/braley-france.com\/"},{"@type":"ListItem","position":2,"name":"Vente \/ N\u00e9goce","item":"https:\/\/braley-france.com\/index.php\/vente-negoce\/"},{"@type":"ListItem","position":3,"name":"Chauffage"}]},{"@type":"WebSite","@id":"https:\/\/braley-france.com\/#website","url":"https:\/\/braley-france.com\/","name":"Braley France","description":"Environnement - Energies","potentialAction":[{"@type":"SearchAction","target":{"@type":"EntryPoint","urlTemplate":"https:\/\/braley-france.com\/?s={search_term_string}"},"query-input":{"@type":"PropertyValueSpecification","valueRequired":true,"valueName":"search_term_string"}}],"inLanguage":"fr-FR"}]}},"_links":{"self":[{"href":"https:\/\/braley-france.com\/index.php\/wp-json\/wp\/v2\/pages\/791","targetHints":{"allow":["GET"]}}],"collection":[{"href":"https:\/\/braley-france.com\/index.php\/wp-json\/wp\/v2\/pages"}],"about":[{"href":"https:\/\/braley-france.com\/index.php\/wp-json\/wp\/v2\/types\/page"}],"author":[{"embeddable":true,"href":"https:\/\/braley-france.com\/index.php\/wp-json\/wp\/v2\/users\/1"}],"replies":[{"embeddable":true,"href":"https:\/\/braley-france.com\/index.php\/wp-json\/wp\/v2\/comments?post=791"}],"version-history":[{"count":5,"href":"https:\/\/braley-france.com\/index.php\/wp-json\/wp\/v2\/pages\/791\/revisions"}],"predecessor-version":[{"id":906,"href":"https:\/\/braley-france.com\/index.php\/wp-json\/wp\/v2\/pages\/791\/revisions\/906"}],"up":[{"embeddable":true,"href":"https:\/\/braley-france.com\/index.php\/wp-json\/wp\/v2\/pages\/95"}],"wp:featuredmedia":[{"embeddable":true,"href":"https:\/\/braley-france.com\/index.php\/wp-json\/wp\/v2\/media\/875"}],"wp:attachment":[{"href":"https:\/\/braley-france.com\/index.php\/wp-json\/wp\/v2\/media?parent=791"}],"curies":[{"name":"wp","href":"https:\/\/api.w.org\/{rel}","templated":true}]}}