{"id":78,"date":"2015-04-23T11:19:03","date_gmt":"2015-04-23T11:19:03","guid":{"rendered":"http:\/\/xml-io.proteusthemes.com\/cargopress\/?page_id=78"},"modified":"2017-01-06T13:41:00","modified_gmt":"2017-01-06T12:41:00","slug":"energie","status":"publish","type":"page","link":"https:\/\/braley-france.com\/index.php\/energie\/","title":{"rendered":"\u00c9nergie"},"content":{"rendered":"<div id=\"pl-78\"  class=\"panel-layout\" ><div id=\"pg-78-0\"  class=\"panel-grid panel-no-style\" ><div id=\"pgc-78-0-0\"  class=\"panel-grid-cell\" ><div id=\"panel-78-0-0-0\" class=\"so-panel widget widget_sow-slider panel-first-child\" data-index=\"0\" ><div\n\t\t\t\n\t\t\tclass=\"so-widget-sow-slider so-widget-sow-slider-default-6d39609536fd-78\"\n\t\t\t\n\t\t>\t\t\t\t<div class=\"sow-slider-base\" style=\"display: none\" tabindex=\"0\">\n\t\t\t\t\t<ul\n\t\t\t\t\tclass=\"sow-slider-images\"\n\t\t\t\t\tdata-settings=\"{&quot;pagination&quot;:true,&quot;speed&quot;:800,&quot;timeout&quot;:8000,&quot;paused&quot;:false,&quot;pause_on_hover&quot;:false,&quot;swipe&quot;:true,&quot;nav_always_show_desktop&quot;:&quot;&quot;,&quot;nav_always_show_mobile&quot;:&quot;&quot;,&quot;breakpoint&quot;:&quot;780px&quot;,&quot;unmute&quot;:false,&quot;anchor&quot;:null}\"\n\t\t\t\t\t\t\t\t\t\tdata-anchor-id=\"\"\n\t\t\t\t>\t\t<li class=\"sow-slider-image\" style=\"visibility: visible;\" >\n\t\t\t\t\t\t<img loading=\"lazy\" decoding=\"async\" width=\"1000\" height=\"368\" src=\"https:\/\/braley-france.com\/wp-content\/uploads\/2015\/04\/energie.jpg\" class=\"sow-slider-background-image\" alt=\"\" style=\"\" srcset=\"https:\/\/braley-france.com\/wp-content\/uploads\/2015\/04\/energie.jpg 1000w, https:\/\/braley-france.com\/wp-content\/uploads\/2015\/04\/energie-600x221.jpg 600w, https:\/\/braley-france.com\/wp-content\/uploads\/2015\/04\/energie-300x110.jpg 300w, https:\/\/braley-france.com\/wp-content\/uploads\/2015\/04\/energie-768x283.jpg 768w\" sizes=\"auto, (max-width: 1000px) 100vw, 1000px\" \/>\t\t<\/li>\n\t\t\t\t<li class=\"sow-slider-image\" style=\"visibility: hidden;\" >\n\t\t\t\t\t\t<img loading=\"lazy\" decoding=\"async\" width=\"1000\" height=\"368\" src=\"https:\/\/braley-france.com\/wp-content\/uploads\/2015\/04\/panneau-solaire.jpg\" class=\"sow-slider-background-image\" alt=\"\" style=\"\" srcset=\"https:\/\/braley-france.com\/wp-content\/uploads\/2015\/04\/panneau-solaire.jpg 1000w, https:\/\/braley-france.com\/wp-content\/uploads\/2015\/04\/panneau-solaire-600x221.jpg 600w, https:\/\/braley-france.com\/wp-content\/uploads\/2015\/04\/panneau-solaire-300x110.jpg 300w, https:\/\/braley-france.com\/wp-content\/uploads\/2015\/04\/panneau-solaire-768x283.jpg 768w\" sizes=\"auto, (max-width: 1000px) 100vw, 1000px\" \/>\t\t<\/li>\n\t\t<\/ul>\t\t\t\t<ol class=\"sow-slider-pagination\">\n\t\t\t\t\t\t\t\t\t\t\t<li><a href=\"#\" data-goto=\"0\" aria-label=\"Display slide 1\"><\/a><\/li>\n\t\t\t\t\t\t\t\t\t\t\t<li><a href=\"#\" data-goto=\"1\" aria-label=\"Display slide 2\"><\/a><\/li>\n\t\t\t\t\t\t\t\t\t<\/ol>\n\n\t\t\t\t<div class=\"sow-slide-nav sow-slide-nav-next\">\n\t\t\t\t\t<a href=\"#\" data-goto=\"next\" aria-label=\"Next slide\" data-action=\"next\">\n\t\t\t\t\t\t<em class=\"sow-sld-icon-thin-right\"><\/em>\n\t\t\t\t\t<\/a>\n\t\t\t\t<\/div>\n\n\t\t\t\t<div class=\"sow-slide-nav sow-slide-nav-prev\">\n\t\t\t\t\t<a href=\"#\" data-goto=\"previous\" aria-label=\"Previous slide\" data-action=\"prev\">\n\t\t\t\t\t\t<em class=\"sow-sld-icon-thin-left\"><\/em>\n\t\t\t\t\t<\/a>\n\t\t\t\t<\/div>\n\t\t\t\t<\/div><\/div><\/div><div id=\"panel-78-0-0-1\" class=\"so-panel widget widget_black-studio-tinymce widget_black_studio_tinymce panel-last-child\" data-index=\"1\" ><div class=\"textwidget\"><h2>PRODUCTIONS D'\u00c9LECTRICIT\u00c9<\/h2>\n<\/div><\/div><\/div><\/div><div id=\"pg-78-1\"  class=\"panel-grid panel-no-style\" ><div id=\"pgc-78-1-0\"  class=\"panel-grid-cell\" ><div id=\"panel-78-1-0-0\" class=\"so-panel widget widget_black-studio-tinymce widget_black_studio_tinymce panel-first-child panel-last-child\" data-index=\"2\" ><div class=\"textwidget\"><p>Le photovolta\u00efque exploite une source d\u2019\u00e9nergie gratuite, non polluante et quasiment illimit\u00e9e : le soleil. Gr\u00e2ce au photovolta\u00efque, la production d\u2019\u00e9nergie est \u00e9cologique, d\u2019origine renouvelable, et de mani\u00e8re autonome.<\/p>\n<p><strong>Le photovolta\u00efque pr\u00e9sente des avantages tant pour l\u2019environnement que pour la sant\u00e9 humaine :<\/strong><\/p>\n<ul>\n<li>production d\u2019une \u00e9nergie propre sans aucune \u00e9mission de CO2 ;<\/li>\n<li>r\u00e9duction de la consommation de combustibles \u00e9puisables et polluants ;<\/li>\n<li>recyclabilit\u00e9 de toutes les composantes du syst\u00e8me photovolta\u00efque en fin de vie ;<\/li>\n<\/ul>\n<\/div><\/div><\/div><div id=\"pgc-78-1-1\"  class=\"panel-grid-cell\" ><div id=\"panel-78-1-1-0\" class=\"so-panel widget widget_black-studio-tinymce widget_black_studio_tinymce panel-first-child panel-last-child\" data-index=\"3\" ><div class=\"textwidget\"><p><strong>Pour toutes ces raisons l\u2019entreprise BRALEY a install\u00e9 plus de 9900 m\u00b2 de panneaux photovolta\u00efques sur ses b\u00e2timents.<\/strong><\/p>\n<p>Actuellement, le site de Bezonnes est couvert par 1200 m\u00b2 et le site de Bozouls a 8700 m\u00b2.<\/p>\n<p>Sur le site de Bozouls l\u2019installation photovolta\u00efque fait double emploi, en effet les panneaux photovolta\u00efques permettent de produire de l\u2019\u00e9lectricit\u00e9 d\u2019origine renouvelable. Lors de leurs fonctionnements ils g\u00e9n\u00e8rent de la chaleur. Afin d\u2019optimiser son utilit\u00e9 et nos processus notre soci\u00e9t\u00e9 a souhait\u00e9 r\u00e9cup\u00e9rer cette \u00e9nergie thermique pour le s\u00e9chage des plaquettes bois.<\/p>\n<\/div><\/div><\/div><div id=\"pgc-78-1-2\"  class=\"panel-grid-cell\" ><div id=\"panel-78-1-2-0\" class=\"so-panel widget widget_black-studio-tinymce widget_black_studio_tinymce panel-first-child panel-last-child\" data-index=\"4\" ><div class=\"textwidget\"><p><strong>Depuis son installation la production annuelle moyenne s\u2019\u00e9l\u00e8ve \u00e0 : 960500 Kwh. Soit un \u00e9quivalent de 86,92 Tonnes par an de CO2 rejet\u00e9 en moins dans l\u2019atmosph\u00e8re.<\/strong><\/p>\n<\/div><\/div><\/div><\/div><\/div>","protected":false},"excerpt":{"rendered":"<p>Le photovolta\u00efque exploite une source d\u2019\u00e9nergie gratuite, non polluante et quasiment illimit\u00e9e : le soleil.<\/p>\n","protected":false},"author":1,"featured_media":782,"parent":0,"menu_order":0,"comment_status":"closed","ping_status":"open","template":"","meta":{"_acf_changed":false,"footnotes":""},"class_list":["post-78","page","type-page","status-publish","has-post-thumbnail","hentry"],"acf":[],"yoast_head":"<!-- This site is optimized with the Yoast SEO plugin v27.4 - https:\/\/yoast.com\/product\/yoast-seo-wordpress\/ -->\n<title>\u00c9nergie - Braley France<\/title>\n<meta name=\"robots\" content=\"index, follow, max-snippet:-1, max-image-preview:large, max-video-preview:-1\" \/>\n<link rel=\"canonical\" href=\"https:\/\/braley-france.com\/index.php\/energie\/\" \/>\n<meta property=\"og:locale\" content=\"fr_FR\" \/>\n<meta property=\"og:type\" content=\"article\" \/>\n<meta property=\"og:title\" content=\"\u00c9nergie - Braley France\" \/>\n<meta property=\"og:description\" content=\"Le photovolta\u00efque exploite une source d\u2019\u00e9nergie gratuite, non polluante et quasiment illimit\u00e9e : le soleil.\" \/>\n<meta property=\"og:url\" content=\"https:\/\/braley-france.com\/index.php\/energie\/\" \/>\n<meta property=\"og:site_name\" content=\"Braley France\" \/>\n<meta property=\"article:modified_time\" content=\"2017-01-06T12:41:00+00:00\" \/>\n<meta property=\"og:image\" content=\"https:\/\/braley-france.com\/wp-content\/uploads\/2015\/04\/energie.jpg\" \/>\n\t<meta property=\"og:image:width\" content=\"1000\" \/>\n\t<meta property=\"og:image:height\" content=\"368\" \/>\n\t<meta property=\"og:image:type\" content=\"image\/jpeg\" \/>\n<meta name=\"twitter:card\" content=\"summary_large_image\" \/>\n<meta name=\"twitter:label1\" content=\"Dur\u00e9e de lecture estim\u00e9e\" \/>\n\t<meta name=\"twitter:data1\" content=\"1 minute\" \/>\n<script type=\"application\/ld+json\" class=\"yoast-schema-graph\">{\"@context\":\"https:\\\/\\\/schema.org\",\"@graph\":[{\"@type\":\"WebPage\",\"@id\":\"https:\\\/\\\/braley-france.com\\\/index.php\\\/energie\\\/\",\"url\":\"https:\\\/\\\/braley-france.com\\\/index.php\\\/energie\\\/\",\"name\":\"\u00c9nergie - Braley France\",\"isPartOf\":{\"@id\":\"https:\\\/\\\/braley-france.com\\\/#website\"},\"primaryImageOfPage\":{\"@id\":\"https:\\\/\\\/braley-france.com\\\/index.php\\\/energie\\\/#primaryimage\"},\"image\":{\"@id\":\"https:\\\/\\\/braley-france.com\\\/index.php\\\/energie\\\/#primaryimage\"},\"thumbnailUrl\":\"https:\\\/\\\/braley-france.com\\\/wp-content\\\/uploads\\\/2015\\\/04\\\/energie.jpg\",\"datePublished\":\"2015-04-23T11:19:03+00:00\",\"dateModified\":\"2017-01-06T12:41:00+00:00\",\"breadcrumb\":{\"@id\":\"https:\\\/\\\/braley-france.com\\\/index.php\\\/energie\\\/#breadcrumb\"},\"inLanguage\":\"fr-FR\",\"potentialAction\":[{\"@type\":\"ReadAction\",\"target\":[\"https:\\\/\\\/braley-france.com\\\/index.php\\\/energie\\\/\"]}]},{\"@type\":\"ImageObject\",\"inLanguage\":\"fr-FR\",\"@id\":\"https:\\\/\\\/braley-france.com\\\/index.php\\\/energie\\\/#primaryimage\",\"url\":\"https:\\\/\\\/braley-france.com\\\/wp-content\\\/uploads\\\/2015\\\/04\\\/energie.jpg\",\"contentUrl\":\"https:\\\/\\\/braley-france.com\\\/wp-content\\\/uploads\\\/2015\\\/04\\\/energie.jpg\",\"width\":1000,\"height\":368},{\"@type\":\"BreadcrumbList\",\"@id\":\"https:\\\/\\\/braley-france.com\\\/index.php\\\/energie\\\/#breadcrumb\",\"itemListElement\":[{\"@type\":\"ListItem\",\"position\":1,\"name\":\"Accueil\",\"item\":\"https:\\\/\\\/braley-france.com\\\/\"},{\"@type\":\"ListItem\",\"position\":2,\"name\":\"\u00c9nergie\"}]},{\"@type\":\"WebSite\",\"@id\":\"https:\\\/\\\/braley-france.com\\\/#website\",\"url\":\"https:\\\/\\\/braley-france.com\\\/\",\"name\":\"Braley France\",\"description\":\"Environnement - Energies\",\"potentialAction\":[{\"@type\":\"SearchAction\",\"target\":{\"@type\":\"EntryPoint\",\"urlTemplate\":\"https:\\\/\\\/braley-france.com\\\/?s={search_term_string}\"},\"query-input\":{\"@type\":\"PropertyValueSpecification\",\"valueRequired\":true,\"valueName\":\"search_term_string\"}}],\"inLanguage\":\"fr-FR\"}]}<\/script>\n<!-- \/ Yoast SEO plugin. -->","yoast_head_json":{"title":"\u00c9nergie - Braley France","robots":{"index":"index","follow":"follow","max-snippet":"max-snippet:-1","max-image-preview":"max-image-preview:large","max-video-preview":"max-video-preview:-1"},"canonical":"https:\/\/braley-france.com\/index.php\/energie\/","og_locale":"fr_FR","og_type":"article","og_title":"\u00c9nergie - Braley France","og_description":"Le photovolta\u00efque exploite une source d\u2019\u00e9nergie gratuite, non polluante et quasiment illimit\u00e9e : le soleil.","og_url":"https:\/\/braley-france.com\/index.php\/energie\/","og_site_name":"Braley France","article_modified_time":"2017-01-06T12:41:00+00:00","og_image":[{"width":1000,"height":368,"url":"https:\/\/braley-france.com\/wp-content\/uploads\/2015\/04\/energie.jpg","type":"image\/jpeg"}],"twitter_card":"summary_large_image","twitter_misc":{"Dur\u00e9e de lecture estim\u00e9e":"1 minute"},"schema":{"@context":"https:\/\/schema.org","@graph":[{"@type":"WebPage","@id":"https:\/\/braley-france.com\/index.php\/energie\/","url":"https:\/\/braley-france.com\/index.php\/energie\/","name":"\u00c9nergie - Braley France","isPartOf":{"@id":"https:\/\/braley-france.com\/#website"},"primaryImageOfPage":{"@id":"https:\/\/braley-france.com\/index.php\/energie\/#primaryimage"},"image":{"@id":"https:\/\/braley-france.com\/index.php\/energie\/#primaryimage"},"thumbnailUrl":"https:\/\/braley-france.com\/wp-content\/uploads\/2015\/04\/energie.jpg","datePublished":"2015-04-23T11:19:03+00:00","dateModified":"2017-01-06T12:41:00+00:00","breadcrumb":{"@id":"https:\/\/braley-france.com\/index.php\/energie\/#breadcrumb"},"inLanguage":"fr-FR","potentialAction":[{"@type":"ReadAction","target":["https:\/\/braley-france.com\/index.php\/energie\/"]}]},{"@type":"ImageObject","inLanguage":"fr-FR","@id":"https:\/\/braley-france.com\/index.php\/energie\/#primaryimage","url":"https:\/\/braley-france.com\/wp-content\/uploads\/2015\/04\/energie.jpg","contentUrl":"https:\/\/braley-france.com\/wp-content\/uploads\/2015\/04\/energie.jpg","width":1000,"height":368},{"@type":"BreadcrumbList","@id":"https:\/\/braley-france.com\/index.php\/energie\/#breadcrumb","itemListElement":[{"@type":"ListItem","position":1,"name":"Accueil","item":"https:\/\/braley-france.com\/"},{"@type":"ListItem","position":2,"name":"\u00c9nergie"}]},{"@type":"WebSite","@id":"https:\/\/braley-france.com\/#website","url":"https:\/\/braley-france.com\/","name":"Braley France","description":"Environnement - Energies","potentialAction":[{"@type":"SearchAction","target":{"@type":"EntryPoint","urlTemplate":"https:\/\/braley-france.com\/?s={search_term_string}"},"query-input":{"@type":"PropertyValueSpecification","valueRequired":true,"valueName":"search_term_string"}}],"inLanguage":"fr-FR"}]}},"_links":{"self":[{"href":"https:\/\/braley-france.com\/index.php\/wp-json\/wp\/v2\/pages\/78","targetHints":{"allow":["GET"]}}],"collection":[{"href":"https:\/\/braley-france.com\/index.php\/wp-json\/wp\/v2\/pages"}],"about":[{"href":"https:\/\/braley-france.com\/index.php\/wp-json\/wp\/v2\/types\/page"}],"author":[{"embeddable":true,"href":"https:\/\/braley-france.com\/index.php\/wp-json\/wp\/v2\/users\/1"}],"replies":[{"embeddable":true,"href":"https:\/\/braley-france.com\/index.php\/wp-json\/wp\/v2\/comments?post=78"}],"version-history":[{"count":10,"href":"https:\/\/braley-france.com\/index.php\/wp-json\/wp\/v2\/pages\/78\/revisions"}],"predecessor-version":[{"id":1050,"href":"https:\/\/braley-france.com\/index.php\/wp-json\/wp\/v2\/pages\/78\/revisions\/1050"}],"wp:featuredmedia":[{"embeddable":true,"href":"https:\/\/braley-france.com\/index.php\/wp-json\/wp\/v2\/media\/782"}],"wp:attachment":[{"href":"https:\/\/braley-france.com\/index.php\/wp-json\/wp\/v2\/media?parent=78"}],"curies":[{"name":"wp","href":"https:\/\/api.w.org\/{rel}","templated":true}]}}