{"id":232,"date":"2015-05-07T13:27:36","date_gmt":"2015-05-07T13:27:36","guid":{"rendered":"http:\/\/xml-io.proteusthemes.com\/cargopress\/?page_id=232"},"modified":"2017-01-06T13:36:57","modified_gmt":"2017-01-06T12:36:57","slug":"presentation","status":"publish","type":"page","link":"https:\/\/braley-france.com\/index.php\/presentation\/","title":{"rendered":"Pr\u00e9sentation"},"content":{"rendered":"<div id=\"pl-232\"  class=\"panel-layout\" ><div id=\"pg-232-0\"  class=\"panel-grid panel-no-style\" ><div id=\"pgc-232-0-0\"  class=\"panel-grid-cell\" ><div id=\"panel-232-0-0-0\" class=\"so-panel widget widget_black-studio-tinymce widget_black_studio_tinymce panel-first-child panel-last-child\" data-index=\"0\" ><div class=\"textwidget\"><h2>HISTORIQUE<\/h2>\n<\/div><\/div><\/div><\/div><div id=\"pg-232-1\"  class=\"panel-grid panel-no-style\" ><div id=\"pgc-232-1-0\"  class=\"panel-grid-cell\" ><div id=\"panel-232-1-0-0\" class=\"so-panel widget widget_pw_icon_box widget-icon-box panel-first-child\" data-index=\"1\" >\n\n\t\t<div class=\"icon-box\">\n\n\t\t<i class=\"fa  fa-clock-o\"><\/i>\n\t\t<h4 class=\"icon-box__title\">1972<\/h4>\n\t\t<span class=\"icon-box__subtitle\">Cr\u00e9ation de l\u2019Entreprise. Christian BRALEY investit dans une camionnette pour assurer la collecte du lait de brebis sur la r\u00e9gion.<\/span>\n\n\t\t<\/div>\n\n<\/div><div id=\"panel-232-1-0-1\" class=\"so-panel widget widget_pw_icon_box widget-icon-box\" data-index=\"2\" >\n\n\t\t<div class=\"icon-box\">\n\n\t\t<i class=\"fa  fa-clock-o\"><\/i>\n\t\t<h4 class=\"icon-box__title\">1976<\/h4>\n\t\t<span class=\"icon-box__subtitle\">Acquisition d\u2019un camion benne pour transporter la r\u00e9colte du bl\u00e9 en Camargue, du champ \u00e0 la coop\u00e9rative et ainsi permettre aux producteurs un gain de temps important.<\/span>\n\n\t\t<\/div>\n\n<\/div><div id=\"panel-232-1-0-2\" class=\"so-panel widget widget_pw_icon_box widget-icon-box\" data-index=\"3\" >\n\n\t\t<div class=\"icon-box\">\n\n\t\t<i class=\"fa  fa-clock-o\"><\/i>\n\t\t<h4 class=\"icon-box__title\">1981<\/h4>\n\t\t<span class=\"icon-box__subtitle\">Achat de deux bennes et d\u2019un camion multi-bennes (camion qui permet de poser \u00e0 terre et reprendre les bennes \u2013 syst\u00e8mes novateur car un seul camion permet une grande souplesse d\u2019utilisation) mis \u00e0 la disposition des entreprises et des particuliers. Le camion se charge de mettre en place les bennes et de les r\u00e9cup\u00e9rer.<\/span>\n\n\t\t<\/div>\n\n<\/div><div id=\"panel-232-1-0-3\" class=\"so-panel widget widget_pw_icon_box widget-icon-box\" data-index=\"4\" >\n\n\t\t<div class=\"icon-box\">\n\n\t\t<i class=\"fa  fa-clock-o\"><\/i>\n\t\t<h4 class=\"icon-box__title\">1990<\/h4>\n\t\t<span class=\"icon-box__subtitle\">L\u2019entreprise s\u2019adapte au march\u00e9 (achat de bennes sp\u00e9cifiques pour les c\u00e9r\u00e9ales, vendanges, r\u00e9coltes de tomates, riz,\u2026) et s\u2019oriente vers la r\u00e9cup\u00e9ration des d\u00e9chets bois, d\u00e9chets industriels bruts, et leur recyclage.<\/span>\n\n\t\t<\/div>\n\n<\/div><div id=\"panel-232-1-0-4\" class=\"so-panel widget widget_pw_icon_box widget-icon-box\" data-index=\"5\" >\n\n\t\t<div class=\"icon-box\">\n\n\t\t<i class=\"fa  fa-clock-o\"><\/i>\n\t\t<h4 class=\"icon-box__title\">1999<\/h4>\n\t\t<span class=\"icon-box__subtitle\">Mise en place d\u2019une plate-forme de r\u00e9cup\u00e9ration des d\u00e9chets bois et d\u00e9chets verts afin de les revaloriser (compost, \u00e9corces, sciures pour la fabrication de panneaux de bois agglom\u00e9r\u00e9s, plaquettes pour les chaufferies industrielles, \u2026).<\/span>\n\n\t\t<\/div>\n\n<\/div><div id=\"panel-232-1-0-5\" class=\"so-panel widget widget_pw_icon_box widget-icon-box\" data-index=\"6\" >\n\n\t\t<div class=\"icon-box\">\n\n\t\t<i class=\"fa  fa-clock-o\"><\/i>\n\t\t<h4 class=\"icon-box__title\">2003<\/h4>\n\t\t<span class=\"icon-box__subtitle\">Le parc d\u2019entreprise est constitu\u00e9 par 40 camions, 1200 bennes,2 broyeurs(lent et rapide), 1 chargeur d\u2019une grande capacit\u00e9 avec pesage embarqu\u00e9, 2 semi-remorques de 90m3, \u2026 Autorisation de cr\u00e9er 1 centre de tri et de recyclage \u00e0 Bozouls, d\u2019une  superficie de 17ha.<\/span>\n\n\t\t<\/div>\n\n<\/div><div id=\"panel-232-1-0-6\" class=\"so-panel widget widget_pw_icon_box widget-icon-box panel-last-child\" data-index=\"7\" >\n\n\t\t<div class=\"icon-box\">\n\n\t\t<i class=\"fa  fa-clock-o\"><\/i>\n\t\t<h4 class=\"icon-box__title\">2005<\/h4>\n\t\t<span class=\"icon-box__subtitle\">Ouverture du Centre de tri \u00e0 Bozouls qui permet de trier les DIB  et la collecte.<\/span>\n\n\t\t<\/div>\n\n<\/div><\/div><div id=\"pgc-232-1-1\"  class=\"panel-grid-cell\" ><div id=\"panel-232-1-1-0\" class=\"so-panel widget widget_pw_icon_box widget-icon-box panel-first-child\" data-index=\"8\" >\n\n\t\t<div class=\"icon-box\">\n\n\t\t<i class=\"fa  fa-clock-o\"><\/i>\n\t\t<h4 class=\"icon-box__title\">2008<\/h4>\n\t\t<span class=\"icon-box__subtitle\">Cr\u00e9ation d\u2019une plate-forme de pr\u00e9paration et de stockage du bois \u00e9nergie sur Bozouls.<\/span>\n\n\t\t<\/div>\n\n<\/div><div id=\"panel-232-1-1-1\" class=\"so-panel widget widget_pw_icon_box widget-icon-box\" data-index=\"9\" >\n\n\t\t<div class=\"icon-box\">\n\n\t\t<i class=\"fa  fa-clock-o\"><\/i>\n\t\t<h4 class=\"icon-box__title\">2009<\/h4>\n\t\t<span class=\"icon-box__subtitle\">Installation de 6400m\u00b2 de panneaux photovolta\u00efques en toiture du centre de tri de Bozouls avec r\u00e9cup\u00e9ration de l\u2019\u00e9nergie thermique pour le s\u00e9chage des plaquettes bois.   Ouverture d\u2019une d\u00e9chetterie professionnelle sur le site de Bozouls.<\/span>\n\n\t\t<\/div>\n\n<\/div><div id=\"panel-232-1-1-2\" class=\"so-panel widget widget_pw_icon_box widget-icon-box\" data-index=\"10\" >\n\n\t\t<div class=\"icon-box\">\n\n\t\t<i class=\"fa  fa-clock-o\"><\/i>\n\t\t<h4 class=\"icon-box__title\">2010<\/h4>\n\t\t<span class=\"icon-box__subtitle\">Agrandissement du site de S\u00e9bazac : ouverture d\u2019une d\u00e9chetterie professionnelle et d\u00e9veloppement de la vente de produits issus du recyclage des d\u00e9chets de bois et d\u00e9chets verts (granul\u00e9s, plaquettes, compost\u2026).<\/span>\n\n\t\t<\/div>\n\n<\/div><div id=\"panel-232-1-1-3\" class=\"so-panel widget widget_pw_icon_box widget-icon-box\" data-index=\"11\" >\n\n\t\t<div class=\"icon-box\">\n\n\t\t<i class=\"fa  fa-clock-o\"><\/i>\n\t\t<h4 class=\"icon-box__title\">2011 <\/h4>\n\t\t<span class=\"icon-box__subtitle\">Travaux d\u2019agrandissement de la plateforme de pr\u00e9paration du bois et de compostage sur le site de Bozouls (22 000 m2 suppl\u00e9mentaires).<\/span>\n\n\t\t<\/div>\n\n<\/div><div id=\"panel-232-1-1-4\" class=\"so-panel widget widget_pw_icon_box widget-icon-box\" data-index=\"12\" >\n\n\t\t<div class=\"icon-box\">\n\n\t\t<i class=\"fa  fa-clock-o\"><\/i>\n\t\t<h4 class=\"icon-box__title\">2012 <\/h4>\n\t\t<span class=\"icon-box__subtitle\">Cr\u00e9ation d\u2019un nouveau b\u00e2timent de stockage de produits finis issu de la fili\u00e8re bois.<\/span>\n\n\t\t<\/div>\n\n<\/div><div id=\"panel-232-1-1-5\" class=\"so-panel widget widget_pw_icon_box widget-icon-box\" data-index=\"13\" >\n\n\t\t<div class=\"icon-box\">\n\n\t\t<i class=\"fa  fa-clock-o\"><\/i>\n\t\t<h4 class=\"icon-box__title\">2014<\/h4>\n\t\t<span class=\"icon-box__subtitle\">Mise en service de la ligne de traitement des d\u00e9chets muliflux<\/span>\n\n\t\t<\/div>\n\n<\/div><div id=\"panel-232-1-1-6\" class=\"so-panel widget widget_pw_icon_box widget-icon-box\" data-index=\"14\" >\n\n\t\t<div class=\"icon-box\">\n\n\t\t<i class=\"fa  fa-clock-o\"><\/i>\n\t\t<h4 class=\"icon-box__title\">2016<\/h4>\n\t\t<span class=\"icon-box__subtitle\">Incendie ligne multiflux<\/span>\n\n\t\t<\/div>\n\n<\/div><div id=\"panel-232-1-1-7\" class=\"so-panel widget widget_pw_icon_box widget-icon-box panel-last-child\" data-index=\"15\" >\n\n\t\t<div class=\"icon-box\">\n\n\t\t<i class=\"fa  fa-clock-o\"><\/i>\n\t\t<h4 class=\"icon-box__title\">2017<\/h4>\n\t\t<span class=\"icon-box__subtitle\">Ouverture d\u00e9ch\u00e8terie pro. d\u2019onet le chateau<\/span>\n\n\t\t<\/div>\n\n<\/div><\/div><\/div><div id=\"pg-232-2\"  class=\"panel-grid panel-no-style\" ><div id=\"pgc-232-2-0\"  class=\"panel-grid-cell\" ><div id=\"panel-232-2-0-0\" class=\"so-panel widget widget_black-studio-tinymce widget_black_studio_tinymce panel-first-child\" data-index=\"16\" ><div class=\"textwidget\"><hr \/>\n<p>\u00a0<\/p>\n<\/div><\/div><div id=\"panel-232-2-0-1\" class=\"so-panel widget widget_black-studio-tinymce widget_black_studio_tinymce\" data-index=\"17\" ><div class=\"textwidget\"><h2>CHIFFRES CL\u00c9S<\/h2>\n<\/div><\/div><div id=\"panel-232-2-0-2\" class=\"so-panel widget widget_pw_number-counter widget-number-counter panel-last-child\" data-index=\"18\" >\n\n\t<div class=\"widget-number-counters\" data-speed=\"1000\">\n\t\t<div class=\"number-counter\">\n\t\t\t<div class=\"number-counter__number  js-number\" data-to=\"10623000\">00000000<\/div>\n\t\t\t<div class=\"number-counter__title\">Chiffre d\u2019affaire 2016<\/div>\n\t\t<\/div>\n\t\t<div class=\"number-counter\">\n\t\t\t<div class=\"number-counter__number  js-number\" data-to=\"49\">00<\/div>\n\t\t\t<div class=\"number-counter__title\">Nombre de salari\u00e9s<\/div>\n\t\t<\/div>\n\t\t<div class=\"number-counter\">\n\t\t\t<div class=\"number-counter__number  js-number\" data-to=\"3\">0<\/div>\n\t\t\t<div class=\"number-counter__title\">Sites : Bezonnes, Bozouls, S\u00e9bazac<\/div>\n\t\t<\/div>\n\t\t<div class=\"number-counter\">\n\t\t\t<div class=\"number-counter__number  js-number\" data-to=\"2800\">0000<\/div>\n\t\t\t<div class=\"number-counter__title\">2800 bennes<\/div>\n\t\t<\/div>\n\t\t<div class=\"number-counter\">\n\t\t\t<div class=\"number-counter__number  js-number\" data-to=\"55\">00<\/div>\n\t\t\t<div class=\"number-counter__title\">Camion-remorques<\/div>\n\t\t<\/div>\n\t\t<div class=\"number-counter\">\n\t\t\t<div class=\"number-counter__number  js-number\" data-to=\"4\">0<\/div>\n\t\t\t<div class=\"number-counter__title\">Semi-remorques \u00e0 fond mouvant<\/div>\n\t\t<\/div>\n\t<\/div>\n\n<\/div><\/div><\/div><div id=\"pg-232-3\"  class=\"panel-grid panel-no-style\" ><div id=\"pgc-232-3-0\"  class=\"panel-grid-cell\" ><div id=\"panel-232-3-0-0\" class=\"so-panel widget widget_black-studio-tinymce widget_black_studio_tinymce panel-first-child panel-last-child\" data-index=\"19\" ><div class=\"textwidget\"><h4>CHIFFRE D'AFFAIRES PAR ACTIVIT\u00c9<\/p>\n<p><img loading=\"lazy\" decoding=\"async\" class=\"alignnone wp-image-992 size-full\" src=\"https:\/\/braley-france.com\/wp-content\/uploads\/2015\/05\/CA.jpg\" width=\"553\" height=\"242\" srcset=\"https:\/\/braley-france.com\/wp-content\/uploads\/2015\/05\/CA.jpg 553w, https:\/\/braley-france.com\/wp-content\/uploads\/2015\/05\/CA-300x131.jpg 300w\" sizes=\"auto, (max-width: 553px) 100vw, 553px\" \/><\/h4>\n<\/div><\/div><\/div><div id=\"pgc-232-3-1\"  class=\"panel-grid-cell\" ><div id=\"panel-232-3-1-0\" class=\"so-panel widget widget_black-studio-tinymce widget_black_studio_tinymce panel-first-child panel-last-child\" data-index=\"20\" ><div class=\"textwidget\"><h4>R\u00c9PARTITION DU PERSONNEL PAR SITE<\/p>\n<p><img loading=\"lazy\" decoding=\"async\" class=\"alignnone wp-image-994 size-full\" src=\"https:\/\/braley-france.com\/wp-content\/uploads\/2015\/05\/sites.jpg\" width=\"553\" height=\"242\" srcset=\"https:\/\/braley-france.com\/wp-content\/uploads\/2015\/05\/sites.jpg 553w, https:\/\/braley-france.com\/wp-content\/uploads\/2015\/05\/sites-300x131.jpg 300w\" sizes=\"auto, (max-width: 553px) 100vw, 553px\" \/><\/h4>\n<\/div><\/div><\/div><\/div><div id=\"pg-232-4\"  class=\"panel-grid panel-no-style\" ><div id=\"pgc-232-4-0\"  class=\"panel-grid-cell\" ><div id=\"panel-232-4-0-0\" class=\"so-panel widget widget_black-studio-tinymce widget_black_studio_tinymce panel-first-child\" data-index=\"21\" ><div class=\"textwidget\"><hr \/>\n<p>\u00a0<\/p>\n<\/div><\/div><div id=\"panel-232-4-0-1\" class=\"so-panel widget widget_black-studio-tinymce widget_black_studio_tinymce\" data-index=\"22\" ><div class=\"textwidget\"><h2>IMPLANTATION<\/h2>\n<\/div><\/div><div id=\"panel-232-4-0-2\" class=\"so-panel widget widget_pw_google_map panel-last-child\" data-index=\"23\" >\n\n\t<div\n\t\tclass=\"simple-map  js-where-we-are\"\n\t\tdata-latlng=\"44.47139,2.72312\"\n\t\tdata-markers=\"[{&quot;id&quot;:&quot;1&quot;,&quot;title&quot;:&quot;Site de Bezonnes&quot;,&quot;locationlatlng&quot;:&quot;44.453059243780906,2.6251397215652332&quot;,&quot;custompinimage&quot;:&quot;&quot;},{&quot;id&quot;:&quot;2&quot;,&quot;title&quot;:&quot;Site de Bozouls&quot;,&quot;locationlatlng&quot;:&quot;44.47354214328301,2.7421620264282183&quot;,&quot;custompinimage&quot;:&quot;&quot;},{&quot;id&quot;:&quot;3&quot;,&quot;title&quot;:&quot;Site de Onet le Ch\\u00e2teau&quot;,&quot;locationlatlng&quot;:&quot;44.388485960444925,2.595090751342809&quot;,&quot;custompinimage&quot;:&quot;&quot;}]\"\n\t\tdata-zoom=\"11\"\n\t\tdata-type=\"roadmap\"\n\t\tdata-style=\"[{&quot;featureType&quot;:&quot;landscape&quot;,&quot;stylers&quot;:[{&quot;saturation&quot;:-100},{&quot;lightness&quot;:65},{&quot;visibility&quot;:&quot;on&quot;}]},{&quot;featureType&quot;:&quot;poi&quot;,&quot;stylers&quot;:[{&quot;saturation&quot;:-100},{&quot;lightness&quot;:51},{&quot;visibility&quot;:&quot;simplified&quot;}]},{&quot;featureType&quot;:&quot;road.highway&quot;,&quot;stylers&quot;:[{&quot;saturation&quot;:-100},{&quot;visibility&quot;:&quot;simplified&quot;}]},{&quot;featureType&quot;:&quot;road.arterial&quot;,&quot;stylers&quot;:[{&quot;saturation&quot;:-100},{&quot;lightness&quot;:30},{&quot;visibility&quot;:&quot;on&quot;}]},{&quot;featureType&quot;:&quot;road.local&quot;,&quot;stylers&quot;:[{&quot;saturation&quot;:-100},{&quot;lightness&quot;:40},{&quot;visibility&quot;:&quot;on&quot;}]},{&quot;featureType&quot;:&quot;transit&quot;,&quot;stylers&quot;:[{&quot;saturation&quot;:-100},{&quot;visibility&quot;:&quot;simplified&quot;}]},{&quot;featureType&quot;:&quot;administrative.province&quot;,&quot;stylers&quot;:[{&quot;visibility&quot;:&quot;off&quot;}]},{&quot;featureType&quot;:&quot;water&quot;,&quot;elementType&quot;:&quot;labels&quot;,&quot;stylers&quot;:[{&quot;visibility&quot;:&quot;on&quot;},{&quot;lightness&quot;:-25},{&quot;saturation&quot;:-100}]},{&quot;featureType&quot;:&quot;water&quot;,&quot;elementType&quot;:&quot;geometry&quot;,&quot;stylers&quot;:[{&quot;hue&quot;:&quot;#ffff00&quot;},{&quot;lightness&quot;:-25},{&quot;saturation&quot;:-97}]}]\"\n\t\tstyle=\"height: 380px;\"\n\t><\/div>\n\n<\/div><\/div><\/div><\/div>","protected":false},"excerpt":{"rendered":"<p>HISTORIQUE<\/p>\n","protected":false},"author":1,"featured_media":0,"parent":0,"menu_order":0,"comment_status":"closed","ping_status":"open","template":"","meta":{"_acf_changed":false,"footnotes":""},"class_list":["post-232","page","type-page","status-publish","hentry"],"acf":[],"yoast_head":"<!-- This site is optimized with the Yoast SEO plugin v27.3 - https:\/\/yoast.com\/product\/yoast-seo-wordpress\/ -->\n<title>Pr\u00e9sentation - Braley France<\/title>\n<meta name=\"robots\" content=\"index, follow, max-snippet:-1, max-image-preview:large, max-video-preview:-1\" \/>\n<link rel=\"canonical\" href=\"https:\/\/braley-france.com\/index.php\/presentation\/\" \/>\n<meta property=\"og:locale\" content=\"fr_FR\" \/>\n<meta property=\"og:type\" content=\"article\" \/>\n<meta property=\"og:title\" content=\"Pr\u00e9sentation - Braley France\" \/>\n<meta property=\"og:description\" content=\"HISTORIQUE\" \/>\n<meta property=\"og:url\" content=\"https:\/\/braley-france.com\/index.php\/presentation\/\" \/>\n<meta property=\"og:site_name\" content=\"Braley France\" \/>\n<meta property=\"article:modified_time\" content=\"2017-01-06T12:36:57+00:00\" \/>\n<meta property=\"og:image\" content=\"https:\/\/braley-france.com\/wp-content\/uploads\/2015\/05\/CA.jpg\" \/>\n<meta name=\"twitter:card\" content=\"summary_large_image\" \/>\n<meta name=\"twitter:label1\" content=\"Dur\u00e9e de lecture estim\u00e9e\" \/>\n\t<meta name=\"twitter:data1\" content=\"2 minutes\" \/>\n<script type=\"application\/ld+json\" class=\"yoast-schema-graph\">{\"@context\":\"https:\\\/\\\/schema.org\",\"@graph\":[{\"@type\":\"WebPage\",\"@id\":\"https:\\\/\\\/braley-france.com\\\/index.php\\\/presentation\\\/\",\"url\":\"https:\\\/\\\/braley-france.com\\\/index.php\\\/presentation\\\/\",\"name\":\"Pr\u00e9sentation - Braley France\",\"isPartOf\":{\"@id\":\"https:\\\/\\\/braley-france.com\\\/#website\"},\"primaryImageOfPage\":{\"@id\":\"https:\\\/\\\/braley-france.com\\\/index.php\\\/presentation\\\/#primaryimage\"},\"image\":{\"@id\":\"https:\\\/\\\/braley-france.com\\\/index.php\\\/presentation\\\/#primaryimage\"},\"thumbnailUrl\":\"https:\\\/\\\/braley-france.com\\\/wp-content\\\/uploads\\\/2015\\\/05\\\/CA.jpg\",\"datePublished\":\"2015-05-07T13:27:36+00:00\",\"dateModified\":\"2017-01-06T12:36:57+00:00\",\"breadcrumb\":{\"@id\":\"https:\\\/\\\/braley-france.com\\\/index.php\\\/presentation\\\/#breadcrumb\"},\"inLanguage\":\"fr-FR\",\"potentialAction\":[{\"@type\":\"ReadAction\",\"target\":[\"https:\\\/\\\/braley-france.com\\\/index.php\\\/presentation\\\/\"]}]},{\"@type\":\"ImageObject\",\"inLanguage\":\"fr-FR\",\"@id\":\"https:\\\/\\\/braley-france.com\\\/index.php\\\/presentation\\\/#primaryimage\",\"url\":\"https:\\\/\\\/braley-france.com\\\/wp-content\\\/uploads\\\/2015\\\/05\\\/CA.jpg\",\"contentUrl\":\"https:\\\/\\\/braley-france.com\\\/wp-content\\\/uploads\\\/2015\\\/05\\\/CA.jpg\",\"width\":553,\"height\":242},{\"@type\":\"BreadcrumbList\",\"@id\":\"https:\\\/\\\/braley-france.com\\\/index.php\\\/presentation\\\/#breadcrumb\",\"itemListElement\":[{\"@type\":\"ListItem\",\"position\":1,\"name\":\"Accueil\",\"item\":\"https:\\\/\\\/braley-france.com\\\/\"},{\"@type\":\"ListItem\",\"position\":2,\"name\":\"Pr\u00e9sentation\"}]},{\"@type\":\"WebSite\",\"@id\":\"https:\\\/\\\/braley-france.com\\\/#website\",\"url\":\"https:\\\/\\\/braley-france.com\\\/\",\"name\":\"Braley France\",\"description\":\"Environnement - Energies\",\"potentialAction\":[{\"@type\":\"SearchAction\",\"target\":{\"@type\":\"EntryPoint\",\"urlTemplate\":\"https:\\\/\\\/braley-france.com\\\/?s={search_term_string}\"},\"query-input\":{\"@type\":\"PropertyValueSpecification\",\"valueRequired\":true,\"valueName\":\"search_term_string\"}}],\"inLanguage\":\"fr-FR\"}]}<\/script>\n<!-- \/ Yoast SEO plugin. -->","yoast_head_json":{"title":"Pr\u00e9sentation - Braley France","robots":{"index":"index","follow":"follow","max-snippet":"max-snippet:-1","max-image-preview":"max-image-preview:large","max-video-preview":"max-video-preview:-1"},"canonical":"https:\/\/braley-france.com\/index.php\/presentation\/","og_locale":"fr_FR","og_type":"article","og_title":"Pr\u00e9sentation - Braley France","og_description":"HISTORIQUE","og_url":"https:\/\/braley-france.com\/index.php\/presentation\/","og_site_name":"Braley France","article_modified_time":"2017-01-06T12:36:57+00:00","og_image":[{"url":"https:\/\/braley-france.com\/wp-content\/uploads\/2015\/05\/CA.jpg","type":"","width":"","height":""}],"twitter_card":"summary_large_image","twitter_misc":{"Dur\u00e9e de lecture estim\u00e9e":"2 minutes"},"schema":{"@context":"https:\/\/schema.org","@graph":[{"@type":"WebPage","@id":"https:\/\/braley-france.com\/index.php\/presentation\/","url":"https:\/\/braley-france.com\/index.php\/presentation\/","name":"Pr\u00e9sentation - Braley France","isPartOf":{"@id":"https:\/\/braley-france.com\/#website"},"primaryImageOfPage":{"@id":"https:\/\/braley-france.com\/index.php\/presentation\/#primaryimage"},"image":{"@id":"https:\/\/braley-france.com\/index.php\/presentation\/#primaryimage"},"thumbnailUrl":"https:\/\/braley-france.com\/wp-content\/uploads\/2015\/05\/CA.jpg","datePublished":"2015-05-07T13:27:36+00:00","dateModified":"2017-01-06T12:36:57+00:00","breadcrumb":{"@id":"https:\/\/braley-france.com\/index.php\/presentation\/#breadcrumb"},"inLanguage":"fr-FR","potentialAction":[{"@type":"ReadAction","target":["https:\/\/braley-france.com\/index.php\/presentation\/"]}]},{"@type":"ImageObject","inLanguage":"fr-FR","@id":"https:\/\/braley-france.com\/index.php\/presentation\/#primaryimage","url":"https:\/\/braley-france.com\/wp-content\/uploads\/2015\/05\/CA.jpg","contentUrl":"https:\/\/braley-france.com\/wp-content\/uploads\/2015\/05\/CA.jpg","width":553,"height":242},{"@type":"BreadcrumbList","@id":"https:\/\/braley-france.com\/index.php\/presentation\/#breadcrumb","itemListElement":[{"@type":"ListItem","position":1,"name":"Accueil","item":"https:\/\/braley-france.com\/"},{"@type":"ListItem","position":2,"name":"Pr\u00e9sentation"}]},{"@type":"WebSite","@id":"https:\/\/braley-france.com\/#website","url":"https:\/\/braley-france.com\/","name":"Braley France","description":"Environnement - Energies","potentialAction":[{"@type":"SearchAction","target":{"@type":"EntryPoint","urlTemplate":"https:\/\/braley-france.com\/?s={search_term_string}"},"query-input":{"@type":"PropertyValueSpecification","valueRequired":true,"valueName":"search_term_string"}}],"inLanguage":"fr-FR"}]}},"_links":{"self":[{"href":"https:\/\/braley-france.com\/index.php\/wp-json\/wp\/v2\/pages\/232","targetHints":{"allow":["GET"]}}],"collection":[{"href":"https:\/\/braley-france.com\/index.php\/wp-json\/wp\/v2\/pages"}],"about":[{"href":"https:\/\/braley-france.com\/index.php\/wp-json\/wp\/v2\/types\/page"}],"author":[{"embeddable":true,"href":"https:\/\/braley-france.com\/index.php\/wp-json\/wp\/v2\/users\/1"}],"replies":[{"embeddable":true,"href":"https:\/\/braley-france.com\/index.php\/wp-json\/wp\/v2\/comments?post=232"}],"version-history":[{"count":35,"href":"https:\/\/braley-france.com\/index.php\/wp-json\/wp\/v2\/pages\/232\/revisions"}],"predecessor-version":[{"id":1047,"href":"https:\/\/braley-france.com\/index.php\/wp-json\/wp\/v2\/pages\/232\/revisions\/1047"}],"wp:attachment":[{"href":"https:\/\/braley-france.com\/index.php\/wp-json\/wp\/v2\/media?parent=232"}],"curies":[{"name":"wp","href":"https:\/\/api.w.org\/{rel}","templated":true}]}}