{"id":101,"date":"2015-04-23T12:39:15","date_gmt":"2015-04-23T12:39:15","guid":{"rendered":"http:\/\/xml-io.proteusthemes.com\/cargopress\/?page_id=101"},"modified":"2016-11-08T16:43:17","modified_gmt":"2016-11-08T15:43:17","slug":"centre-de-tri","status":"publish","type":"page","link":"https:\/\/braley-france.com\/index.php\/traitement-des-dechets\/centre-de-tri\/","title":{"rendered":"Centre de tri"},"content":{"rendered":"<div id=\"pl-101\"  class=\"panel-layout\" ><div id=\"pg-101-0\"  class=\"panel-grid panel-no-style\" ><div id=\"pgc-101-0-0\"  class=\"panel-grid-cell\" ><div id=\"panel-101-0-0-0\" class=\"so-panel widget widget_sow-slider panel-first-child panel-last-child\" data-index=\"0\" ><div\n\t\t\t\n\t\t\tclass=\"so-widget-sow-slider so-widget-sow-slider-default-6d39609536fd-101\"\n\t\t\t\n\t\t>\t\t\t\t<div class=\"sow-slider-base\" style=\"display: none\" tabindex=\"0\">\n\t\t\t\t\t<ul\n\t\t\t\t\tclass=\"sow-slider-images\"\n\t\t\t\t\tdata-settings=\"{&quot;pagination&quot;:true,&quot;speed&quot;:800,&quot;timeout&quot;:8000,&quot;paused&quot;:false,&quot;pause_on_hover&quot;:false,&quot;swipe&quot;:true,&quot;nav_always_show_desktop&quot;:&quot;&quot;,&quot;nav_always_show_mobile&quot;:&quot;&quot;,&quot;breakpoint&quot;:&quot;780px&quot;,&quot;unmute&quot;:false,&quot;anchor&quot;:null}\"\n\t\t\t\t\t\t\t\t\t\tdata-anchor-id=\"\"\n\t\t\t\t>\t\t<li class=\"sow-slider-image\" style=\"visibility: visible;\" >\n\t\t\t\t\t\t<img loading=\"lazy\" decoding=\"async\" width=\"1000\" height=\"368\" src=\"https:\/\/braley-france.com\/wp-content\/uploads\/2015\/04\/centre-de-tri-7.jpg\" class=\"sow-slider-background-image\" alt=\"\" style=\"\" srcset=\"https:\/\/braley-france.com\/wp-content\/uploads\/2015\/04\/centre-de-tri-7.jpg 1000w, https:\/\/braley-france.com\/wp-content\/uploads\/2015\/04\/centre-de-tri-7-600x221.jpg 600w, https:\/\/braley-france.com\/wp-content\/uploads\/2015\/04\/centre-de-tri-7-300x110.jpg 300w, https:\/\/braley-france.com\/wp-content\/uploads\/2015\/04\/centre-de-tri-7-768x283.jpg 768w\" sizes=\"auto, (max-width: 1000px) 100vw, 1000px\" \/>\t\t<\/li>\n\t\t\t\t<li class=\"sow-slider-image\" style=\"visibility: hidden;\" >\n\t\t\t\t\t\t<img loading=\"lazy\" decoding=\"async\" width=\"1000\" height=\"368\" src=\"https:\/\/braley-france.com\/wp-content\/uploads\/2015\/04\/centre-de-tri-6.jpg\" class=\"sow-slider-background-image\" alt=\"\" style=\"\" srcset=\"https:\/\/braley-france.com\/wp-content\/uploads\/2015\/04\/centre-de-tri-6.jpg 1000w, https:\/\/braley-france.com\/wp-content\/uploads\/2015\/04\/centre-de-tri-6-600x221.jpg 600w, https:\/\/braley-france.com\/wp-content\/uploads\/2015\/04\/centre-de-tri-6-300x110.jpg 300w, https:\/\/braley-france.com\/wp-content\/uploads\/2015\/04\/centre-de-tri-6-768x283.jpg 768w\" sizes=\"auto, (max-width: 1000px) 100vw, 1000px\" \/>\t\t<\/li>\n\t\t\t\t<li class=\"sow-slider-image\" style=\"visibility: hidden;\" >\n\t\t\t\t\t\t<img loading=\"lazy\" decoding=\"async\" width=\"1000\" height=\"368\" src=\"https:\/\/braley-france.com\/wp-content\/uploads\/2015\/04\/centre-de-tri-5.jpg\" class=\"sow-slider-background-image\" alt=\"\" style=\"\" srcset=\"https:\/\/braley-france.com\/wp-content\/uploads\/2015\/04\/centre-de-tri-5.jpg 1000w, https:\/\/braley-france.com\/wp-content\/uploads\/2015\/04\/centre-de-tri-5-600x221.jpg 600w, https:\/\/braley-france.com\/wp-content\/uploads\/2015\/04\/centre-de-tri-5-300x110.jpg 300w, https:\/\/braley-france.com\/wp-content\/uploads\/2015\/04\/centre-de-tri-5-768x283.jpg 768w\" sizes=\"auto, (max-width: 1000px) 100vw, 1000px\" \/>\t\t<\/li>\n\t\t\t\t<li class=\"sow-slider-image\" style=\"visibility: hidden;\" >\n\t\t\t\t\t\t<img loading=\"lazy\" decoding=\"async\" width=\"1000\" height=\"368\" src=\"https:\/\/braley-france.com\/wp-content\/uploads\/2015\/04\/centre-de-tri-4.jpg\" class=\"sow-slider-background-image\" alt=\"\" style=\"\" srcset=\"https:\/\/braley-france.com\/wp-content\/uploads\/2015\/04\/centre-de-tri-4.jpg 1000w, https:\/\/braley-france.com\/wp-content\/uploads\/2015\/04\/centre-de-tri-4-600x221.jpg 600w, https:\/\/braley-france.com\/wp-content\/uploads\/2015\/04\/centre-de-tri-4-300x110.jpg 300w, https:\/\/braley-france.com\/wp-content\/uploads\/2015\/04\/centre-de-tri-4-768x283.jpg 768w\" sizes=\"auto, (max-width: 1000px) 100vw, 1000px\" \/>\t\t<\/li>\n\t\t\t\t<li class=\"sow-slider-image\" style=\"visibility: hidden;\" >\n\t\t\t\t\t\t<img loading=\"lazy\" decoding=\"async\" width=\"1000\" height=\"368\" src=\"https:\/\/braley-france.com\/wp-content\/uploads\/2015\/04\/centre-de-tri-3.jpg\" class=\"sow-slider-background-image\" alt=\"\" style=\"\" srcset=\"https:\/\/braley-france.com\/wp-content\/uploads\/2015\/04\/centre-de-tri-3.jpg 1000w, https:\/\/braley-france.com\/wp-content\/uploads\/2015\/04\/centre-de-tri-3-600x221.jpg 600w, https:\/\/braley-france.com\/wp-content\/uploads\/2015\/04\/centre-de-tri-3-300x110.jpg 300w, https:\/\/braley-france.com\/wp-content\/uploads\/2015\/04\/centre-de-tri-3-768x283.jpg 768w\" sizes=\"auto, (max-width: 1000px) 100vw, 1000px\" \/>\t\t<\/li>\n\t\t\t\t<li class=\"sow-slider-image\" style=\"visibility: hidden;\" >\n\t\t\t\t\t\t<img loading=\"lazy\" decoding=\"async\" width=\"1000\" height=\"368\" src=\"https:\/\/braley-france.com\/wp-content\/uploads\/2015\/04\/centre-de-tri-2.jpg\" class=\"sow-slider-background-image\" alt=\"\" style=\"\" srcset=\"https:\/\/braley-france.com\/wp-content\/uploads\/2015\/04\/centre-de-tri-2.jpg 1000w, https:\/\/braley-france.com\/wp-content\/uploads\/2015\/04\/centre-de-tri-2-600x221.jpg 600w, https:\/\/braley-france.com\/wp-content\/uploads\/2015\/04\/centre-de-tri-2-300x110.jpg 300w, https:\/\/braley-france.com\/wp-content\/uploads\/2015\/04\/centre-de-tri-2-768x283.jpg 768w\" sizes=\"auto, (max-width: 1000px) 100vw, 1000px\" \/>\t\t<\/li>\n\t\t\t\t<li class=\"sow-slider-image\" style=\"visibility: hidden;\" >\n\t\t\t\t\t\t<img loading=\"lazy\" decoding=\"async\" width=\"1000\" height=\"368\" src=\"https:\/\/braley-france.com\/wp-content\/uploads\/2015\/04\/centre-de-tri.jpg\" class=\"sow-slider-background-image\" alt=\"\" style=\"\" srcset=\"https:\/\/braley-france.com\/wp-content\/uploads\/2015\/04\/centre-de-tri.jpg 1000w, https:\/\/braley-france.com\/wp-content\/uploads\/2015\/04\/centre-de-tri-600x221.jpg 600w, https:\/\/braley-france.com\/wp-content\/uploads\/2015\/04\/centre-de-tri-300x110.jpg 300w, https:\/\/braley-france.com\/wp-content\/uploads\/2015\/04\/centre-de-tri-768x283.jpg 768w\" sizes=\"auto, (max-width: 1000px) 100vw, 1000px\" \/>\t\t<\/li>\n\t\t<\/ul>\t\t\t\t<ol class=\"sow-slider-pagination\">\n\t\t\t\t\t\t\t\t\t\t\t<li><a href=\"#\" data-goto=\"0\" aria-label=\"Display slide 1\"><\/a><\/li>\n\t\t\t\t\t\t\t\t\t\t\t<li><a href=\"#\" data-goto=\"1\" aria-label=\"Display slide 2\"><\/a><\/li>\n\t\t\t\t\t\t\t\t\t\t\t<li><a href=\"#\" data-goto=\"2\" aria-label=\"Display slide 3\"><\/a><\/li>\n\t\t\t\t\t\t\t\t\t\t\t<li><a href=\"#\" data-goto=\"3\" aria-label=\"Display slide 4\"><\/a><\/li>\n\t\t\t\t\t\t\t\t\t\t\t<li><a href=\"#\" data-goto=\"4\" aria-label=\"Display slide 5\"><\/a><\/li>\n\t\t\t\t\t\t\t\t\t\t\t<li><a href=\"#\" data-goto=\"5\" aria-label=\"Display slide 6\"><\/a><\/li>\n\t\t\t\t\t\t\t\t\t\t\t<li><a href=\"#\" data-goto=\"6\" aria-label=\"Display slide 7\"><\/a><\/li>\n\t\t\t\t\t\t\t\t\t<\/ol>\n\n\t\t\t\t<div class=\"sow-slide-nav sow-slide-nav-next\">\n\t\t\t\t\t<a href=\"#\" data-goto=\"next\" aria-label=\"Next slide\" data-action=\"next\">\n\t\t\t\t\t\t<em class=\"sow-sld-icon-thin-right\"><\/em>\n\t\t\t\t\t<\/a>\n\t\t\t\t<\/div>\n\n\t\t\t\t<div class=\"sow-slide-nav sow-slide-nav-prev\">\n\t\t\t\t\t<a href=\"#\" data-goto=\"previous\" aria-label=\"Previous slide\" data-action=\"prev\">\n\t\t\t\t\t\t<em class=\"sow-sld-icon-thin-left\"><\/em>\n\t\t\t\t\t<\/a>\n\t\t\t\t<\/div>\n\t\t\t\t<\/div><\/div><\/div><\/div><\/div><div id=\"pg-101-1\"  class=\"panel-grid panel-no-style\" ><div id=\"pgc-101-1-0\"  class=\"panel-grid-cell\" ><div id=\"panel-101-1-0-0\" class=\"so-panel widget widget_black-studio-tinymce widget_black_studio_tinymce panel-first-child panel-last-child\" data-index=\"1\" ><div class=\"textwidget\"><p>En 2005, l\u2019entreprise Braley a ouvert son centre de tri, situ\u00e9 \u00e0 Bozouls, sur un site de 17 hectares, le b\u00e2timent de 6200m\u00b2 accueille de la collecte s\u00e9lective ainsi que des d\u00e9chets industriels et encombrants.<\/p>\n<\/div><\/div><\/div><\/div><div id=\"pg-101-2\"  class=\"panel-grid panel-no-style\" ><div id=\"pgc-101-2-0\"  class=\"panel-grid-cell\" ><div id=\"panel-101-2-0-0\" class=\"so-panel widget widget_black-studio-tinymce widget_black_studio_tinymce panel-first-child panel-last-child\" data-index=\"2\" ><div class=\"textwidget\"><h3>Tri de D\u00e9chets Industriels Banals (DIB) et encombrants<\/h3>\n<p>L\u2019\u00e9tablissement Braley traite environ 1500 tonnes par mois de DIB (d\u00e9chets en m\u00e9lange issus des entreprises) et d\u2019encombrants (issus des d\u00e9chetteries des collectivit\u00e9s locales).<\/p>\n<p><strong>Le centre de tri accepte aussi les mati\u00e8res pr\u00e9alablement tri\u00e9es par les entreprises :<br \/> <\/strong><\/p>\n<ul>\n<li>cartons<\/li>\n<li>papiers<\/li>\n<li>films plastique<\/li>\n<li>...<\/li>\n<\/ul>\n<\/div><\/div><\/div><div id=\"pgc-101-2-1\"  class=\"panel-grid-cell\" ><div id=\"panel-101-2-1-0\" class=\"so-panel widget widget_black-studio-tinymce widget_black_studio_tinymce panel-first-child panel-last-child\" data-index=\"3\" ><div class=\"textwidget\"><h3>Tri de collecte s\u00e9lective<\/h3>\n<p><strong>Le centre de tri traite les produits issus des sacs jaunes et des points d\u2019apport volontaire.<\/strong><\/p>\n<p>L\u2019\u00e9tablissement Braley re\u00e7oit en moyenne 180 tonnes de collecte s\u00e9lective par mois. Les agents trient 6 tonnes \u00e0 l\u2019heure. La cha\u00eene de tri a une capacit\u00e9 annuelle de 12 000 tonnes.<\/p>\n<p>\u00a0<\/p>\n<\/div><\/div><\/div><div id=\"pgc-101-2-2\"  class=\"panel-grid-cell\" ><div id=\"panel-101-2-2-0\" class=\"so-panel widget widget_black-studio-tinymce widget_black_studio_tinymce panel-first-child panel-last-child\" data-index=\"4\" ><div class=\"textwidget\"><h3>Centre de transit de d\u00e9chets dangereux<\/h3>\n<p><strong>L\u2019entreprise Braley est habilit\u00e9e \u00e0 prendre en charge sur son site de Bozouls les d\u00e9chets class\u00e9s dangereux<\/strong> :<\/p>\n<ul>\n<li>n\u00e9ons<\/li>\n<li>lampes<\/li>\n<li>batteries<\/li>\n<li>pots de peintures<\/li>\n<li>a\u00e9rosols<\/li>\n<li>produits phytosanitaires<\/li>\n<li>\u2026<\/li>\n<\/ul>\n<p>Ils sont regroup\u00e9s et stock\u00e9s sur 140 m\u00b2 puis transport\u00e9s pour \u00eatre trait\u00e9s en fili\u00e8re agr\u00e9e.<\/p>\n<p>\u00a0<\/p>\n<\/div><\/div><\/div><\/div><div id=\"pg-101-3\"  class=\"panel-grid panel-no-style\" ><div id=\"pgc-101-3-0\"  class=\"panel-grid-cell\" ><div id=\"panel-101-3-0-0\" class=\"so-panel widget widget_black-studio-tinymce widget_black_studio_tinymce panel-first-child panel-last-child\" data-index=\"5\" ><div class=\"textwidget\"><h2>DESCRIPTIF DE LA CHAINE<\/h2>\n<\/div><\/div><\/div><\/div><div id=\"pg-101-4\"  class=\"panel-grid panel-no-style\" ><div id=\"pgc-101-4-0\"  class=\"panel-grid-cell\" ><div id=\"panel-101-4-0-0\" class=\"so-panel widget widget_sow-image panel-first-child\" data-index=\"6\" ><div\n\t\t\t\n\t\t\tclass=\"so-widget-sow-image so-widget-sow-image-default-8b5b6f678277-101\"\n\t\t\t\n\t\t>\n<div class=\"sow-image-container\">\n\t\t<img \n\tsrc=\"https:\/\/braley-france.com\/wp-content\/uploads\/2015\/04\/etape1.jpg\" width=\"222\" height=\"172\" sizes=\"(max-width: 222px) 100vw, 222px\" title=\"Chargement de l\u2019ouvreuse de sac. Arriv\u00e9e des d\u00e9chets sur un convoyeur.\" alt=\"\" \t\tclass=\"so-widget-image\"\/>\n\t<\/div>\n\n<\/div><\/div><div id=\"panel-101-4-0-1\" class=\"so-panel widget widget_black-studio-tinymce widget_black_studio_tinymce panel-last-child\" data-index=\"7\" ><div class=\"textwidget\"><p>Chargement de l\u2019ouvreuse de sac. Arriv\u00e9e des d\u00e9chets sur un convoyeur.<\/p>\n<\/div><\/div><\/div><div id=\"pgc-101-4-1\"  class=\"panel-grid-cell\" ><div id=\"panel-101-4-1-0\" class=\"so-panel widget widget_sow-image panel-first-child\" data-index=\"8\" ><div\n\t\t\t\n\t\t\tclass=\"so-widget-sow-image so-widget-sow-image-default-8b5b6f678277-101\"\n\t\t\t\n\t\t>\n<div class=\"sow-image-container\">\n\t\t<img \n\tsrc=\"https:\/\/braley-france.com\/wp-content\/uploads\/2015\/04\/etape2.jpg\" width=\"222\" height=\"172\" sizes=\"(max-width: 222px) 100vw, 222px\" title=\"Chargement de l\u2019ouvreuse de sac. Arriv\u00e9e des d\u00e9chets sur un convoyeur.\" alt=\"\" \t\tclass=\"so-widget-image\"\/>\n\t<\/div>\n\n<\/div><\/div><div id=\"panel-101-4-1-1\" class=\"so-panel widget widget_black-studio-tinymce widget_black_studio_tinymce panel-last-child\" data-index=\"9\" ><div class=\"textwidget\"><p>Passage dans un trommel (2.5 x 6 m) qui r\u00e9gule le flux et permet l\u2019\u00e9limination des fines.<\/p>\n<\/div><\/div><\/div><div id=\"pgc-101-4-2\"  class=\"panel-grid-cell\" ><div id=\"panel-101-4-2-0\" class=\"so-panel widget widget_sow-image panel-first-child\" data-index=\"10\" ><div\n\t\t\t\n\t\t\tclass=\"so-widget-sow-image so-widget-sow-image-default-8b5b6f678277-101\"\n\t\t\t\n\t\t>\n<div class=\"sow-image-container\">\n\t\t<img \n\tsrc=\"https:\/\/braley-france.com\/wp-content\/uploads\/2015\/04\/etape3.jpg\" width=\"222\" height=\"172\" sizes=\"(max-width: 222px) 100vw, 222px\" title=\"Chargement de l\u2019ouvreuse de sac. Arriv\u00e9e des d\u00e9chets sur un convoyeur.\" alt=\"\" \t\tclass=\"so-widget-image\"\/>\n\t<\/div>\n\n<\/div><\/div><div id=\"panel-101-4-2-1\" class=\"so-panel widget widget_black-studio-tinymce widget_black_studio_tinymce panel-last-child\" data-index=\"11\" ><div class=\"textwidget\"><p>1\u00e8re cabine de tri : pr\u00e9-tri des d\u00e9chets, \u00e9limination des d\u00e9chets les plus volumineux (cartons) et des refus.<\/p>\n<\/div><\/div><\/div><div id=\"pgc-101-4-3\"  class=\"panel-grid-cell\" ><div id=\"panel-101-4-3-0\" class=\"so-panel widget widget_sow-image panel-first-child\" data-index=\"12\" ><div\n\t\t\t\n\t\t\tclass=\"so-widget-sow-image so-widget-sow-image-default-8b5b6f678277-101\"\n\t\t\t\n\t\t>\n<div class=\"sow-image-container\">\n\t\t<img \n\tsrc=\"https:\/\/braley-france.com\/wp-content\/uploads\/2015\/04\/etape4.jpg\" width=\"222\" height=\"172\" sizes=\"(max-width: 222px) 100vw, 222px\" title=\"Chargement de l\u2019ouvreuse de sac. Arriv\u00e9e des d\u00e9chets sur un convoyeur.\" alt=\"\" \t\tclass=\"so-widget-image\"\/>\n\t<\/div>\n\n<\/div><\/div><div id=\"panel-101-4-3-1\" class=\"so-panel widget widget_black-studio-tinymce widget_black_studio_tinymce panel-last-child\" data-index=\"13\" ><div class=\"textwidget\"><p>Les d\u00e9chets restant passent par un crible \u00e0 disque s\u00e9parant les corps creux (bouteilles, flacons) et les corps plats (papiers, plastiques). Les cabines sont \u00e9quip\u00e9es de joues inox et d\u2019une plinthe bois au niveau de la zone d\u2019appui des trieurs. Possibilit\u00e9 d\u2019effectuer du tri positif ou n\u00e9gatif en bout de chaque tapis.<\/p>\n<\/div><\/div><\/div><div id=\"pgc-101-4-4\"  class=\"panel-grid-cell\" ><div id=\"panel-101-4-4-0\" class=\"so-panel widget widget_sow-image panel-first-child\" data-index=\"14\" ><div\n\t\t\t\n\t\t\tclass=\"so-widget-sow-image so-widget-sow-image-default-8b5b6f678277-101\"\n\t\t\t\n\t\t>\n<div class=\"sow-image-container\">\n\t\t<img \n\tsrc=\"https:\/\/braley-france.com\/wp-content\/uploads\/2015\/04\/etape5.jpg\" width=\"222\" height=\"172\" sizes=\"(max-width: 222px) 100vw, 222px\" title=\"Chargement de l\u2019ouvreuse de sac. Arriv\u00e9e des d\u00e9chets sur un convoyeur.\" alt=\"\" \t\tclass=\"so-widget-image\"\/>\n\t<\/div>\n\n<\/div><\/div><div id=\"panel-101-4-4-1\" class=\"so-panel widget widget_black-studio-tinymce widget_black_studio_tinymce panel-last-child\" data-index=\"15\" ><div class=\"textwidget\"><p>En bout de ligne, un convoyeur, centraliseur de 35 m horizontal, achemine les d\u00e9chets tri\u00e9s par un volet by-pass vers la presse \u00e0 balles (150 tonnes \/ m2) ou une semi-remorque.<\/p>\n<\/div><\/div><\/div><\/div><\/div>","protected":false},"excerpt":{"rendered":"<p>En 2005, l\u2019entreprise Braley a ouvert son centre de tri, situ\u00e9 \u00e0 Bozouls, sur un site de 17 hectares, le b\u00e2timent de 6200m\u00b2 accueille de la collecte s\u00e9lective ainsi que des d\u00e9chets industriels et encombrants.<\/p>\n","protected":false},"author":1,"featured_media":671,"parent":76,"menu_order":0,"comment_status":"closed","ping_status":"open","template":"","meta":{"_acf_changed":false,"footnotes":""},"class_list":["post-101","page","type-page","status-publish","has-post-thumbnail","hentry"],"acf":[],"yoast_head":"<!-- This site is optimized with the Yoast SEO plugin v27.2 - https:\/\/yoast.com\/product\/yoast-seo-wordpress\/ -->\n<title>Centre de tri - Braley France<\/title>\n<meta name=\"robots\" content=\"index, follow, max-snippet:-1, max-image-preview:large, max-video-preview:-1\" \/>\n<link rel=\"canonical\" href=\"https:\/\/braley-france.com\/index.php\/traitement-des-dechets\/centre-de-tri\/\" \/>\n<meta property=\"og:locale\" content=\"fr_FR\" \/>\n<meta property=\"og:type\" content=\"article\" \/>\n<meta property=\"og:title\" content=\"Centre de tri - Braley France\" \/>\n<meta property=\"og:description\" content=\"En 2005, l\u2019entreprise Braley a ouvert son centre de tri, situ\u00e9 \u00e0 Bozouls, sur un site de 17 hectares, le b\u00e2timent de 6200m\u00b2 accueille de la collecte s\u00e9lective ainsi que des d\u00e9chets industriels et encombrants.\" \/>\n<meta property=\"og:url\" content=\"https:\/\/braley-france.com\/index.php\/traitement-des-dechets\/centre-de-tri\/\" \/>\n<meta property=\"og:site_name\" content=\"Braley France\" \/>\n<meta property=\"article:modified_time\" content=\"2016-11-08T15:43:17+00:00\" \/>\n<meta property=\"og:image\" content=\"https:\/\/braley-france.com\/wp-content\/uploads\/2015\/04\/centre-de-tri-7.jpg\" \/>\n\t<meta property=\"og:image:width\" content=\"1000\" \/>\n\t<meta property=\"og:image:height\" content=\"368\" \/>\n\t<meta property=\"og:image:type\" content=\"image\/jpeg\" \/>\n<meta name=\"twitter:card\" content=\"summary_large_image\" \/>\n<meta name=\"twitter:label1\" content=\"Dur\u00e9e de lecture estim\u00e9e\" \/>\n\t<meta name=\"twitter:data1\" content=\"2 minutes\" \/>\n<script type=\"application\/ld+json\" class=\"yoast-schema-graph\">{\"@context\":\"https:\/\/schema.org\",\"@graph\":[{\"@type\":\"WebPage\",\"@id\":\"https:\/\/braley-france.com\/index.php\/traitement-des-dechets\/centre-de-tri\/\",\"url\":\"https:\/\/braley-france.com\/index.php\/traitement-des-dechets\/centre-de-tri\/\",\"name\":\"Centre de tri - Braley France\",\"isPartOf\":{\"@id\":\"https:\/\/braley-france.com\/#website\"},\"primaryImageOfPage\":{\"@id\":\"https:\/\/braley-france.com\/index.php\/traitement-des-dechets\/centre-de-tri\/#primaryimage\"},\"image\":{\"@id\":\"https:\/\/braley-france.com\/index.php\/traitement-des-dechets\/centre-de-tri\/#primaryimage\"},\"thumbnailUrl\":\"https:\/\/braley-france.com\/wp-content\/uploads\/2015\/04\/centre-de-tri-7.jpg\",\"datePublished\":\"2015-04-23T12:39:15+00:00\",\"dateModified\":\"2016-11-08T15:43:17+00:00\",\"breadcrumb\":{\"@id\":\"https:\/\/braley-france.com\/index.php\/traitement-des-dechets\/centre-de-tri\/#breadcrumb\"},\"inLanguage\":\"fr-FR\",\"potentialAction\":[{\"@type\":\"ReadAction\",\"target\":[\"https:\/\/braley-france.com\/index.php\/traitement-des-dechets\/centre-de-tri\/\"]}]},{\"@type\":\"ImageObject\",\"inLanguage\":\"fr-FR\",\"@id\":\"https:\/\/braley-france.com\/index.php\/traitement-des-dechets\/centre-de-tri\/#primaryimage\",\"url\":\"https:\/\/braley-france.com\/wp-content\/uploads\/2015\/04\/centre-de-tri-7.jpg\",\"contentUrl\":\"https:\/\/braley-france.com\/wp-content\/uploads\/2015\/04\/centre-de-tri-7.jpg\",\"width\":1000,\"height\":368},{\"@type\":\"BreadcrumbList\",\"@id\":\"https:\/\/braley-france.com\/index.php\/traitement-des-dechets\/centre-de-tri\/#breadcrumb\",\"itemListElement\":[{\"@type\":\"ListItem\",\"position\":1,\"name\":\"Accueil\",\"item\":\"https:\/\/braley-france.com\/\"},{\"@type\":\"ListItem\",\"position\":2,\"name\":\"Traitement des d\u00e9chets\",\"item\":\"https:\/\/braley-france.com\/index.php\/traitement-des-dechets\/\"},{\"@type\":\"ListItem\",\"position\":3,\"name\":\"Centre de tri\"}]},{\"@type\":\"WebSite\",\"@id\":\"https:\/\/braley-france.com\/#website\",\"url\":\"https:\/\/braley-france.com\/\",\"name\":\"Braley France\",\"description\":\"Environnement - Energies\",\"potentialAction\":[{\"@type\":\"SearchAction\",\"target\":{\"@type\":\"EntryPoint\",\"urlTemplate\":\"https:\/\/braley-france.com\/?s={search_term_string}\"},\"query-input\":{\"@type\":\"PropertyValueSpecification\",\"valueRequired\":true,\"valueName\":\"search_term_string\"}}],\"inLanguage\":\"fr-FR\"}]}<\/script>\n<!-- \/ Yoast SEO plugin. -->","yoast_head_json":{"title":"Centre de tri - Braley France","robots":{"index":"index","follow":"follow","max-snippet":"max-snippet:-1","max-image-preview":"max-image-preview:large","max-video-preview":"max-video-preview:-1"},"canonical":"https:\/\/braley-france.com\/index.php\/traitement-des-dechets\/centre-de-tri\/","og_locale":"fr_FR","og_type":"article","og_title":"Centre de tri - Braley France","og_description":"En 2005, l\u2019entreprise Braley a ouvert son centre de tri, situ\u00e9 \u00e0 Bozouls, sur un site de 17 hectares, le b\u00e2timent de 6200m\u00b2 accueille de la collecte s\u00e9lective ainsi que des d\u00e9chets industriels et encombrants.","og_url":"https:\/\/braley-france.com\/index.php\/traitement-des-dechets\/centre-de-tri\/","og_site_name":"Braley France","article_modified_time":"2016-11-08T15:43:17+00:00","og_image":[{"width":1000,"height":368,"url":"https:\/\/braley-france.com\/wp-content\/uploads\/2015\/04\/centre-de-tri-7.jpg","type":"image\/jpeg"}],"twitter_card":"summary_large_image","twitter_misc":{"Dur\u00e9e de lecture estim\u00e9e":"2 minutes"},"schema":{"@context":"https:\/\/schema.org","@graph":[{"@type":"WebPage","@id":"https:\/\/braley-france.com\/index.php\/traitement-des-dechets\/centre-de-tri\/","url":"https:\/\/braley-france.com\/index.php\/traitement-des-dechets\/centre-de-tri\/","name":"Centre de tri - Braley France","isPartOf":{"@id":"https:\/\/braley-france.com\/#website"},"primaryImageOfPage":{"@id":"https:\/\/braley-france.com\/index.php\/traitement-des-dechets\/centre-de-tri\/#primaryimage"},"image":{"@id":"https:\/\/braley-france.com\/index.php\/traitement-des-dechets\/centre-de-tri\/#primaryimage"},"thumbnailUrl":"https:\/\/braley-france.com\/wp-content\/uploads\/2015\/04\/centre-de-tri-7.jpg","datePublished":"2015-04-23T12:39:15+00:00","dateModified":"2016-11-08T15:43:17+00:00","breadcrumb":{"@id":"https:\/\/braley-france.com\/index.php\/traitement-des-dechets\/centre-de-tri\/#breadcrumb"},"inLanguage":"fr-FR","potentialAction":[{"@type":"ReadAction","target":["https:\/\/braley-france.com\/index.php\/traitement-des-dechets\/centre-de-tri\/"]}]},{"@type":"ImageObject","inLanguage":"fr-FR","@id":"https:\/\/braley-france.com\/index.php\/traitement-des-dechets\/centre-de-tri\/#primaryimage","url":"https:\/\/braley-france.com\/wp-content\/uploads\/2015\/04\/centre-de-tri-7.jpg","contentUrl":"https:\/\/braley-france.com\/wp-content\/uploads\/2015\/04\/centre-de-tri-7.jpg","width":1000,"height":368},{"@type":"BreadcrumbList","@id":"https:\/\/braley-france.com\/index.php\/traitement-des-dechets\/centre-de-tri\/#breadcrumb","itemListElement":[{"@type":"ListItem","position":1,"name":"Accueil","item":"https:\/\/braley-france.com\/"},{"@type":"ListItem","position":2,"name":"Traitement des d\u00e9chets","item":"https:\/\/braley-france.com\/index.php\/traitement-des-dechets\/"},{"@type":"ListItem","position":3,"name":"Centre de tri"}]},{"@type":"WebSite","@id":"https:\/\/braley-france.com\/#website","url":"https:\/\/braley-france.com\/","name":"Braley France","description":"Environnement - Energies","potentialAction":[{"@type":"SearchAction","target":{"@type":"EntryPoint","urlTemplate":"https:\/\/braley-france.com\/?s={search_term_string}"},"query-input":{"@type":"PropertyValueSpecification","valueRequired":true,"valueName":"search_term_string"}}],"inLanguage":"fr-FR"}]}},"_links":{"self":[{"href":"https:\/\/braley-france.com\/index.php\/wp-json\/wp\/v2\/pages\/101","targetHints":{"allow":["GET"]}}],"collection":[{"href":"https:\/\/braley-france.com\/index.php\/wp-json\/wp\/v2\/pages"}],"about":[{"href":"https:\/\/braley-france.com\/index.php\/wp-json\/wp\/v2\/types\/page"}],"author":[{"embeddable":true,"href":"https:\/\/braley-france.com\/index.php\/wp-json\/wp\/v2\/users\/1"}],"replies":[{"embeddable":true,"href":"https:\/\/braley-france.com\/index.php\/wp-json\/wp\/v2\/comments?post=101"}],"version-history":[{"count":22,"href":"https:\/\/braley-france.com\/index.php\/wp-json\/wp\/v2\/pages\/101\/revisions"}],"predecessor-version":[{"id":770,"href":"https:\/\/braley-france.com\/index.php\/wp-json\/wp\/v2\/pages\/101\/revisions\/770"}],"up":[{"embeddable":true,"href":"https:\/\/braley-france.com\/index.php\/wp-json\/wp\/v2\/pages\/76"}],"wp:featuredmedia":[{"embeddable":true,"href":"https:\/\/braley-france.com\/index.php\/wp-json\/wp\/v2\/media\/671"}],"wp:attachment":[{"href":"https:\/\/braley-france.com\/index.php\/wp-json\/wp\/v2\/media?parent=101"}],"curies":[{"name":"wp","href":"https:\/\/api.w.org\/{rel}","templated":true}]}}